{"id":1171,"date":"2021-03-19T07:33:09","date_gmt":"2021-03-19T07:33:09","guid":{"rendered":"https:\/\/profitstore.pl\/index.php\/produkt\/import-placeholder-for-1404\/"},"modified":"2021-03-19T07:33:15","modified_gmt":"2021-03-19T07:33:15","slug":"krzeslo-drewniane-bruce","status":"publish","type":"product","link":"https:\/\/profitstore.pl\/index.php\/produkt\/krzeslo-drewniane-bruce\/","title":{"rendered":"Krzes\u0142o drewniane BRUCE"},"content":{"rendered":"<p><strong>BRUCE\u00a0<\/strong>pi\u0119kne krzes\u0142o wykonane z drewna litego w kolorze olchy z\u0142otej<\/p>\n<p><span id=\"ctl00_ContentPlaceHolder1_Label4_\" class=\"tile-s-tekst-opis\" style=\"padding-right: 5px; font-variant-numeric: normal; font-variant-east-asian: normal; font-stretch: normal; font-size: 17.3333px; line-height: normal; font-family: 'Segoe UI';\">Opis produktu:<\/span><br style=\"color: #be0024; font-family: 'Segoe UI'; font-size: 17.3333px;\" \/><span id=\"ctl00_ContentPlaceHolder1_txtOpis\" style=\"color: #be0024; font-family: 'Segoe UI'; font-size: 11pt;\">wymiary: 43\/47\/88 cm, <\/span><\/p>\n<p><span id=\"ctl00_ContentPlaceHolder1_txtOpis\" style=\"color: #be0024; font-family: 'Segoe UI'; font-size: 11pt;\">materia\u0142: drewno lite, <\/span><\/p>\n<p><span id=\"ctl00_ContentPlaceHolder1_txtOpis\" style=\"color: #be0024; font-family: 'Segoe UI'; font-size: 11pt;\">kolor: olcha z\u0142ota<\/span><\/p>\n<p><img src=\"https:\/\/zamowienia.halmar.pl\/Upload\/d41d8cd98f00b204e9800998ecf8427e\/580f8e0e426bdb1eb113e5a2ea368b54.jpeg?131843606122217388\" alt=\"\" \/><\/p>\n","protected":false},"excerpt":{"rendered":"<p>BRUCE\u00a0pi\u0119kne krzes\u0142o wykonane z drewna litego w kolorze olchy z\u0142otej Opis produktu:wymiary: 43\/47\/88 cm, materia\u0142: drewno lite, kolor: olcha z\u0142ota<\/p>\n","protected":false},"featured_media":0,"template":"","meta":[],"_links":{"self":[{"href":"https:\/\/profitstore.pl\/index.php\/wp-json\/wp\/v2\/product\/1171"}],"collection":[{"href":"https:\/\/profitstore.pl\/index.php\/wp-json\/wp\/v2\/product"}],"about":[{"href":"https:\/\/profitstore.pl\/index.php\/wp-json\/wp\/v2\/types\/product"}],"wp:attachment":[{"href":"https:\/\/profitstore.pl\/index.php\/wp-json\/wp\/v2\/media?parent=1171"}],"curies":[{"name":"wp","href":"https:\/\/api.w.org\/{rel}","templated":true}]}}