{"id":116696,"date":"2026-03-30T16:00:22","date_gmt":"2026-03-30T16:00:22","guid":{"rendered":"https:\/\/profitstore.pl\/index.php\/produkt\/krem-ochronny-molicare-skin-2\/"},"modified":"2026-03-30T16:00:22","modified_gmt":"2026-03-30T16:00:22","slug":"krem-ochronny-molicare-skin-2","status":"publish","type":"product","link":"https:\/\/profitstore.pl\/index.php\/produkt\/krem-ochronny-molicare-skin-2\/","title":{"rendered":"Krem ochronny MoliCare Skin"},"content":{"rendered":"","protected":false},"excerpt":{"rendered":"<p>Krem ochronny MoliCare Skin szczeg\u00f3lnie polecany jest w celu zapewnienia kompleksowej piel\u0119gnacji i ochrony sk\u00f3ry przed powstaniem podra\u017cnie\u0144 i stan\u00f3w zapalnych sk\u00f3ry wywo\u0142anych kontaktem z moczem i\/lub ka\u0142em.<\/p>\n","protected":false},"featured_media":111711,"template":"","meta":[],"_links":{"self":[{"href":"https:\/\/profitstore.pl\/index.php\/wp-json\/wp\/v2\/product\/116696"}],"collection":[{"href":"https:\/\/profitstore.pl\/index.php\/wp-json\/wp\/v2\/product"}],"about":[{"href":"https:\/\/profitstore.pl\/index.php\/wp-json\/wp\/v2\/types\/product"}],"wp:featuredmedia":[{"embeddable":true,"href":"https:\/\/profitstore.pl\/index.php\/wp-json\/wp\/v2\/media\/111711"}],"wp:attachment":[{"href":"https:\/\/profitstore.pl\/index.php\/wp-json\/wp\/v2\/media?parent=116696"}],"curies":[{"name":"wp","href":"https:\/\/api.w.org\/{rel}","templated":true}]}}