{"id":116695,"date":"2026-02-09T17:01:10","date_gmt":"2026-02-09T17:01:10","guid":{"rendered":"https:\/\/profitstore.pl\/index.php\/produkt\/oliwka-ochronna-molicare-skin-w-sprayu-2\/"},"modified":"2026-02-09T17:01:11","modified_gmt":"2026-02-09T17:01:11","slug":"oliwka-ochronna-molicare-skin-w-sprayu-2","status":"publish","type":"product","link":"https:\/\/profitstore.pl\/index.php\/produkt\/oliwka-ochronna-molicare-skin-w-sprayu-2\/","title":{"rendered":"Oliwka ochronna MoliCare Skin w spray&#8217;u"},"content":{"rendered":"","protected":false},"excerpt":{"rendered":"<p>Oliwka ochronna\u00a0MoliCare Skinw spray&#8217;u\u00a0\u00a0szczeg\u00f3lnie zalecana jest\u00a0\u00a0do piel\u0119gnacji i ochrony przed\u00a0\u00a0odwodnieniem bardzo suchej, cienkiej sk\u00f3ry. Zawiera\u00a0penthenol, kt\u00f3ry wyr\u00f3wnuje straty wody i \u0142agodzi wszelkie podra\u017cnienia oraz\u00a0olej migda\u0142owy, kt\u00f3ry od\u017cywia sk\u00f3r\u0119 i zapewnia jej elastyczno\u015b\u0107.<\/p>\n<p>Pojemno\u015b\u0107 200 ml.<\/p>\n","protected":false},"featured_media":111701,"template":"","meta":[],"_links":{"self":[{"href":"https:\/\/profitstore.pl\/index.php\/wp-json\/wp\/v2\/product\/116695"}],"collection":[{"href":"https:\/\/profitstore.pl\/index.php\/wp-json\/wp\/v2\/product"}],"about":[{"href":"https:\/\/profitstore.pl\/index.php\/wp-json\/wp\/v2\/types\/product"}],"wp:featuredmedia":[{"embeddable":true,"href":"https:\/\/profitstore.pl\/index.php\/wp-json\/wp\/v2\/media\/111701"}],"wp:attachment":[{"href":"https:\/\/profitstore.pl\/index.php\/wp-json\/wp\/v2\/media?parent=116695"}],"curies":[{"name":"wp","href":"https:\/\/api.w.org\/{rel}","templated":true}]}}