{"id":116644,"date":"2024-10-14T18:19:47","date_gmt":"2024-10-14T18:19:47","guid":{"rendered":"https:\/\/profitstore.pl\/index.php\/produkt\/alkomat-alcodigital-myguard-kalibracja-12-miesiecy-bez-limitu-50-ustnikow\/"},"modified":"2024-10-14T18:20:09","modified_gmt":"2024-10-14T18:20:09","slug":"alkomat-alcodigital-myguard-kalibracja-12-miesiecy-bez-limitu-50-ustnikow","status":"publish","type":"product","link":"https:\/\/profitstore.pl\/index.php\/produkt\/alkomat-alcodigital-myguard-kalibracja-12-miesiecy-bez-limitu-50-ustnikow\/","title":{"rendered":"Alkomat AlcoDigital MyGuard Kalibracja 12 miesi\u0119cy bez limitu 50 ustnik\u00f3w"},"content":{"rendered":"<p>Najnowszy model 2024 alkomatu polskiej marki AlcoDigital. Kompaktowy i bardzo dok\u0142adny alkomat z pewno\u015bci\u0105 pos\u0142u\u017cy wymagaj\u0105cym klientom do samokontroli. Konstrukcja jest nowa ale wypr\u00f3bowana i sprawdzona. Wyposa\u017cony jest w sensor elektrochemiczny o wysokiej niezawodno\u015bci i \u017cywotno\u015bci. Sercem alkomatu jest renomowany sensor elektrochemiczny. Posiada licznik pomiar\u00f3w oraz funkcj\u0119 przypomina o konieczno\u015bci kalibracji, bez blokady. Posiada w zestawie 3 sztuki ustnik\u00f3w z tworzywa sztucznego. Ustniki posiadaj\u0105 atest Polskiego Zak\u0142adu Higieny.Wykonana z trwa\u0142ego tworzywa sztucznego ABS. Dane techniczne Sensor elektrochemiczny Zakres pomiarowy 0,00-4,00\u2030 Dok\u0142adno\u015b\u0107 pomiaru: +\/- 0.075\u2030 w 1,0\u2030 w 25\u00b0C\u00a0 ;\u00a0 +\/- 0.050\u2030 w 0,5\u2030 w 25\u00b0C Alkomat posiada licznik pomiar\u00f3w Sygnalizacja d\u017awi\u0119kowa pocz\u0105tku pomiaru i ko\u0144ca pomiaru Wska\u017anik na\u0142adowania baterii Sygnalizacja uszkodzenia sensora Automatyczne wy\u0142\u0105czanie zasilania Przygotowanie do pomiaru ok. 15 sekund Czas poboru pr\u00f3bki ok. 3 sekundy Zasilanie poprzez 2 baterie alkaliczne typu AAA Certyfikat CE dopuszczaj\u0105cy do sprzeda\u017cy na terenie EU Wymiary 51 x 109 x 18 mm Waga 84g Zestaw zawiera Alkomat AlcoDigital MyGuard\u00a0 Futera\u0142 na alkomat Ustniki wielorazowe 3 szt.\u00a0 Instrukcja obs\u0142ugi w j. polskim Karta gwarancyjna Certyfikat kalibracji alkomatu wystawiony w dniu sprzeda\u017cy Ka\u017cdy alkomat jest skalibrowany w dniu sprzeda\u017cy i gotowy do u\u017cycia, co po\u015bwiadczamy Certyfikatem kalibracji dodawanym do ka\u017cdego alkomatu Kalibracja Gratis:\u00a0 Alkomat bierze udzia\u0142 w promocji dotycz\u0105cej darmowej us\u0142ugi kolejnej kalibracji w okresie gwarancyjnym 12 miesi\u0119cznym. W tym przypadku jest ona wykonywana bezp\u0142atnie w profesjonalnym laboratorium serwisowym w okresie gwarancyjnym alkomatu. Ka\u017cdy alkomat jest skalibrowany przed wysy\u0142k\u0105 do klienta i gotowy do u\u017cycia. Us\u0142ug\u0119 po\u015bwiadczamy Certyfikatem kalibracji dodawanym do ka\u017cdego alkomatu:<\/p>\n","protected":false},"excerpt":{"rendered":"<p>Najnowszy model 2024 alkomatu polskiej marki AlcoDigital. Kompaktowy i bardzo dok\u0142adny alkomat z pewno\u015bci\u0105 pos\u0142u\u017cy wymagaj\u0105cym klientom do samokontroli. Konstrukcja jest nowa ale wypr\u00f3bowana i sprawdzona. Wyposa\u017cony jest w sensor elektrochemiczny o wysokiej niezawodno\u015bci i \u017cywotno\u015bci. Sercem alkomatu jest renomowany sensor elektrochemiczny. Posiada licznik pomiar\u00f3w oraz funkcj\u0119 przypomina o konieczno\u015bci kalibracji, bez blokady. Posiada w [&hellip;]<\/p>\n","protected":false},"featured_media":116642,"template":"","meta":[],"_links":{"self":[{"href":"https:\/\/profitstore.pl\/index.php\/wp-json\/wp\/v2\/product\/116644"}],"collection":[{"href":"https:\/\/profitstore.pl\/index.php\/wp-json\/wp\/v2\/product"}],"about":[{"href":"https:\/\/profitstore.pl\/index.php\/wp-json\/wp\/v2\/types\/product"}],"wp:featuredmedia":[{"embeddable":true,"href":"https:\/\/profitstore.pl\/index.php\/wp-json\/wp\/v2\/media\/116642"}],"wp:attachment":[{"href":"https:\/\/profitstore.pl\/index.php\/wp-json\/wp\/v2\/media?parent=116644"}],"curies":[{"name":"wp","href":"https:\/\/api.w.org\/{rel}","templated":true}]}}