{"id":116627,"date":"2026-03-25T07:00:13","date_gmt":"2026-03-25T07:00:13","guid":{"rendered":"https:\/\/profitstore.pl\/index.php\/produkt\/kalibracja-alcofind-da-8100\/"},"modified":"2026-03-25T07:00:14","modified_gmt":"2026-03-25T07:00:14","slug":"kalibracja-alcofind-da-8100","status":"publish","type":"product","link":"https:\/\/profitstore.pl\/index.php\/produkt\/kalibracja-alcofind-da-8100\/","title":{"rendered":"Kalibracja AlcoFind DA-8100"},"content":{"rendered":"<p>Kalibracja alkomatu jest procesem niezb\u0119dnym aby alkomat funkcjonowa\u0142 niezawodnie, wskazywa\u0142 poprawne i dok\u0142adne wyniki. Prawid\u0142owej kalibracji alkomat\u00f3w powinno si\u0119 dokonywa\u0107 cyklicznie. Producenci zalecaj\u0105 zazwyczaj, w przypadku alkomat\u00f3w z sensorami elektrochemicznymi, kalibracj\u0119 alkomatu co 12 miesi\u0119cy lub co 500 pomiar\u00f3w, oraz sprawdzenie poprawno\u015bci wskaza\u0144 po 6 miesi\u0105cach u\u017cytkowania. Podczas ca\u0142ego procesu jest wprowadzany on w stan serwisowy, w kt\u00f3rym jest poddawany odpowiednim wzorcom alkoholu w wydychanym powietrzu oraz ustawiany w ten spos\u00f3b aby wskazywa\u0142 poprawne wyniki. Sensor elektrochemiczny znajduj\u0105cy si\u0119 w alkomacie ulega podczas u\u017cytkowania naturalnemu procesowi zu\u017cycia i nale\u017cy go co jaki\u015b czas ustawia\u0107 w taki spos\u00f3b, aby urz\u0105dzenie w niego wyposa\u017cone wskazywa\u0142o poprawne wyniki. W trybie podgl\u0105du jeste\u015bmy w stanie zbada\u0107 w spos\u00f3b bardzo precyzyjny i szczeg\u00f3\u0142owy, czy kalibracja alkomatu jest niezb\u0119dna, czy mo\u017ce jednak dany model jest ca\u0142kowicie sprawny. Jakim sprz\u0119tem dysponujemy do kalibracji alkomatu? Nasz serwis do kalibracji alkomat\u00f3w wykorzystuje ameryka\u0144skiej produkcji symulatory wydechu firmy Guth Laboratories Inc. Oraz ACS Alcosim. S\u0105 to specjalistyczni producenci tego typu sprz\u0119tu. Symulatory wydychanego powietrza potrafi\u0105 w spos\u00f3b precyzyjny symulowa\u0107 ludzki wydech z odpowiednio dobran\u0105 warto\u015bci\u0105 zawarto\u015bci alkoholu np. 0.2, 0.3, 0.5, 1.0 promila oraz z odpowiedni\u0105 moc\u0105 wydechu. Zastosowanie sprz\u0119tu najwy\u017cszej jako\u015bci przek\u0142ada si\u0119 na pewno\u015b\u0107, \u017ce serwis urz\u0105dzenia w naszej firmie b\u0119dzie procesem rzetelnym, drobiazgowym i bardzo precyzyjnym.\u00a0Alkomat po dokonanych przez nas zabiegach kalibracji b\u0119dzie sprawowa\u0142 si\u0119 doskonale, daj\u0105c w ten spos\u00f3b gwarancj\u0119 wiarygodno\u015bci ka\u017cdego pomiaru. Od czego zale\u017cy cz\u0119stotliwo\u015b\u0107 kalibracji alkomat\u00f3w? Jak cz\u0119sto musz\u0119 kalibrowa\u0107 alkomat? To, z jak\u0105 cz\u0119stotliwo\u015bci\u0105 nale\u017cy wykonywa\u0107 kalibrowanie alkomatu, zale\u017cy od kilku podstawowych czynnik\u00f3w: Rodzaju oraz wielko\u015bci sensora, kt\u00f3ry jest wykorzystywany w alkomacie (Najbardziej trwa\u0142e i dok\u0142adne s\u0105 sensory elektrochemiczne) Intensywno\u015bci wykorzystywania alkomatu, tzw. cz\u0119stotliwo\u015bci pomiarowej (Im jest wi\u0119ksza tym cz\u0119\u015bciej nale\u017cy kalibrowa\u0107 alkomat) Sposobu u\u017cytkowania i przechowywania modelu alkomatu (Sensor to bardzo czu\u0142y i delikatny czujnik. Z alkomatem nale\u017cy obchodzi\u0107 si\u0119 ostro\u017cnie, nie nara\u017ca\u0107 sensora na dzia\u0142anie zbyt wysokich lub zbyt niskich temperatur oraz du\u017cej wilgotno\u015bci) Producenci alkomat\u00f3w zalecaj\u0105 r\u00f3\u017cne przedzia\u0142y czasowe oraz ilo\u015bci pomiar\u00f3w je\u015bli chodzi o kalibracj\u0119, ale generalna zasada jest taka: alkomaty w kt\u00f3rych wykorzystywane s\u0105 sensory p\u00f3\u0142przewodnikowe nale\u017cy kalibrowa\u0107 co 3-6 miesi\u0119cy lub co oko\u0142o 200 pomiar\u00f3w, alkomaty w kt\u00f3rych wykorzystywane s\u0105 sensory elektrochemiczne nale\u017cy kalibrowa\u0107 co 12 miesi\u0119cy lub 500 a nawet 1000 pomiar\u00f3w. Jednak mimo to, alkomat powinien by\u0107 r\u00f3wnie\u017c sprawdzany co 3-6 miesi\u0119cy w autoryzowanym serwisie. W naszym serwisie takie sprawdzenie nic nie kosztuje i zajmuje par\u0119 minut. W przypadku rozkalibrowania alkomatu od razu zabieramy si\u0119 do pracy i szybko oddajemy Ci sprawne urz\u0105dzenie. Jakie alkomaty kalibrujemy? W naszym laboratorium kalibrujemy i naprawiamy 99% alkomat\u00f3w, kt\u00f3re s\u0105 sprzedawane w Polsce. Nasz serwis jest wyposa\u017cony w du\u017cy wachlarz cz\u0119\u015bci zamiennych do r\u00f3\u017cnego rodzaju urz\u0105dze\u0144.\u00a0Kalibracja alkomat\u00f3w wszelkiego rodzaju przebiega zatem w ka\u017cdym przypadku bardzo sprawnie, bo jako firma cechujemy si\u0119 wieloletnim do\u015bwiadczeniem i doskona\u0142\u0105 znajomo\u015bci\u0105 wszystkich modeli u\u017cytkowanych do pomiaru st\u0119\u017cenia alkoholu w wydychanym powietrzu. Czy po kalibracji alkomatu otrzymam jakie\u015b potwierdzenie? Nasz serwis alkomat\u00f3w po wykonanej us\u0142udze kalibracji zapewnia klientom tzw. Certyfikat Kalibracji Alkomatu, na kt\u00f3rym udokumentowane s\u0105 wskazania alkomatu na odpowiednich wzorcach zawarto\u015bci alkoholu w wydychanym powietrzu. Tak wygl\u0105da \u015bwiadectwo kalibracji: Certyfikat daje Ci gwarancj\u0119, \u017ce kalibracja alkomatu przebieg\u0142a w spos\u00f3b pomy\u015blny. Urz\u0105dzenie przy ka\u017cdym pomiarze b\u0119dzie podawa\u0107 wynik w pe\u0142ni zgodny ze stanem faktycznym. Ile kosztuje kalibracja alkomatu? Skuteczna kalibracja alkomatu to z\u0142o\u017cony proces, kt\u00f3ry jest uzale\u017cniony od wielu r\u00f3\u017cnych czynnik\u00f3w, takich jak podzespo\u0142y wykorzystane w danym modelu. Pracujemy w spos\u00f3b drobiazgowy i bardzo dok\u0142adny, by przyrz\u0105d prawid\u0142owo wskazywa\u0142 warto\u015bci alkoholu w wydychanym powietrzu. Cena kalibracji alkomatu jest z tego wzgl\u0119du uzale\u017cniona od indywidualnych przypadk\u00f3w: koszty s\u0105 w pe\u0142ni zale\u017cne od nak\u0142adu pracy i stopnia z\u0142o\u017cono\u015bci poszczeg\u00f3lnych modeli. Obok uczciwej ceny dajemy r\u00f3wnie\u017c gwarancj\u0119, \u017ce po spo\u017cyciu alkoholu b\u0119dziesz m\u00f3g\u0142 w rzetelny spos\u00f3b zbada\u0107, czy mo\u017cesz na przyk\u0142ad jecha\u0107 samochodem. Osoby, kt\u00f3re zakupi\u0142y urz\u0105dzenie w naszym sklepie, nie musz\u0105 si\u0119 zastanawia\u0107, ile w zasadzie kosztuje kalibracja alkomatu. Wynika to z tego, \u017ce przez okr\u0105g\u0142y rok od daty zakupu oferujemy t\u0119 us\u0142ug\u0119 ca\u0142kowicie za darmo. Dzi\u0119ki temu b\u0119dziesz mie\u0107 pewno\u015b\u0107, \u017ce przyrz\u0105d pozostaje w bardzo dobrym stanie<\/p>\n","protected":false},"excerpt":{"rendered":"<p>Kalibracja alkomatu jest procesem niezb\u0119dnym aby alkomat funkcjonowa\u0142 niezawodnie, wskazywa\u0142 poprawne i dok\u0142adne wyniki. Prawid\u0142owej kalibracji alkomat\u00f3w powinno si\u0119 dokonywa\u0107 cyklicznie. Producenci zalecaj\u0105 zazwyczaj, w przypadku alkomat\u00f3w z sensorami elektrochemicznymi, kalibracj\u0119 alkomatu co 12 miesi\u0119cy lub co 500 pomiar\u00f3w, oraz sprawdzenie poprawno\u015bci wskaza\u0144 po 6 miesi\u0105cach u\u017cytkowania. Podczas ca\u0142ego procesu jest wprowadzany on w stan [&hellip;]<\/p>\n","protected":false},"featured_media":116628,"template":"","meta":[],"_links":{"self":[{"href":"https:\/\/profitstore.pl\/index.php\/wp-json\/wp\/v2\/product\/116627"}],"collection":[{"href":"https:\/\/profitstore.pl\/index.php\/wp-json\/wp\/v2\/product"}],"about":[{"href":"https:\/\/profitstore.pl\/index.php\/wp-json\/wp\/v2\/types\/product"}],"wp:featuredmedia":[{"embeddable":true,"href":"https:\/\/profitstore.pl\/index.php\/wp-json\/wp\/v2\/media\/116628"}],"wp:attachment":[{"href":"https:\/\/profitstore.pl\/index.php\/wp-json\/wp\/v2\/media?parent=116627"}],"curies":[{"name":"wp","href":"https:\/\/api.w.org\/{rel}","templated":true}]}}