{"id":116573,"date":"2024-10-14T18:18:50","date_gmt":"2024-10-14T18:18:50","guid":{"rendered":"https:\/\/profitstore.pl\/index.php\/produkt\/alcoforce-af-350-10-ustnikow\/"},"modified":"2024-10-14T18:19:08","modified_gmt":"2024-10-14T18:19:08","slug":"alcoforce-af-350-10-ustnikow","status":"publish","type":"product","link":"https:\/\/profitstore.pl\/index.php\/produkt\/alcoforce-af-350-10-ustnikow\/","title":{"rendered":"AlcoForce AF-350 10 ustnik\u00f3w"},"content":{"rendered":"<p>Domen\u0105 alkomatu AlcoForce jest du\u017ca wiarygodno\u015b\u0107 pomiaru uzyskiwana dzi\u0119ki platynowemu czujnikowi elektrochemicznemu. AF-350 zosta\u0142 stworzony do u\u017cytku osobistego: szybko i intuicyjnie weryfikuje st\u0119\u017cenie alkoholu w wydychanym powietrzu. Specyfikacja Sensor: elektrochemiczny Zakres pomiaru: 0,00\u2030 \u2013 3,00\u2030 Precyzja pomiaru: \u00b10,06\u2030 przy 0,5\u2030 w 25\u00b0C Kalibracja co: 12 miesi\u0119cy lub 600 pomiar\u00f3w Kalibracja Kalibracja to poj\u0119cie nieoderwalnie zwi\u0105zane z ka\u017cdym alkomatem. Oznacza ono \u017ce co 12 miesi\u0119cy lub 600 pomiar\u00f3w, alkomat nale\u017cy ponownie skonfigurowa\u0107, tak aby poprawnie interpretowa\u0142 wskazania zu\u017cywaj\u0105cego si\u0119 czujnika. O konieczno\u015bci kalibracji \u015bwiadcz\u0105 komunikaty oraz wyniki zdecydowanie odbiegaj\u0105ce od rzeczywisto\u015bci \u2013 np. 0,5\u2030 mimo braku spo\u017cycia alkoholu. Jak dzia\u0142a? Alkomaty r\u00f3\u017cni\u0105 si\u0119 od siebie nie tylko parametrami ale r\u00f3wnie\u017c sposobem funkcjonowania, wykonania pomiaru. Alcoforce AF-350 jest nowoczesnym i dok\u0142adnym urz\u0105dzeniem. Zestaw zawiera Alkomat Ustniki 2 szt. Opakowanie Baterie alkaliczne AAA 2szt. Instrukcja Parametry Techniczne Rodzaj sensora: : elektrochemiczny Zakres pomiaru i dok\u0142adno\u015b\u0107 prezentowanego wyniku: : 0,00\u2030 \u2013 4,00\u2030 z dok\u0142adno\u015bci\u0105 do 0,01\u2030 Precyzja pomiaru: +\/-0.07\u2030 przy 0.5\u2030 Kalibracja: tak \u2013 co 12 miesi\u0119cy lub 600 pomiar\u00f3w Wymienny czujnik: tak przez serwis Wymaga ustnika: tak Rodzaj i liczba baterii: 2 x AAA 1,5V alkaliczne Waga i wymiary produktu (szer\/wys\/g\u0142): 47 x 114 x 24 mm 84 g z bateriami Kalibracja Gratis:\u00a0 Alkomat bierze udzia\u0142 w promocji dotycz\u0105cej darmowej us\u0142ugi kolejnej kalibracji w okresie gwarancyjnym 12 miesi\u0119cznym. W tym przypadku jest ona wykonywana bezp\u0142atnie w profesjonalnym laboratorium serwisowym w okresie gwarancyjnym alkomatu. Ka\u017cdy alkomat jest skalibrowany przed wysy\u0142k\u0105 do klienta i gotowy do u\u017cycia. Us\u0142ug\u0119 po\u015bwiadczamy Certyfikatem kalibracji dodawanym do ka\u017cdego alkomatu:<\/p>\n","protected":false},"excerpt":{"rendered":"<p>Domen\u0105 alkomatu AlcoForce jest du\u017ca wiarygodno\u015b\u0107 pomiaru uzyskiwana dzi\u0119ki platynowemu czujnikowi elektrochemicznemu. AF-350 zosta\u0142 stworzony do u\u017cytku osobistego: szybko i intuicyjnie weryfikuje st\u0119\u017cenie alkoholu w wydychanym powietrzu. Specyfikacja Sensor: elektrochemiczny Zakres pomiaru: 0,00\u2030 \u2013 3,00\u2030 Precyzja pomiaru: \u00b10,06\u2030 przy 0,5\u2030 w 25\u00b0C Kalibracja co: 12 miesi\u0119cy lub 600 pomiar\u00f3w Kalibracja Kalibracja to poj\u0119cie nieoderwalnie zwi\u0105zane [&hellip;]<\/p>\n","protected":false},"featured_media":116572,"template":"","meta":[],"_links":{"self":[{"href":"https:\/\/profitstore.pl\/index.php\/wp-json\/wp\/v2\/product\/116573"}],"collection":[{"href":"https:\/\/profitstore.pl\/index.php\/wp-json\/wp\/v2\/product"}],"about":[{"href":"https:\/\/profitstore.pl\/index.php\/wp-json\/wp\/v2\/types\/product"}],"wp:featuredmedia":[{"embeddable":true,"href":"https:\/\/profitstore.pl\/index.php\/wp-json\/wp\/v2\/media\/116572"}],"wp:attachment":[{"href":"https:\/\/profitstore.pl\/index.php\/wp-json\/wp\/v2\/media?parent=116573"}],"curies":[{"name":"wp","href":"https:\/\/api.w.org\/{rel}","templated":true}]}}