{"id":116567,"date":"2024-10-14T18:18:50","date_gmt":"2024-10-14T18:18:50","guid":{"rendered":"https:\/\/profitstore.pl\/index.php\/produkt\/alcoforce-evo-brak\/"},"modified":"2024-10-14T18:19:06","modified_gmt":"2024-10-14T18:19:06","slug":"alcoforce-evo-brak","status":"publish","type":"product","link":"https:\/\/profitstore.pl\/index.php\/produkt\/alcoforce-evo-brak\/","title":{"rendered":"AlcoForce EVO Brak"},"content":{"rendered":"<p>Swoj\u0105 niezawodno\u015b\u0107 urz\u0105dzenie zawdzi\u0119cza innowacyjnemu sensorowi elektrochemicznemu. Czujnik charakteryzuje si\u0119 wytrzyma\u0142o\u015bci\u0105, du\u017c\u0105 czu\u0142o\u015bci\u0105 i szybko\u015bci\u0105 dzia\u0142ania. Urz\u0105dzenie posiada r\u00f3wnie\u017c cyfrowy wy\u015bwietlacz, kt\u00f3ry automatycznie zmienia kolor na czerwony, kiedy wynik pomiaru przekracza pr\u00f3g nietrze\u017awo\u015bci. Specyfikacja Sensor: elektrochemiczny Zakres pomiaru: 0,000\u2030 \u2013 3,000\u2030 Precyzja pomiaru: \u00b10,06\u2030 przy 0,5\u2030 w 25\u00b0C Kalibracja co: 6 miesi\u0119cy lub 600 pomiar\u00f3w Kalibracja Kalibracja Kalibracja to poj\u0119cie nieoderwalnie zwi\u0105zane z ka\u017cdym alkomatem. Oznacza ono \u017ce co 6 miesi\u0119cy lub 600 pomiar\u00f3w, alkomat nale\u017cy ponownie skonfigurowa\u0107, tak aby poprawnie interpretowa\u0142 wskazania zu\u017cywaj\u0105cego si\u0119 czujnika. O konieczno\u015bci kalibracji \u015bwiadcz\u0105 komunikaty oraz wyniki zdecydowanie odbiegaj\u0105ce od rzeczywisto\u015bci \u2013 np. 0,5\u2030 mimo braku spo\u017cycia alkoholu. Zestaw zawiera Alkomat Ustniki 2 szt. Opakowanie Baterie alkaliczne AAA 2szt. Instrukcja Parametry Techniczne Rodzaj sensora: : elektrochemiczny Zakres pomiaru i dok\u0142adno\u015b\u0107 prezentowanego wyniku: 0,000\u2030 \u2013 3,000\u2030 z dok\u0142adno\u015bci\u0105 do 0,010\u2030 Precyzja pomiaru: +\/-0.06\u2030 przy 0.5\u2030 Kalibracja: tak \u2013 co 6 miesi\u0119cy lub 600 pomiar\u00f3w Wymienny czujnik: tak przez serwis Wymaga ustnika: tak Rodzaj i liczba baterii: 1 x AAA 1,5V alkaliczne Waga i wymiary produktu (szer\/wys\/g\u0142): 55 x 105 x 23mm, 76g z bateriami Kalibracja Gratis:\u00a0 Alkomat bierze udzia\u0142 w promocji dotycz\u0105cej darmowej us\u0142ugi kolejnej kalibracji w okresie gwarancyjnym 12 miesi\u0119cznym. W tym przypadku jest ona wykonywana bezp\u0142atnie w profesjonalnym laboratorium serwisowym w okresie gwarancyjnym alkomatu. Ka\u017cdy alkomat jest skalibrowany przed wysy\u0142k\u0105 do klienta i gotowy do u\u017cycia. Us\u0142ug\u0119 po\u015bwiadczamy Certyfikatem kalibracji dodawanym do ka\u017cdego alkomatu:<\/p>\n","protected":false},"excerpt":{"rendered":"<p>Swoj\u0105 niezawodno\u015b\u0107 urz\u0105dzenie zawdzi\u0119cza innowacyjnemu sensorowi elektrochemicznemu. Czujnik charakteryzuje si\u0119 wytrzyma\u0142o\u015bci\u0105, du\u017c\u0105 czu\u0142o\u015bci\u0105 i szybko\u015bci\u0105 dzia\u0142ania. Urz\u0105dzenie posiada r\u00f3wnie\u017c cyfrowy wy\u015bwietlacz, kt\u00f3ry automatycznie zmienia kolor na czerwony, kiedy wynik pomiaru przekracza pr\u00f3g nietrze\u017awo\u015bci. Specyfikacja Sensor: elektrochemiczny Zakres pomiaru: 0,000\u2030 \u2013 3,000\u2030 Precyzja pomiaru: \u00b10,06\u2030 przy 0,5\u2030 w 25\u00b0C Kalibracja co: 6 miesi\u0119cy lub 600 pomiar\u00f3w [&hellip;]<\/p>\n","protected":false},"featured_media":116568,"template":"","meta":[],"_links":{"self":[{"href":"https:\/\/profitstore.pl\/index.php\/wp-json\/wp\/v2\/product\/116567"}],"collection":[{"href":"https:\/\/profitstore.pl\/index.php\/wp-json\/wp\/v2\/product"}],"about":[{"href":"https:\/\/profitstore.pl\/index.php\/wp-json\/wp\/v2\/types\/product"}],"wp:featuredmedia":[{"embeddable":true,"href":"https:\/\/profitstore.pl\/index.php\/wp-json\/wp\/v2\/media\/116568"}],"wp:attachment":[{"href":"https:\/\/profitstore.pl\/index.php\/wp-json\/wp\/v2\/media?parent=116567"}],"curies":[{"name":"wp","href":"https:\/\/api.w.org\/{rel}","templated":true}]}}