{"id":116557,"date":"2024-10-14T18:18:50","date_gmt":"2024-10-14T18:18:50","guid":{"rendered":"https:\/\/profitstore.pl\/index.php\/produkt\/wipealyser-z-wbudowana-drukarka-10-testow-drugwipe-6s\/"},"modified":"2024-10-14T18:18:58","modified_gmt":"2024-10-14T18:18:58","slug":"wipealyser-z-wbudowana-drukarka-10-testow-drugwipe-6s","status":"publish","type":"product","link":"https:\/\/profitstore.pl\/index.php\/produkt\/wipealyser-z-wbudowana-drukarka-10-testow-drugwipe-6s\/","title":{"rendered":"WipeAlyser- z wbudowan\u0105 drukark\u0105 + 10 test\u00f3w DrugWipe 6S"},"content":{"rendered":"<p>Przeno\u015bne urz\u0105dzenie do obiektywnej analizy i dokumentowania wynik\u00f3w bada\u0144 na zawarto\u015b\u0107 narkotyk\u00f3w w \u015blinie os\u00f3b badanych Zalety: Pe\u0142na mobilno\u015b\u0107. Mo\u017cna u\u017cywa\u0107 zar\u00f3wno pomieszczeniach, na zewn\u0105trz oraz w samochodzie Idealne do pracy w warunkach drogowych Zabezpieczenie danych wynik\u00f3w pomiar\u00f3w. Brak mo\u017cliwo\u015bci ingerencji operatora Bryzgoszczelna i wytrzyma\u0142a obudowa Wbudowana drukarka Mo\u017cliwo\u015b\u0107 wprowadzenia dodatkowych danych dotycz\u0105cych badanego i osoby przeprowadzaj\u0105cej badanie Por\u0119czne, intuicyjne i \u0142atwe w obs\u0142udze<\/p>\n","protected":false},"excerpt":{"rendered":"<p>Przeno\u015bne urz\u0105dzenie do obiektywnej analizy i dokumentowania wynik\u00f3w bada\u0144 na zawarto\u015b\u0107 narkotyk\u00f3w w \u015blinie os\u00f3b badanych Zalety: Pe\u0142na mobilno\u015b\u0107. Mo\u017cna u\u017cywa\u0107 zar\u00f3wno pomieszczeniach, na zewn\u0105trz oraz w samochodzie Idealne do pracy w warunkach drogowych Zabezpieczenie danych wynik\u00f3w pomiar\u00f3w. Brak mo\u017cliwo\u015bci ingerencji operatora Bryzgoszczelna i wytrzyma\u0142a obudowa Wbudowana drukarka Mo\u017cliwo\u015b\u0107 wprowadzenia dodatkowych danych dotycz\u0105cych badanego i [&hellip;]<\/p>\n","protected":false},"featured_media":116558,"template":"","meta":[],"_links":{"self":[{"href":"https:\/\/profitstore.pl\/index.php\/wp-json\/wp\/v2\/product\/116557"}],"collection":[{"href":"https:\/\/profitstore.pl\/index.php\/wp-json\/wp\/v2\/product"}],"about":[{"href":"https:\/\/profitstore.pl\/index.php\/wp-json\/wp\/v2\/types\/product"}],"wp:featuredmedia":[{"embeddable":true,"href":"https:\/\/profitstore.pl\/index.php\/wp-json\/wp\/v2\/media\/116558"}],"wp:attachment":[{"href":"https:\/\/profitstore.pl\/index.php\/wp-json\/wp\/v2\/media?parent=116557"}],"curies":[{"name":"wp","href":"https:\/\/api.w.org\/{rel}","templated":true}]}}