{"id":116553,"date":"2024-10-14T18:18:50","date_gmt":"2024-10-14T18:18:50","guid":{"rendered":"https:\/\/profitstore.pl\/index.php\/produkt\/alkotech-at-1000\/"},"modified":"2024-10-14T18:18:55","modified_gmt":"2024-10-14T18:18:55","slug":"alkotech-at-1000","status":"publish","type":"product","link":"https:\/\/profitstore.pl\/index.php\/produkt\/alkotech-at-1000\/","title":{"rendered":"Alkotech AT-1000"},"content":{"rendered":"<p>AT-1000 to alkomat Klasy Policyjnej z platynowym sesnsorem elektrochemicznym! Do bada\u0144 przesiewowych du\u017cej ilo\u015bci os\u00f3b w bardzo kr\u00f3tkim czasie. AT-1000 wyposa\u017cony jest w platynowy sensor elektrochemiczny oraz czujnik ci\u015bnienia, dzi\u0119ki czemu dok\u0142adno\u015b\u0107 wynik\u00f3w oraz szybko\u015b\u0107 dzia\u0142ania sprawia, ze jest jednym z najch\u0119tniej wybieranych alkomat\u00f3w. Dodatkowe wyposa\u017cenie alkomatu w latark\u0119 Led oraz czytelny wy\u015bwietlacz z mo\u017cliwo\u015bci\u0105 korzystania z rozbudowanego menu, pozwala ka\u017cdemu u\u017cytkownikowi na ustawienie urz\u0105dzenia optymalnie do indywidualnych potrzeb oraz warunk\u00f3w pracy. AT-1000 to najbardziej zaawansowany technologicznie alkomat, kt\u00f3rym mo\u017cna prowadzi\u0107 badania bez u\u017cywania ustnika ale r\u00f3wnie\u017c w trybie pasywnym co oznacza, \u017ce alkomat sam sprawdzi zawarto\u015b\u0107 alkoholu w otoczeniu ale r\u00f3wnie\u017c w pojemnikach i butelkach. Dodatkowe funkcje w menu pozwalaj\u0105 na dowolne ustawienie alkomatu w zale\u017cno\u015bci od dzia\u0142a\u0144 prowadzonych przez u\u017cytkownika. Szybko\u015b\u0107 badania od 0,2 \u2013 2 sekund daje mo\u017cliwo\u015b\u0107 prowadzenia wzmo\u017conych bada\u0144 na drogach bez zb\u0119dnego blokowania ruchu. Wynik przeprowadzonego badania wy\u015bwietlany jest na czytelnym ekranie co pozwala na szybk\u0105 weryfikacje stanu trze\u017awo\u015bci osoby badanej i odpowiedni\u0105 kwalifikacj\u0119 czy jest to stan \u015bladowy, stan po spo\u017cyciu alkoholu czy te\u017c w stan nietrze\u017awo\u015bci. Zasilanie AT-1000 to 4 baterie alkaiczne, kt\u00f3re pozwalaj\u0105 na przeprowadzenie oko\u0142o 4000 bada\u0144. Specyfikacja Typ sensora Wysokiej jako\u015bci platynowy sensor elektrochemiczny Zakres pomiarowy 0.000 \u2013 4.000 \u2030 Wymiary (d\u0142. x szer. X wys.) 284 mm x 68,5 mm x 74 mm Waga 400 g (z 4 bateriami AA) Warunki pracy Temperatura: -5 \u2013 50oC Wilgotno\u015b\u0107: 10 \u2013 90% Jednostka pomiarowa* \u2030 BAC (opcjonalnie: mg\/100mL, mg\/L, g\/L, % BAC) Czas oczekiwania na gotowo\u015b\u0107 urz\u0105dzenia Natychmiast Czas oczekiwania na pomiar <1s Inne Data, godzina, zmiana czasu wdmuchiwania, zmiana zakresu alarmowania, zmiana czasu wy\u015bwietlania pomiaru, zapami\u0119tanie poprzednich pomiar\u00f3w, menu w j\u0119zyku polskim i angielskim Kalibracja Gratis:\u00a0 Alkomat bierze udzia\u0142 w promocji dotycz\u0105cej darmowej us\u0142ugi kolejnej kalibracji w okresie gwarancyjnym\u00a012\u00a0miesi\u0119cznym. W tym przypadku jest ona wykonywana bezp\u0142atnie w profesjonalnym laboratorium serwisowym w okresie gwarancyjnym alkomatu. Ka\u017cdy alkomat jest skalibrowany przed wysy\u0142k\u0105 do klienta i gotowy do u\u017cycia. Us\u0142ug\u0119 po\u015bwiadczamy Certyfikatem kalibracji dodawanym do ka\u017cdego alkomatu:\n<\/p>\n","protected":false},"excerpt":{"rendered":"<p>AT-1000 to alkomat Klasy Policyjnej z platynowym sesnsorem elektrochemicznym! Do bada\u0144 przesiewowych du\u017cej ilo\u015bci os\u00f3b w bardzo kr\u00f3tkim czasie. AT-1000 wyposa\u017cony jest w platynowy sensor elektrochemiczny oraz czujnik ci\u015bnienia, dzi\u0119ki czemu dok\u0142adno\u015b\u0107 wynik\u00f3w oraz szybko\u015b\u0107 dzia\u0142ania sprawia, ze jest jednym z najch\u0119tniej wybieranych alkomat\u00f3w. Dodatkowe wyposa\u017cenie alkomatu w latark\u0119 Led oraz czytelny wy\u015bwietlacz z mo\u017cliwo\u015bci\u0105 [&hellip;]<\/p>\n","protected":false},"featured_media":116554,"template":"","meta":[],"_links":{"self":[{"href":"https:\/\/profitstore.pl\/index.php\/wp-json\/wp\/v2\/product\/116553"}],"collection":[{"href":"https:\/\/profitstore.pl\/index.php\/wp-json\/wp\/v2\/product"}],"about":[{"href":"https:\/\/profitstore.pl\/index.php\/wp-json\/wp\/v2\/types\/product"}],"wp:featuredmedia":[{"embeddable":true,"href":"https:\/\/profitstore.pl\/index.php\/wp-json\/wp\/v2\/media\/116554"}],"wp:attachment":[{"href":"https:\/\/profitstore.pl\/index.php\/wp-json\/wp\/v2\/media?parent=116553"}],"curies":[{"name":"wp","href":"https:\/\/api.w.org\/{rel}","templated":true}]}}