{"id":116543,"date":"2025-07-24T06:00:11","date_gmt":"2025-07-24T06:00:11","guid":{"rendered":"https:\/\/profitstore.pl\/index.php\/produkt\/przemyslowy-tester-narkotykow-drugtest-5000\/"},"modified":"2025-07-24T06:00:12","modified_gmt":"2025-07-24T06:00:12","slug":"przemyslowy-tester-narkotykow-drugtest-5000","status":"publish","type":"product","link":"https:\/\/profitstore.pl\/index.php\/produkt\/przemyslowy-tester-narkotykow-drugtest-5000\/","title":{"rendered":"Przemys\u0142owy tester narkotyk\u00f3w DrugTest 5000"},"content":{"rendered":"<p>Przemys\u0142owy tester narkotyk\u00f3w DrugTest 5000 Opis Narkotyki maj\u0105 bardzo niekorzystny wp\u0142yw na prawie wszystkie narz\u0105dy cz\u0142owieka, co skutkuje wieloma r\u00f3\u017cnymi dysfunkcjami zar\u00f3wno fizycznymi, jak i psychicznymi. Osoba, kt\u00f3ra znajduje si\u0119 pod wp\u0142ywem substancji psychoaktywnych nie dzia\u0142a i nie my\u015bli racjonalnie, poniewa\u017c ma zaburzone stany \u015bwiadomo\u015bci, postrzegania i zachowania. Taki stan jest niedopuszczalny w miejscu pracy dlatego pracodawcy powinni kontrolowa\u0107 podejrzane osoby, by nie dopuszcza\u0107 ich do zajmowanych stanowisk. Aby upewni\u0107 si\u0119, \u017ce dana osoba nie jest pod wp\u0142ywem narkotyk\u00f3w nale\u017cy przeprowadzi\u0107 test na ich wykrycie. DrugTest 5000 to nowoczesny, przemys\u0142owy tester narkotyk\u00f3w, kt\u00f3ry pochodzi od niemieckiego producenta Drager. Oferowane urz\u0105dzenie cechuje si\u0119 funkcjonalno\u015bci\u0105, \u0142atwo\u015bci\u0105 obs\u0142ugi oraz jest w pe\u0142ni automatyczne. Jest wykorzystywane do badania obecno\u015bci narkotyk\u00f3w, a analiza odbywa si\u0119 poprzez pobranie pr\u00f3bki \u015bliny. W momencie gdy pr\u00f3bnik zasygnalizuje pobranie \u015bliny, nast\u0119pnie nale\u017cy zamontowa\u0107 kast\u0119 testuj\u0105c\u0105 do testera i w ci\u0105gu paru minut wy\u015bwietlany jest dok\u0142adny i miarodajny wynik. Prezentowany DrugTest 5000 jest przystosowany do wykrywania r\u00f3\u017cnych substancji psychoaktywnych, takich jak min. amfetamina, opiany, kokaina czy metaamfetamina. Posiada du\u017cy, czytelny wy\u015bwietlacz na kt\u00f3rym pokazuje si\u0119 wynik testu oraz pami\u0119\u0107, kt\u00f3ra przechowuje a\u017c 500 ostatnio wykonanych bada\u0144 wraz z godzin\u0105 i dat\u0105. Istnieje tak\u017ce opcja mo\u017cliwo\u015bci wydruku przy pomocy drukarki DragerMobilePrint, co jest bardzo przydatne w przypadku sporz\u0105dzania protoko\u0142u. Wykrywane substancje amfetamina benzodiazepiny delta-9-tetrahydrokannabinol (THC) kokaina, metamfetamina opiany metadon ketamina Pobieranie pr\u00f3bki 1. Badana osoba, po rozpakowaniu sterylnie zapakowanej kasety, musi kr\u00f3tko porusza\u0107 g\u00f3rn\u0105 cz\u0119\u015bci\u0105 pr\u00f3bnika pomi\u0119dzy policzkiem a dzi\u0105s\u0142em dop\u00f3ki pr\u00f3bnik nie zasygnalizuje pobrania wystarczaj\u0105cej ilo\u015bci pr\u00f3bki s\u0142u\u017cy z jamy ustnej 2. Zainstalowanie kasety testuj\u0105cej do testera DrugTest 5000 3. Ju\u017c po kilku minutach otrzymujemy wynik z wyczerpuj\u0105c\u0105 informacj\u0105 o zawarto\u015bci \u015brodk\u00f3w odurzaj\u0105cych Pami\u0119\u0107 i wydruk DrugTest 5000 przechowuje wyniki ostatnich 500 analiz wraz z godzin\u0105 i dat\u0105. Dodatkowe informacje mo\u017cna wprowadza\u0107 za po\u015brednictwem klawiatury (opcja) lub czytnika kod\u00f3w kreskowych. Wyniki mo\u017cna wydrukowa\u0107 za pomoc\u0105 drukarki DragerMobilePrint (opcja) lub przes\u0142a\u0107 dane do PC za pomoc\u0105 portu USB. Zasilanie Standardowo urz\u0105dzenie mo\u017ce by\u0107 zasilane poprzez zasilanie sieciowe 230V lub samochodowe 12V . Narkotester Drager Drugtest 5000 jest wyposa\u017cony w akumulator, kt\u00f3ry uniezale\u017cnia urz\u0105dzenie od zewn\u0119trznych \u017ar\u00f3de\u0142 zasilania. Zestaw zawiera tester narkotykowy Drager DrugTest 5000 Zasilacz 12V instrukcja obs\u0142ugi Karta Gwarancyjna<\/p>\n","protected":false},"excerpt":{"rendered":"<p>Przemys\u0142owy tester narkotyk\u00f3w DrugTest 5000 Opis Narkotyki maj\u0105 bardzo niekorzystny wp\u0142yw na prawie wszystkie narz\u0105dy cz\u0142owieka, co skutkuje wieloma r\u00f3\u017cnymi dysfunkcjami zar\u00f3wno fizycznymi, jak i psychicznymi. Osoba, kt\u00f3ra znajduje si\u0119 pod wp\u0142ywem substancji psychoaktywnych nie dzia\u0142a i nie my\u015bli racjonalnie, poniewa\u017c ma zaburzone stany \u015bwiadomo\u015bci, postrzegania i zachowania. Taki stan jest niedopuszczalny w miejscu pracy [&hellip;]<\/p>\n","protected":false},"featured_media":116544,"template":"","meta":[],"_links":{"self":[{"href":"https:\/\/profitstore.pl\/index.php\/wp-json\/wp\/v2\/product\/116543"}],"collection":[{"href":"https:\/\/profitstore.pl\/index.php\/wp-json\/wp\/v2\/product"}],"about":[{"href":"https:\/\/profitstore.pl\/index.php\/wp-json\/wp\/v2\/types\/product"}],"wp:featuredmedia":[{"embeddable":true,"href":"https:\/\/profitstore.pl\/index.php\/wp-json\/wp\/v2\/media\/116544"}],"wp:attachment":[{"href":"https:\/\/profitstore.pl\/index.php\/wp-json\/wp\/v2\/media?parent=116543"}],"curies":[{"name":"wp","href":"https:\/\/api.w.org\/{rel}","templated":true}]}}