{"id":116521,"date":"2024-10-14T18:18:29","date_gmt":"2024-10-14T18:18:29","guid":{"rendered":"https:\/\/profitstore.pl\/index.php\/produkt\/alkomat-lifeloc-fc10\/"},"modified":"2024-10-14T18:18:35","modified_gmt":"2024-10-14T18:18:35","slug":"alkomat-lifeloc-fc10","status":"publish","type":"product","link":"https:\/\/profitstore.pl\/index.php\/produkt\/alkomat-lifeloc-fc10\/","title":{"rendered":"Alkomat Lifeloc FC10"},"content":{"rendered":"<p>Alkomat Lifeloc FC10 OPIS PRODUKTU: Wykorzystanie alkomat\u00f3w zapewnia zwi\u0119kszenie poziomu bezpiecze\u0144stwa na drogach, w zak\u0142adach pracy i r\u00f3\u017cnego rodzaju obiektach u\u017cyteczno\u015bci publicznej, Alkomat Lifeloc FC10 wyposa\u017cony jest r\u00f3wnie\u017c w uk\u0142ad, kt\u00f3ry sprawdza stan sensora przed pomiarem, co pozwala na unikni\u0119cie b\u0142\u0119dnych wynik\u00f3w, podczas wykonywania test\u00f3w na poziom st\u0119\u017cenia alkoholu we krwi. Urz\u0105dzenie mo\u017ce pracowa\u0107 w dw\u00f3ch trybach. System aktywny polega na wykonywaniu testu przy pomocy ustnika, za\u015b pasywny jest wykorzystywany w sytuacji, gdy osoba nie chce si\u0119 podda\u0107 tradycyjnemu badaniu. W takim przypadku wystarczy dmuchn\u0105\u0107 w pobli\u017ce alkomatu, aby przekona\u0107 si\u0119 czy dana osoba jest pod wp\u0142ywem alkoholu. takich jak lotniska czy hotele. Dlatego warto zainwestowa\u0107 w taki sprz\u0119t, poniewa\u017c to inwestycja na przysz\u0142o\u015b\u0107, kt\u00f3ra zawsze si\u0119 zwr\u00f3ci. Nasza firma jest jedynym dystrybutorem tego rodzaju urz\u0105dzenia na terenie kraju. Dzi\u0119ki temu, \u017ce oferowany przyrz\u0105d spe\u0142nia wiele restrykcyjnych norm i wymaga\u0144, mo\u017ce by\u0107 z powodzeniem wykorzystywany przez organy \u015bcigania, s\u0142u\u017cby porz\u0105dkowe, zak\u0142ady poprawcze i opieki spo\u0142ecznej oraz r\u00f3\u017cnego rodzaju plac\u00f3wki o\u015bwiatowe. Alkomat jest wyposa\u017cony w wysokiej jako\u015bci elektrochemiczny sensor, dzi\u0119ki czemu informuje o bardzo dok\u0142adnych wynikach pomiarowych. Jest \u0142atwy w obs\u0142udze i wyposa\u017cony w intuicyjny system dzia\u0142ania i mo\u017cna nim przeprowadzi\u0107 bardzo du\u017c\u0105 ilo\u015b\u0107 test\u00f3w w kr\u00f3tkim czasie. Podstawowe cechy 3 tryby pracy: automatyczny, r\u0119czny i bezkontaktowy; Automatycznie regulowany pod\u015bwietlany ekran LCD zapewniaj\u0105cy maksymalny komfort u\u017cytkowania w dzie\u0144 i w nocy; Ustnik EasyTab\u2122 eliminuj\u0105cy kontakt u\u017cytkownika z wilgotn\u0105 ko\u0144c\u00f3wk\u0105; Kompatybilne z wszystkimi produktami Lifeloc Najkr\u00f3tszy czas pomiaru oraz mo\u017cliwo\u015b\u0107 wykonywania wielokrotnych pomiar\u00f3w; \u0141atwe do zrozumienia instrukcje przeprowadzaj\u0105ce u\u017cytkownika przez ka\u017cdy test; Wskazania alkomatu wy\u015bwietlane graficznie (dodatkowy wykres graficzny) i przekazywane w formie powiadomie\u0144 d\u017awi\u0119kowych; Przewidywana \u017cywotno\u015b\u0107 baterii do 6 000 test\u00f3w; Platynowy elektrochemiczny sensor zapewniaj\u0105cy maksymaln\u0105 \u017cywotno\u015b\u0107 i precyzj\u0119 pomiaru; Opatentowane oprogramowanie Lifeloc; Mo\u017cliwo\u015b\u0107 rozszerzenia do FC20. Wy\u015awietlacz LCD: (42 x 22 mm) Regulowany kontrast. U\u017cywany i rekomendowany w U.S.A. przez: s\u0142u\u017cby porz\u0105dkowe, policja, s\u0105dy, zak\u0142ady odwykowe, zak\u0142ady poprawcze, wojsko, s\u0142u\u017cby morskie, szko\u0142y, zak\u0142ady opieki spo\u0142ecznej. Znany ze swojej \u017cywotno\u015bci i szybkiego czasu przygotowania do pracy, Profesjonalny alkomat FC10 z pewno\u015bci\u0105 zaspokoi wszystkie Pa\u0144stwa potrzeby. Alkomaty Lifeloc serii FC potrafi\u0105 zbada\u0107 czy w pojemniku z napojem znajduje si\u0119 alkohol. Idealne rozwi\u0105zanie np. dla szk\u00f3\u0142. W ka\u017cdym momencie mo\u017cna sprawdzi\u0107 czy pity przez osob\u0119 np. niepe\u0142noletni\u0105 sok z butelki nie jest aby z &#8222;pr\u0105dem&#8221;. Posiada r\u00f3wnie\u017c tryb tzw. pasywny, bezkontaktowy. Wystarczy dmuchn\u0105\u0107 bez u\u017cycia ustnika w pobli\u017ce alkomatu aby sprawdzi\u0107 czy osoba badana jest pod wp\u0142ywam alkoholu. G\u0142\u00f3wne zalety Innowacyjno\u015b\u0107 urz\u0105dzenia Oprogramowanie sterowane z menu: \u0141atwo przeprowadza u\u017cytkownika przez wszystkie funkcje alkomatu Pami\u0119\u0107 ostatniego badania: Wy\u015bwietla ostatni zarejestrowany pomiar. Powiadomienia graficzne i sygna\u0142y d\u017awi\u0119kowe: Wszelkie informacje wy\u015bwietlane na ekranie s\u0105 po\u0142\u0105czone z sygna\u0142ami d\u017awi\u0119kowymi. Dzi\u0119ki temu mog\u0105 by\u0107 Pa\u0144stwo pewni \u017ce test zosta\u0142 wykonany poprawnie. Czujnik wdychanego powietrza: Przyrz\u0105d kontroluje i okre\u015bla ilo\u015b\u0107 powietrza wdmuchiwanego przez badan\u0105 osob\u0119. Jest to dodatkowa ochrona przed osobami odmawiaj\u0105cymi wykonania badania. Precyzja Platynowy elektrochemiczny sensor o \u015brednicy 1\u201d: Reaguje jedynie na moleku\u0142y alkoholu i zapewnia d\u0142ug\u0105 \u017cywotno\u015b\u0107 oraz najwy\u017csz\u0105 precyzj\u0119 urz\u0105dzenia. Dwa sposoby pobierania powietrza Niezawodna funkcja pasywnego pobierania powietrza. Idealna do pomiaru zawarto\u015bci alkoholu w pojemnikach, znacznie zwi\u0119kszaj\u0105ca zakres mo\u017cliwo\u015bci FC10. Mo\u017cliwo\u015b\u0107 wykonania wielu test\u00f3w Natychmiastowo po wskazaniu 0 mg\/l. Powy\u017cej 0 mg\/l &#8211; 10 s Zakres temp. pracy 0 &#8211; 55\u00b0C \u0141atwo\u015b\u0107 obs\u0142ugi Tryby pracy dopasowane do potrzeb u\u017cytkownika: Tryb automatyczny, r\u0119czny i pasywny Dwojaki tryb zako\u0144czenia badania: &#8211; Koniec wdechu: test ko\u0144czy si\u0119 wraz z zaprzestaniem wdychania powietrza &#8211; Dok\u0142adna obj\u0119to\u015b\u0107 powietrza: test ko\u0144czy si\u0119 wraz z pobraniem 1.5l powietrza Pod\u015bwietlany ekran LCD Zapewnia komfort pracy w dzie\u0144 I w nocy. 64-znakowy wy\u015bwietlacz. \u0141atwe do zrozumienia wskaz\u00f3wki i instrukcje.. Tryb energooszcz\u0119dny. Nowoczesny i wytrzyma\u0142y design: FC10 jest przystosowany do pracy w z\u0142ych warunkach dzi\u0119ki swoim odpornym na uszkodzenia elementom i wytrzyma\u0142ej obudowie. Idealnie pasuje do ka\u017cdej r\u0119ki i jest na tyle ma\u0142y, \u017ce mie\u015bci si\u0119 w kieszeni. Posiada mo\u017cliwo\u015b\u0107 za\u0142o\u017cenia dodatkowego futera\u0142u chroni\u0105cego urz\u0105dzenie przed zniszczeniem. D\u0142uga \u017cywotno\u015b\u0107 baterii: 160 godzin u\u017cytkowania bez przerwy lub 6000 test\u00f3w Specyfikacja techniczna Sensor\/Czujnik Platynowe ogniwo o ca\u0142kowitej \u015brednicy 1&#8243;. Reakcja na moleku\u0142y alkoholu. Zakres pomiarowy: 0.<\/p>\n","protected":false},"excerpt":{"rendered":"<p>Alkomat Lifeloc FC10 OPIS PRODUKTU: Wykorzystanie alkomat\u00f3w zapewnia zwi\u0119kszenie poziomu bezpiecze\u0144stwa na drogach, w zak\u0142adach pracy i r\u00f3\u017cnego rodzaju obiektach u\u017cyteczno\u015bci publicznej, Alkomat Lifeloc FC10 wyposa\u017cony jest r\u00f3wnie\u017c w uk\u0142ad, kt\u00f3ry sprawdza stan sensora przed pomiarem, co pozwala na unikni\u0119cie b\u0142\u0119dnych wynik\u00f3w, podczas wykonywania test\u00f3w na poziom st\u0119\u017cenia alkoholu we krwi. Urz\u0105dzenie mo\u017ce pracowa\u0107 w [&hellip;]<\/p>\n","protected":false},"featured_media":116522,"template":"","meta":[],"_links":{"self":[{"href":"https:\/\/profitstore.pl\/index.php\/wp-json\/wp\/v2\/product\/116521"}],"collection":[{"href":"https:\/\/profitstore.pl\/index.php\/wp-json\/wp\/v2\/product"}],"about":[{"href":"https:\/\/profitstore.pl\/index.php\/wp-json\/wp\/v2\/types\/product"}],"wp:featuredmedia":[{"embeddable":true,"href":"https:\/\/profitstore.pl\/index.php\/wp-json\/wp\/v2\/media\/116522"}],"wp:attachment":[{"href":"https:\/\/profitstore.pl\/index.php\/wp-json\/wp\/v2\/media?parent=116521"}],"curies":[{"name":"wp","href":"https:\/\/api.w.org\/{rel}","templated":true}]}}