{"id":116511,"date":"2024-10-14T18:18:29","date_gmt":"2024-10-14T18:18:29","guid":{"rendered":"https:\/\/profitstore.pl\/index.php\/produkt\/alkomat-alcoforce-af-450-10-ustnikow\/"},"modified":"2024-10-14T18:18:30","modified_gmt":"2024-10-14T18:18:30","slug":"alkomat-alcoforce-af-450-10-ustnikow","status":"publish","type":"product","link":"https:\/\/profitstore.pl\/index.php\/produkt\/alkomat-alcoforce-af-450-10-ustnikow\/","title":{"rendered":"Alkomat ALCOFORCE AF-450 10 ustnik\u00f3w"},"content":{"rendered":"<p>AlcoForce AF-450 jest precyzyjnym alkomatem, kt\u00f3ry wyr\u00f3\u017cnia si\u0119 nowoczesnym sensorem elektrochemicznym oraz niekonwecjonalnym wygl\u0105dem. Czarna, po\u0142yskliwa obudowa z czu\u0142ym przyciskiem w\u0142\u0105cznika oraz czytelnym cyfrowy wy\u015bwietlaczem sprawiaj\u0105, \u017ce urz\u0105dzenie wyr\u00f3\u017cnia si\u0119 designem spo\u015br\u00f3d konkurencyjnych tester\u00f3w. G\u0142\u00f3wn\u0105 specjalno\u015bci\u0105 alkomatu AlcoForce jest wysoka wiarygodno\u015b\u0107 pomiaru uzyskiwana dzi\u0119ki platynowemu czujnikowi elektrochemicznemu. AF-450 zosta\u0142 stworzony do u\u017cytku osobistego: szybko i intuicyjnie weryfikuje st\u0119\u017cenie alkoholu w wydychanym powietrzu. Parametry Techniczne Rodzaj sensora : elektrochemiczny Interwa\u0142 kalibracji: co 600 pomiar\u00f3w \/ 12 miesi\u0119cy Rozdzielczo\u015b\u0107 wyniku pomiaru : 0.01\u2030 Precyzja pomiaru : \u00b1 0,06\u2030 BAC przy 0,5\u2030 BAC w 25\u00b0C Zakres pomiaru : 0.00 &#8211; 4.00 \u2030 Tryby pomiaru : automatyczny Wymaga ustnika : tak Czujnik przep\u0142ywu powietrza : tak Pami\u0119\u0107 pomiar\u00f3w: : ostatnie trzy pomiary Licznik pomiar\u00f3w: : tak (od ostatniej kalibracji) Mo\u017cliwo\u015b\u0107 wymiany sensora : tak (tylko przez serwis) Rodzaj i liczba baterii : 2x AAA 1.5V alkaliczne Waga netto : 80 z bateriami Wymiary produktu: : 45 x 115 x 24,5 mm Kalibracja Kalibracja to poj\u0119cie nieoderwalnie zwi\u0105zane z ka\u017cdym alkomatem. Oznacza ono \u017ce co oko\u0142o 12 miesi\u0119cy lub co 600 pomiar\u00f3w, alkomat nale\u017cy ponownie skonfigurowa\u0107, tak aby poprawnie interpretowa\u0142 wskazania zu\u017cywaj\u0105cego si\u0119 czujnika. O konieczno\u015bci kalibracji \u015bwiadcz\u0105 komunikaty oraz wyniki zdecydowanie odbiegaj\u0105ce od rzeczywisto\u015bci &#8211; np. 0,5\u2030 mimo braku spo\u017cycia alkoholu. Przez 12 miesi\u0119cy od daty zakupu skalibrujemy Tw\u00f3j alkomat za darmo i bez limitu &#8211; przys\u0142uguje Ci nielimitowana ilo\u015b\u0107 kalibracji w tym czasie. Zestaw zawiera \u015awie\u017co skalibrowany i gotowy do u\u017cycia alkomat AF-450 Instrukcja w J\u0119zyku Polskim Ustniki wielorazowego u\u017cytku &#8211; 2 sztuki Zestaw Baterii Alkalicznych Kalibracja Gratis:\u00a0 Alkomat bierze udzia\u0142 w promocji dotycz\u0105cej darmowej us\u0142ugi kolejnej kalibracji w okresie gwarancyjnym 12 miesi\u0119cznym. W tym przypadku jest ona wykonywana bezp\u0142atnie w profesjonalnym laboratorium serwisowym w okresie gwarancyjnym alkomatu. Ka\u017cdy alkomat jest skalibrowany przed wysy\u0142k\u0105 do klienta i gotowy do u\u017cycia. Us\u0142ug\u0119 po\u015bwiadczamy Certyfikatem kalibracji dodawanym do ka\u017cdego alkomatu:<\/p>\n","protected":false},"excerpt":{"rendered":"<p>AlcoForce AF-450 jest precyzyjnym alkomatem, kt\u00f3ry wyr\u00f3\u017cnia si\u0119 nowoczesnym sensorem elektrochemicznym oraz niekonwecjonalnym wygl\u0105dem. Czarna, po\u0142yskliwa obudowa z czu\u0142ym przyciskiem w\u0142\u0105cznika oraz czytelnym cyfrowy wy\u015bwietlaczem sprawiaj\u0105, \u017ce urz\u0105dzenie wyr\u00f3\u017cnia si\u0119 designem spo\u015br\u00f3d konkurencyjnych tester\u00f3w. G\u0142\u00f3wn\u0105 specjalno\u015bci\u0105 alkomatu AlcoForce jest wysoka wiarygodno\u015b\u0107 pomiaru uzyskiwana dzi\u0119ki platynowemu czujnikowi elektrochemicznemu. AF-450 zosta\u0142 stworzony do u\u017cytku osobistego: szybko i [&hellip;]<\/p>\n","protected":false},"featured_media":116510,"template":"","meta":[],"_links":{"self":[{"href":"https:\/\/profitstore.pl\/index.php\/wp-json\/wp\/v2\/product\/116511"}],"collection":[{"href":"https:\/\/profitstore.pl\/index.php\/wp-json\/wp\/v2\/product"}],"about":[{"href":"https:\/\/profitstore.pl\/index.php\/wp-json\/wp\/v2\/types\/product"}],"wp:featuredmedia":[{"embeddable":true,"href":"https:\/\/profitstore.pl\/index.php\/wp-json\/wp\/v2\/media\/116510"}],"wp:attachment":[{"href":"https:\/\/profitstore.pl\/index.php\/wp-json\/wp\/v2\/media?parent=116511"}],"curies":[{"name":"wp","href":"https:\/\/api.w.org\/{rel}","templated":true}]}}