{"id":116508,"date":"2025-07-18T06:00:19","date_gmt":"2025-07-18T06:00:19","guid":{"rendered":"https:\/\/profitstore.pl\/index.php\/produkt\/alkomat-pro-x-3-50-ustnikow\/"},"modified":"2025-07-18T06:00:21","modified_gmt":"2025-07-18T06:00:21","slug":"alkomat-pro-x-3-50-ustnikow","status":"publish","type":"product","link":"https:\/\/profitstore.pl\/index.php\/produkt\/alkomat-pro-x-3-50-ustnikow\/","title":{"rendered":"Alkomat PRO X-3 50 ustnik\u00f3w"},"content":{"rendered":"<p>Alkomat PRO X-3 to nowoczesne urz\u0105dzenie pomiarowe wyposa\u017cone w elektrochemiczny sensor PRO X gwarantuj\u0105cy wysok\u0105 wiarygodno\u015b\u0107 pomiaru. Zaawansowana technologia zapewnia du\u017c\u0105 stabilno\u015b\u0107 wynik\u00f3w. Wysoka czu\u0142o\u015b\u0107 sensora w po\u0142\u0105czeniu z innowacyjnym oprogramowaniem sprawia, \u017ce alkomat dzia\u0142a szybko: pr\u00f3bka powietrza jest ekspresowo pobierana i analizowana. Precyzja pomiaru alkomatu wynosi +\/- 0,06\u2030 przy 0,5\u2030 BAC w 25\u00b0C. Elegancki design, ciekawie wkomponowany w obudow\u0119 przycisk i szeroki wy\u015bwietlacz alkomatu sprawia, ze jego u\u017cytkowanie to czysta przyjemno\u015b\u0107. Parametry Techniczne Rodzaj i liczba baterii : 2x AAA 1.5V Alkaliczne Mo\u017cliwo\u015b\u0107 Kalibracji : tak Precyzja pomiaru : +\/- 0,06 \u2030 przy 0,5\u2030 w 25\u00b0C Wymienny czujnik : tak\/tylko serwis Rodzaj sensora : elektrochemiczny PRO X Wymaga ustnika : tak Waga netto : 84g z bateriami Wymiary produktu : 51 x 109 x 18 mm Zakres pomiaru : 0.000-4.000 \u2030 Kalibracja Kalibracja to poj\u0119cie nieoderwalnie zwi\u0105zane z ka\u017cdym alkomatem. Oznacza ono \u017ce co oko\u0142o 12 miesi\u0119cy lub co 500 pomiar\u00f3w, alkomat nale\u017cy ponownie skonfigurowa\u0107, tak aby poprawnie interpretowa\u0142 wskazania zu\u017cywaj\u0105cego si\u0119 czujnika. O konieczno\u015bci kalibracji \u015bwiadcz\u0105 komunikaty oraz wyniki zdecydowanie odbiegaj\u0105ce od rzeczywisto\u015bci &#8211; np. 0,5\u2030 mimo braku spo\u017cycia alkoholu. Przez 12 miesi\u0119cy od daty zakupu skalibrujemy Tw\u00f3j alkomat za darmo i bez limitu &#8211; przys\u0142uguje Ci nielimitowana ilo\u015b\u0107 kalibracji w tym czasie. ZESTAW ZAWIERA \u015awie\u017co skalibrowany i gotowy do u\u017cycia alkomat PRO X-3 Eleganckie Etui Instrukcja w J\u0119zyku Polskim Ustniki wielorazowego u\u017cytku &#8211; 2 sztuki Zestaw Baterii Alkalicznych Karta gwarancyjna &#8211; 3 Lata gwarancji &#8211; 12 miesi\u0119cy darmowej kalibracji Kalibracja Gratis:\u00a0 Alkomat bierze udzia\u0142 w promocji dotycz\u0105cej darmowej us\u0142ugi kolejnej kalibracji w okresie gwarancyjnym 12 miesi\u0119cznym. W tym przypadku jest ona wykonywana bezp\u0142atnie w profesjonalnym laboratorium serwisowym w okresie gwarancyjnym alkomatu. Ka\u017cdy alkomat jest skalibrowany przed wysy\u0142k\u0105 do klienta i gotowy do u\u017cycia. Us\u0142ug\u0119 po\u015bwiadczamy Certyfikatem kalibracji dodawanym do ka\u017cdego alkomatu:<\/p>\n","protected":false},"excerpt":{"rendered":"<p>Alkomat PRO X-3 to nowoczesne urz\u0105dzenie pomiarowe wyposa\u017cone w elektrochemiczny sensor PRO X gwarantuj\u0105cy wysok\u0105 wiarygodno\u015b\u0107 pomiaru. Zaawansowana technologia zapewnia du\u017c\u0105 stabilno\u015b\u0107 wynik\u00f3w. Wysoka czu\u0142o\u015b\u0107 sensora w po\u0142\u0105czeniu z innowacyjnym oprogramowaniem sprawia, \u017ce alkomat dzia\u0142a szybko: pr\u00f3bka powietrza jest ekspresowo pobierana i analizowana. Precyzja pomiaru alkomatu wynosi +\/- 0,06\u2030 przy 0,5\u2030 BAC w 25\u00b0C. Elegancki [&hellip;]<\/p>\n","protected":false},"featured_media":116506,"template":"","meta":[],"_links":{"self":[{"href":"https:\/\/profitstore.pl\/index.php\/wp-json\/wp\/v2\/product\/116508"}],"collection":[{"href":"https:\/\/profitstore.pl\/index.php\/wp-json\/wp\/v2\/product"}],"about":[{"href":"https:\/\/profitstore.pl\/index.php\/wp-json\/wp\/v2\/types\/product"}],"wp:featuredmedia":[{"embeddable":true,"href":"https:\/\/profitstore.pl\/index.php\/wp-json\/wp\/v2\/media\/116506"}],"wp:attachment":[{"href":"https:\/\/profitstore.pl\/index.php\/wp-json\/wp\/v2\/media?parent=116508"}],"curies":[{"name":"wp","href":"https:\/\/api.w.org\/{rel}","templated":true}]}}