{"id":116501,"date":"2025-07-18T06:00:19","date_gmt":"2025-07-18T06:00:19","guid":{"rendered":"https:\/\/profitstore.pl\/index.php\/produkt\/alkomat-pro-x-5-brak\/"},"modified":"2025-07-18T06:00:19","modified_gmt":"2025-07-18T06:00:19","slug":"alkomat-pro-x-5-brak","status":"publish","type":"product","link":"https:\/\/profitstore.pl\/index.php\/produkt\/alkomat-pro-x-5-brak\/","title":{"rendered":"Alkomat PRO X-5+ Brak"},"content":{"rendered":"<p>Alkomat PRO X-5 PLUS wyr\u00f3\u017cnia si\u0119 du\u017c\u0105 wiarygodno\u015bci\u0105 pomiaru, a tak\u017ce dodatkowymi funkcjami i nowoczesnym wygl\u0105dem, dzi\u0119ki czemu jest idealny dla wymagaj\u0105cych u\u017cytkownik\u00f3w indywidualnych. Wysokiej jako\u015bci podzespo\u0142y gwarantuj\u0105 p\u0142ynno\u015b\u0107 i szybko\u015b\u0107 dzia\u0142ania. Dzi\u0119ki sensorowi elektrochemicznemu wykonanemu w technologii PRO X+ pomiary alkomatu s\u0105 stabilne, a b\u0142\u0105d pomiarowy stosunkowo niski. Nowa wersja oprogramowania gwarantuje nienaganne dzia\u0142anie urz\u0105dzenia, a tak\u017ce uwzgl\u0119dnia dodatkowe funkcje takie, jak: wska\u017anik kalibracji, pami\u0119\u0107 10 pomiar\u00f3w czy licznik wykonanych test\u00f3w. Parametry Techniczne Rodzaj i liczba baterii : 2x AAA 1.5V Alkaliczne Dok\u0142adno\u015b\u0107 prezentowanego wyniku : 0.01\u2030 Mo\u017cliwo\u015b\u0107 Kalibracji : tak Precyzja pomiaru : +\/- 0,10\u2030 przy 1,0\u2030 w 25\u00b0C Wymienny czujnik : tak\/tylko serwis Rodzaj sensora : elektrochemiczny Wymaga ustnika : tak Waga netto : 85g z bateriami Wymiary produktu : 47 x 108 x 17 mm Zakres pomiaru : 0.000-5.000 \u2030 Kalibracja Kalibracja to poj\u0119cie nieoderwalnie zwi\u0105zane z ka\u017cdym alkomatem. Oznacza ono \u017ce co oko\u0142o 12 miesi\u0119cy lub co 500 pomiar\u00f3w, alkomat nale\u017cy ponownie skonfigurowa\u0107, tak aby poprawnie interpretowa\u0142 wskazania zu\u017cywaj\u0105cego si\u0119 czujnika. O konieczno\u015bci kalibracji \u015bwiadcz\u0105 komunikaty oraz wyniki zdecydowanie odbiegaj\u0105ce od rzeczywisto\u015bci &#8211; np. 0,5\u2030 mimo braku spo\u017cycia alkoholu. Przez 12 miesi\u0119cy od daty zakupu skalibrujemy Tw\u00f3j alkomat za darmo i bez limitu &#8211; przys\u0142uguje Ci nielimitowana ilo\u015b\u0107 kalibracji w tym czasie. ZESTAW ZAWIERA \u015awie\u017co skalibrowany i gotowy do u\u017cycia alkomat PRO X-5 PLUS Instrukcja w J\u0119zyku Polskim Ustniki wielorazowego u\u017cytku &#8211; 2 sztuki Zestaw Baterii Alkalicznych Karta Gwarancyjna 5 LAT &#8211; 12 miesi\u0119cy kalibracji Kalibracja Gratis:\u00a0 Alkomat bierze udzia\u0142 w promocji dotycz\u0105cej darmowej us\u0142ugi kolejnej kalibracji w okresie gwarancyjnym 12 miesi\u0119cznym. W tym przypadku jest ona wykonywana bezp\u0142atnie w profesjonalnym laboratorium serwisowym w okresie gwarancyjnym alkomatu. Ka\u017cdy alkomat jest skalibrowany przed wysy\u0142k\u0105 do klienta i gotowy do u\u017cycia. Us\u0142ug\u0119 po\u015bwiadczamy Certyfikatem kalibracji dodawanym do ka\u017cdego alkomatu:<\/p>\n","protected":false},"excerpt":{"rendered":"<p>Alkomat PRO X-5 PLUS wyr\u00f3\u017cnia si\u0119 du\u017c\u0105 wiarygodno\u015bci\u0105 pomiaru, a tak\u017ce dodatkowymi funkcjami i nowoczesnym wygl\u0105dem, dzi\u0119ki czemu jest idealny dla wymagaj\u0105cych u\u017cytkownik\u00f3w indywidualnych. Wysokiej jako\u015bci podzespo\u0142y gwarantuj\u0105 p\u0142ynno\u015b\u0107 i szybko\u015b\u0107 dzia\u0142ania. Dzi\u0119ki sensorowi elektrochemicznemu wykonanemu w technologii PRO X+ pomiary alkomatu s\u0105 stabilne, a b\u0142\u0105d pomiarowy stosunkowo niski. Nowa wersja oprogramowania gwarantuje nienaganne dzia\u0142anie [&hellip;]<\/p>\n","protected":false},"featured_media":116502,"template":"","meta":[],"_links":{"self":[{"href":"https:\/\/profitstore.pl\/index.php\/wp-json\/wp\/v2\/product\/116501"}],"collection":[{"href":"https:\/\/profitstore.pl\/index.php\/wp-json\/wp\/v2\/product"}],"about":[{"href":"https:\/\/profitstore.pl\/index.php\/wp-json\/wp\/v2\/types\/product"}],"wp:featuredmedia":[{"embeddable":true,"href":"https:\/\/profitstore.pl\/index.php\/wp-json\/wp\/v2\/media\/116502"}],"wp:attachment":[{"href":"https:\/\/profitstore.pl\/index.php\/wp-json\/wp\/v2\/media?parent=116501"}],"curies":[{"name":"wp","href":"https:\/\/api.w.org\/{rel}","templated":true}]}}