{"id":116495,"date":"2024-10-14T18:18:12","date_gmt":"2024-10-14T18:18:12","guid":{"rendered":"https:\/\/profitstore.pl\/index.php\/produkt\/alkomat-promiler-al-9000-lite-10-ustnikow\/"},"modified":"2024-10-14T18:18:22","modified_gmt":"2024-10-14T18:18:22","slug":"alkomat-promiler-al-9000-lite-10-ustnikow","status":"publish","type":"product","link":"https:\/\/profitstore.pl\/index.php\/produkt\/alkomat-promiler-al-9000-lite-10-ustnikow\/","title":{"rendered":"Alkomat Promiler AL 9000 LITE 10 ustnik\u00f3w"},"content":{"rendered":"<p>OD LAT NAJWY\u017bSZY POZIOM ZAUFANIA U\u017bYTKOWNIK\u00d3W INDYWIDUALNYCH Alkomat PROMILER AL 9000 LITE to najlepsze rozwi\u0105zanie dla os\u00f3b, kt\u00f3re poszukuj\u0105 urz\u0105dzenia do pomiaru st\u0119\u017cenia alkoholu we krwi do 600 z\u0142. SENSOR ELEKTROCHEMICZNY QMOL 3.0 Atutem tego nowoczesnego alkomatu jest sensor QMol 3.0, kt\u00f3ry zosta\u0142 zaprojektowany dla tego konkretnego modelu. Czujnik elektrochemiczny jest wyj\u0105tkowo czu\u0142y i dok\u0142adny, zapewniaj\u0105c najwy\u017csz\u0105 precyzj\u0119 pomiar\u00f3w \u2013 dla 1,0\u2030 jest to +\/- 0,1\u2030! . KALIBRACJA CO 12 MIESI\u0118CY Dzi\u0119ki zastosowaniu tak nowoczesnego sensora, alkomat osobisty nie wymaga cz\u0119stej kalibracji. Mo\u017cesz dokonywa\u0107 jej raz na 12 miesi\u0119cy albo po 1000 wykonanych pomiarach. 5 LAT GWARANCJI W CENIE O najwy\u017cszej jako\u015bci naszych alkomat\u00f3w przesiewowych przekona\u0142o si\u0119 ju\u017c wielu klient\u00f3w, w tym s\u0142u\u017cby mundurowe. Przez ponad 15 lat naszej obecno\u015bci w bran\u017cy alkomat\u00f3w dowiedli\u015bmy, \u017ce oferujemy wy\u0142\u0105cznie sprawdzone, profesjonalne urz\u0105dzenia pomiarowe. LICZNIK POMIAR\u00d3W AL 9000 LITE zapami\u0119tuje ca\u0142kowit\u0105 liczb\u0119 wykonanych pomiar\u00f3w, co u\u0142atwia okre\u015blenie terminu kalibracji. Dzi\u0119ki kalibracji alkomat cyfrowy zawsze b\u0119dzie wskazywa\u0142 prawid\u0142owy wynik pomiaru. ZAPIS OSTATNIEGO WYNIKU Alkomat osobisty zapisuje ostatnie badanie, dzi\u0119ki czemu nie musisz wykonywa\u0107 ponownego pomiaru, gdy zapomnisz, jaki by\u0142 jego wynik. Dzi\u0119ki temu nie tylko zyskujesz komfort, ale tak\u017ce przed\u0142u\u017casz \u017cywotno\u015b\u0107 sensora. KONTROLA PRZEP\u0141YWU POWIETRZA Dzi\u0119ki kontroli przep\u0142ywu powietrza PROMILER AL 9000 LITE zawsze zapewnia odpowiedni\u0105 obj\u0119to\u015b\u0107 badanej pr\u00f3bki. INNOWACYJNE OPROGRAMOWANIE Nowoczesny software tego alkomatu osobistego potrafi skutecznie zweryfikowa\u0107 prawid\u0142owe dzia\u0142anie sensora. Co wi\u0119cej, umo\u017cliwi Ci kontrolowanie stanu na\u0142adowania baterii. NOWOCZESNY DESIGN W STYLU SMARTFONA PROMILER AL 9000 LITE to ponadczasowy nowoczesny design, kt\u00f3ry spe\u0142ni oczekiwania najbardziej wymagaj\u0105cych u\u017cytkownik\u00f3w. Alkomat cyfrowy jest przy tym niewielki i lekki, dlatego mo\u017ce towarzyszy\u0107 Ci niezale\u017cnie od miejsca i sytuacji, w jakiej si\u0119 znalaz\u0142e\u015b. Kalibracja Gratis:\u00a0 Alkomat bierze udzia\u0142 w promocji dotycz\u0105cej darmowej us\u0142ugi kolejnej kalibracji w okresie gwarancyjnym 12 miesi\u0119cznym. W tym przypadku jest ona wykonywana bezp\u0142atnie w profesjonalnym laboratorium serwisowym w okresie gwarancyjnym alkomatu. Ka\u017cdy alkomat jest skalibrowany przed wysy\u0142k\u0105 do klienta i gotowy do u\u017cycia. Us\u0142ug\u0119 po\u015bwiadczamy Certyfikatem kalibracji dodawanym do ka\u017cdego alkomatu:<\/p>\n","protected":false},"excerpt":{"rendered":"<p>OD LAT NAJWY\u017bSZY POZIOM ZAUFANIA U\u017bYTKOWNIK\u00d3W INDYWIDUALNYCH Alkomat PROMILER AL 9000 LITE to najlepsze rozwi\u0105zanie dla os\u00f3b, kt\u00f3re poszukuj\u0105 urz\u0105dzenia do pomiaru st\u0119\u017cenia alkoholu we krwi do 600 z\u0142. SENSOR ELEKTROCHEMICZNY QMOL 3.0 Atutem tego nowoczesnego alkomatu jest sensor QMol 3.0, kt\u00f3ry zosta\u0142 zaprojektowany dla tego konkretnego modelu. Czujnik elektrochemiczny jest wyj\u0105tkowo czu\u0142y i dok\u0142adny, [&hellip;]<\/p>\n","protected":false},"featured_media":116494,"template":"","meta":[],"_links":{"self":[{"href":"https:\/\/profitstore.pl\/index.php\/wp-json\/wp\/v2\/product\/116495"}],"collection":[{"href":"https:\/\/profitstore.pl\/index.php\/wp-json\/wp\/v2\/product"}],"about":[{"href":"https:\/\/profitstore.pl\/index.php\/wp-json\/wp\/v2\/types\/product"}],"wp:featuredmedia":[{"embeddable":true,"href":"https:\/\/profitstore.pl\/index.php\/wp-json\/wp\/v2\/media\/116494"}],"wp:attachment":[{"href":"https:\/\/profitstore.pl\/index.php\/wp-json\/wp\/v2\/media?parent=116495"}],"curies":[{"name":"wp","href":"https:\/\/api.w.org\/{rel}","templated":true}]}}