{"id":116492,"date":"2024-10-14T18:18:12","date_gmt":"2024-10-14T18:18:12","guid":{"rendered":"https:\/\/profitstore.pl\/index.php\/produkt\/alkomat-promiler-al-8000-plus-50-ustnikow\/"},"modified":"2024-10-14T18:18:21","modified_gmt":"2024-10-14T18:18:21","slug":"alkomat-promiler-al-8000-plus-50-ustnikow","status":"publish","type":"product","link":"https:\/\/profitstore.pl\/index.php\/produkt\/alkomat-promiler-al-8000-plus-50-ustnikow\/","title":{"rendered":"Alkomat Promiler AL 8000 PLUS 50 ustnik\u00f3w"},"content":{"rendered":"<p>NOWA,WY\u017bSZA JAKO\u015a\u0106 Alkomat osobisty jest ulepszon\u0105 wersj\u0105 popularnego modelu AL 8000. Jest jeszcze precyzyjniejszy, trwalszy, a do tego zapewnia dost\u0119p do wielu nowych funkcji, spe\u0142niaj\u0105c oczekiwania najbardziej wymagaj\u0105cych u\u017cytkownik\u00f3w. AL 8000 PLUS jest zgodny z norm\u0105 EN 16280:2012, kt\u00f3ra okre\u015bla mi\u0119dzy innymi dok\u0142adno\u015b\u0107 i powtarzalno\u015b\u0107 wynik\u00f3w. \u015awiadczy o najwy\u017cszej jako\u015bci wykonania alkomatu osobistego. 5 LAT GWARANCJI W CENIE O najwy\u017cszej jako\u015bci naszych alkomat\u00f3w przekona\u0142o si\u0119 ju\u017c wielu klient\u00f3w, w tym s\u0142u\u017cby mundurowe. Przez ponad 15 lat naszej obecno\u015bci w bran\u017cy alkomat\u00f3w dowiedli\u015bmy, \u017ce oferujemy wy\u0142\u0105cznie sprawdzone, profesjonalne urz\u0105dzenia pomiarowe. Na alkomat PROMILER AL 8000 PLUS udzielamy a\u017c 5 lat. SENSOR ELEKTROCHEMICZNY QMOL 2.0 Alkomat osobisty zosta\u0142 wyposa\u017cony w sensor elektrochemiczny QMol 2.0, kt\u00f3ry zapewnia maksymaln\u0105 czu\u0142o\u015b\u0107 uk\u0142adu pomiarowego. Oznacza to, \u017ce zapewnia wysok\u0105 precyzj\u0119 bada\u0144 \u2013 dla 0,5\u2030 jest to +\/- 0,05\u2030. To wynik nieosi\u0105galny dla wi\u0119kszo\u015bci alkomat\u00f3w z tej p\u00f3\u0142ki cenowej! DARMOWE KALIBRACJE PROMILER AL 8000 PLUS to nowoczesny alkomat, kt\u00f3ry nie wymaga cz\u0119stej kalibracji. Aby dzia\u0142a\u0142 poprawnie, wystarczy przeprowadzi\u0107 j\u0105 raz na 12 miesi\u0119cy albo po wykonaniu 1000 pomiar\u00f3w. SAMOKONTROLA POPRAWNO\u015aCI DZIA\u0141ANIA Nowoczesne oprogramowanie alkomatu sprawia, \u017ce zawsze b\u0119dzie on dzia\u0142a\u0142 prawid\u0142owo. Zosta\u0142 bowiem wyposa\u017cony w funkcj\u0119 przypominania o koniecznej kalibracji \u2013 wska\u017ce Ci dok\u0142adn\u0105 liczb\u0119 dni, jaka pozosta\u0142a do jej przeprowadzenia. UNIWERSALNY USTNIK W PROMILER AL 8000 PLUS do\u0142\u0105czono uniwersalny model ustnika przeznaczony do wielokrotnego u\u017cytku. ROZBUDOWANA PAMI\u0118\u0106 LICZBY POMIAR\u00d3W PROMILER AL 8000 PLUS zapami\u0119tuje wyniki ostatnich 10 pomiar\u00f3w, a tak\u017ce informuje o czasie, jaki min\u0105\u0142 od poprzedniego badania. NOWOCZESNE ZABEZPIECZENIE SENSORA Wbudowane w alkomat 2 systemy zabezpieczaj\u0105ce prac\u0119 sensora powoduj\u0105, \u017ce AL 8000 PLUS b\u0119dzie zawsze dzia\u0142a\u0142 prawid\u0142owo \u2013 niezale\u017cnie od warunk\u00f3w. KONTROLA PRZEP\u0141YWU POWIETRZA Dzi\u0119ki kontroli przep\u0142ywu powietrza alkomat dostarczy Ci informacje dotycz\u0105ce nieprawid\u0142owej obj\u0119to\u015bci pr\u00f3bki, jaka zosta\u0142a pobrana do analizy. ELEGANCKI DESIGN I NIEWIELKIE WYMIARY Atutem tego nowoczesnego alkomatu jest elegancki design. Stonowana kolorystyka sprawia, \u017ce AL 8000 PLUS cieszy oko, a niewielka waga i kompaktowe wymiary powoduj\u0105, \u017ce mo\u017cesz mie\u0107 go zawsze przy sobie. WY\u015aWIETLACZ LCD Wyniki pomiar\u00f3w pojawiaj\u0105 si\u0119 na czytelnym wy\u015bwietlaczu LCD a rozpocz\u0119cie i zako\u0144czenie badania sygnalizowane jest zar\u00f3wno d\u017awi\u0119kowo, jak i diodowo. TRYB WYKRYWANIA ALKOHOLU W P\u0141YNACH U\u017cywaj\u0105c PROMILER AL 8000 PLUS zbadasz czy w napoju ZNAJDUJE SI\u0118 ALKOHOL WYSUWANY USTNIK PROMILER AL 8000 PLUS posiada wbudowany, wysuwany ustnik. Dzi\u0119ki temu je\u015bli zapomnisz zapasowych ustnik\u00f3w nadal mo\u017cesz korzysta\u0107 z urz\u0105dzenia w trybie pomiaru ustnikowego, aby zapewni\u0107 DOK\u0141ADNY POMIAR Kalibracja Gratis:\u00a0 Alkomat bierze udzia\u0142 w promocji dotycz\u0105cej darmowej us\u0142ugi kolejnej kalibracji w okresie gwarancyjnym 12 miesi\u0119cznym. W tym przypadku jest ona wykonywana bezp\u0142atnie w profesjonalnym laboratorium serwisowym w okresie gwarancyjnym alkomatu. Ka\u017cdy alkomat jest skalibrowany przed wysy\u0142k\u0105 do klienta i gotowy do u\u017cycia. Us\u0142ug\u0119 po\u015bwiadczamy Certyfikatem kalibracji dodawanym do ka\u017cdego alkomatu:<\/p>\n","protected":false},"excerpt":{"rendered":"<p>NOWA,WY\u017bSZA JAKO\u015a\u0106 Alkomat osobisty jest ulepszon\u0105 wersj\u0105 popularnego modelu AL 8000. Jest jeszcze precyzyjniejszy, trwalszy, a do tego zapewnia dost\u0119p do wielu nowych funkcji, spe\u0142niaj\u0105c oczekiwania najbardziej wymagaj\u0105cych u\u017cytkownik\u00f3w. AL 8000 PLUS jest zgodny z norm\u0105 EN 16280:2012, kt\u00f3ra okre\u015bla mi\u0119dzy innymi dok\u0142adno\u015b\u0107 i powtarzalno\u015b\u0107 wynik\u00f3w. \u015awiadczy o najwy\u017cszej jako\u015bci wykonania alkomatu osobistego. 5 LAT [&hellip;]<\/p>\n","protected":false},"featured_media":116490,"template":"","meta":[],"_links":{"self":[{"href":"https:\/\/profitstore.pl\/index.php\/wp-json\/wp\/v2\/product\/116492"}],"collection":[{"href":"https:\/\/profitstore.pl\/index.php\/wp-json\/wp\/v2\/product"}],"about":[{"href":"https:\/\/profitstore.pl\/index.php\/wp-json\/wp\/v2\/types\/product"}],"wp:featuredmedia":[{"embeddable":true,"href":"https:\/\/profitstore.pl\/index.php\/wp-json\/wp\/v2\/media\/116490"}],"wp:attachment":[{"href":"https:\/\/profitstore.pl\/index.php\/wp-json\/wp\/v2\/media?parent=116492"}],"curies":[{"name":"wp","href":"https:\/\/api.w.org\/{rel}","templated":true}]}}