{"id":116477,"date":"2024-10-14T18:17:50","date_gmt":"2024-10-14T18:17:50","guid":{"rendered":"https:\/\/profitstore.pl\/index.php\/produkt\/alkomat-alco-sensor-fst-m\/"},"modified":"2024-10-14T18:18:10","modified_gmt":"2024-10-14T18:18:10","slug":"alkomat-alco-sensor-fst-m","status":"publish","type":"product","link":"https:\/\/profitstore.pl\/index.php\/produkt\/alkomat-alco-sensor-fst-m\/","title":{"rendered":"Alkomat Alco-Sensor FST M"},"content":{"rendered":"<p>Alkomat Alco-Sensor FST Analiza alkomatu\u00a0Alco-Sensor FST\u00a0oparta jest na\u00a0wysokiej klasy czujniku elektrochemicznym\u00a0specyficznym dla etanolu, dzi\u0119ki czemu na wynik analizy nie wp\u0142ywaj\u0105 \u017cadne inne substancje zawarte w wydechu. Posiada on mo\u017cliwo\u015b\u0107 wsp\u00f3\u0142pracy z drukark\u0105 termiczn\u0105 oraz komputerem. Produkt na zam\u00f3wienie. Czas realizacji 3-5 dni. Dane techniczne Sensor: sensor elektrochemiczny; Zakres pomiaru: 0,00 &#8211; 2,00 mg\/l; Wy\u015bwietlacz: du\u017cy, pod\u015bwietlany LCD: tradycyjne pod\u015bwietlenie oraz pod\u015bwietlenie przy pomiarze ilo\u015bciowym: zielony (wynik negatywny 0,00 \u2013 0,09 mg\/l), \u017c\u00f3\u0142ty (wynik pozytywny 0,10 \u2013 0,24 mg\/l), czerwony (wynik pozytywny 0,25 mg\/l i wi\u0119cej), pod\u015bwietlenie przy pomiarze pasywnym: zielony (wynik negatywny), czerwony (wynik pozytywny), wynik podawany do dw\u00f3ch miejsc po przecinku; Kolor: ciemno szary + \u017c\u00f3\u0142ty, ciemno szary + niebieski, ciemno szary + czarny; Wymiary: 70 mm x 120 mm; Waga: 170 g; Tryb pomiaru: automatyczny b\u0105d\u017a manualny Czas pomiaru: do 5 s.; Zasilanie: baterie alkaiczne lub litowe 2 x AA 1,5V lub akumulatorki 2 x 1,2V; Dodatkowe opcje: Pami\u0119\u0107 wykonanych pomiar\u00f3w do 800 test\u00f3w, Mo\u017cliwo\u015b\u0107 wydrukowania protoko\u0142u z badania poprzez drukark\u0119 termiczn\u0105, Mo\u017cliwo\u015b\u0107 komunikacji z drukark\u0105 termiczn\u0105, komputerem, Funkcja automatycznego wy\u0142\u0105czania si\u0119 po 30 sekundach, Uk\u0142ad kontroli poziomu zasilania, Detektor fal elektromagnetycznych, Oprogramowanie uniemo\u017cliwiaj\u0105ce ingerencj\u0119 w prac\u0119 urz\u0105dzenia; Jednostki mierz\u0105ce: wynik w mg\/l. \u00a0 Zestaw zawiera Alkomat: Alco-Sensor FST; Etui w postaci praktycznej walizeczki; P\u0119tl\u0119 na d\u0142o\u0144 zabezpieczaj\u0105c\u0105 przed upadkiem; Instrukcj\u0119 obs\u0142ugi; Kart\u0119 gwarancyjn\u0105. Ka\u017cdy alkomat jest skalibrowany przed wysy\u0142k\u0105 do klienta i gotowy do u\u017cycia. Us\u0142ug\u0119 po\u015bwiadczamy\u00a0Certyfikatem kalibracji\u00a0dodawanym do ka\u017cdego alkomatu.<\/p>\n","protected":false},"excerpt":{"rendered":"<p>Alkomat Alco-Sensor FST Analiza alkomatu\u00a0Alco-Sensor FST\u00a0oparta jest na\u00a0wysokiej klasy czujniku elektrochemicznym\u00a0specyficznym dla etanolu, dzi\u0119ki czemu na wynik analizy nie wp\u0142ywaj\u0105 \u017cadne inne substancje zawarte w wydechu. Posiada on mo\u017cliwo\u015b\u0107 wsp\u00f3\u0142pracy z drukark\u0105 termiczn\u0105 oraz komputerem. Produkt na zam\u00f3wienie. Czas realizacji 3-5 dni. Dane techniczne Sensor: sensor elektrochemiczny; Zakres pomiaru: 0,00 &#8211; 2,00 mg\/l; Wy\u015bwietlacz: du\u017cy, [&hellip;]<\/p>\n","protected":false},"featured_media":116478,"template":"","meta":[],"_links":{"self":[{"href":"https:\/\/profitstore.pl\/index.php\/wp-json\/wp\/v2\/product\/116477"}],"collection":[{"href":"https:\/\/profitstore.pl\/index.php\/wp-json\/wp\/v2\/product"}],"about":[{"href":"https:\/\/profitstore.pl\/index.php\/wp-json\/wp\/v2\/types\/product"}],"wp:featuredmedia":[{"embeddable":true,"href":"https:\/\/profitstore.pl\/index.php\/wp-json\/wp\/v2\/media\/116478"}],"wp:attachment":[{"href":"https:\/\/profitstore.pl\/index.php\/wp-json\/wp\/v2\/media?parent=116477"}],"curies":[{"name":"wp","href":"https:\/\/api.w.org\/{rel}","templated":true}]}}