{"id":116447,"date":"2024-10-14T18:17:50","date_gmt":"2024-10-14T18:17:50","guid":{"rendered":"https:\/\/profitstore.pl\/index.php\/produkt\/alkomat-drager-alcotest-4000\/"},"modified":"2024-10-14T18:17:54","modified_gmt":"2024-10-14T18:17:54","slug":"alkomat-drager-alcotest-4000","status":"publish","type":"product","link":"https:\/\/profitstore.pl\/index.php\/produkt\/alkomat-drager-alcotest-4000\/","title":{"rendered":"Alkomat Drager Alcotest 4000"},"content":{"rendered":"<p>Alkomat profesjonalny Drager Alcotest 4000 zosta\u0142 wyposa\u017cony w niezwykle precyzyjny sensor elektrochemiczny, kt\u00f3rego rozdzielczo\u015b\u0107 wskaza\u0144 mie\u015bci si\u0119 do dw\u00f3ch miejsc po przecinku. Ten ma\u0142y i por\u0119czny alkomat mo\u017cesz schowa\u0107 do kieszeni lub do schowka w samochodzie. Cz\u0119sto podr\u00f3\u017cujesz? Jeste\u015b kierowc\u0105 zawodowym? Nie wiesz, czy mo\u017cesz wsi\u0105\u015b\u0107 za k\u00f3\u0142ko i ruszy\u0107 dalej w tras\u0119, bo dzie\u0144 wcze\u015bniej mia\u0142e\u015b lekko zakrapian\u0105 imprez\u0119? Alkomat profesjonalny Drager Alcotest 4000 jest gotowy do u\u017cycia ju\u017c po 4 sekundach od w\u0142\u0105czenia i charakteryzuje si\u0119 kr\u00f3tkim czasem poboru pr\u00f3bki, kt\u00f3ry wynosi zaledwie 2 sekundy. Elektroniczny wy\u015bwietlacz szybko poka\u017ce wynik badania i upewni Ci\u0119, czy mo\u017cesz wyjecha\u0107 w tras\u0119 swoim samochodem. Urz\u0105dzenie prezentuje si\u0119 niezwykle elegancko, a w zestawie dodatkowo do\u0142\u0105czony jest estetyczny pokrowiec. Alkomat profesjonalny Drager Alcotest 4000 to sprz\u0119t najwy\u017cszej jako\u015bci, kt\u00f3ry z pewno\u015bci\u0105 spe\u0142ni Twoje oczekiwania. Zainstalowane w nim czujniki sygnalizuj\u0105 pocz\u0105tek i koniec pomiaru, a tak\u017ce roz\u0142adowanie baterii i uszkodzenie sensora. Alkomat zapisuje do 10 test\u00f3w na zawarto\u015b\u0107 alkoholu we krwi. Specyfikacja techniczna Profesjonalny sensor elektrochemiczny 1\/4&#8243; Dr\u00e4gerSensor Zakres pomiarowy 0,00-2,50mg\/L (0,00-5,00\u2030) Rozdzielczo\u015b\u0107 wskaza\u0144 0,01\u2030 do 2 miejsc po przecinku Gotowo\u015b\u0107 do pracy ok. 4 sekundy po w\u0142\u0105czeniu Czas poboru pr\u00f3bki ok. 2 sekund Alkomat posiada licznik pomiar\u00f3w Pami\u0119\u0107 10 ostatnich test\u00f3w Sygnalizacja d\u017awi\u0119kowa pocz\u0105tku pomiaru Sygnalizacja d\u017awi\u0119kowa ko\u0144ca pomiaru Sygnalizacja kontroli roz\u0142adowania baterii Sygnalizacja uszkodzenia sensora Dioda LED uzupe\u0142niaj\u0105ca wskazania na wy\u015bwietlaczu Automatyczne wy\u0142\u0105czanie zasilania po bezczynno\u015bci u\u017cytkownika Alkomat dzia\u0142a w trybie automatycznym Zasilanie poprzez 1 bateri\u0119 CR123A (wystarcza na 1500 test\u00f3w) Certyfikaty i normy EU w zale\u017cno\u015bci od konfiguracji urz\u0105dzenia Temperatura pracy: -5\u00b0C do +50\u00b0C Wymiary 133x50x29mm Waga 130g z bateri\u0105 Zestaw zawiera Alkomat elektrochemiczny Drager 4000 Bateria alkaliczna CR123A Ustniki wielorazowe 3szt. (pakowane indywidualnie) Instrukcja obs\u0142ugi w j. polskim Karta gwarancyjna Certyfikat kalibracji wystawiany w dniu sprzeda\u017cy Program darmowej kalibracji w okresie 1 roku. Na ka\u017cdy produkt 2 lata gwarancji. Alkomat bierze udzia\u0142 w promocji dotycz\u0105cej\u00a0darmowych us\u0142ug kalibracji\u00a0w okresie 1 roku (bez limitu ilo\u015bciowego) od daty zakupu. Wykonujemy j\u0105 w naszym laboratorium serwisowym. Standardowo ta us\u0142uga jest p\u0142atna. Ka\u017cdy alkomat jest skalibrowany przed wysy\u0142k\u0105 do klienta i gotowy do u\u017cycia. Us\u0142ug\u0119 po\u015bwiadczamy\u00a0Certyfikatem kalibracji\u00a0dodawanym do ka\u017cdego alkomatu.<\/p>\n","protected":false},"excerpt":{"rendered":"<p>Alkomat profesjonalny Drager Alcotest 4000 zosta\u0142 wyposa\u017cony w niezwykle precyzyjny sensor elektrochemiczny, kt\u00f3rego rozdzielczo\u015b\u0107 wskaza\u0144 mie\u015bci si\u0119 do dw\u00f3ch miejsc po przecinku. Ten ma\u0142y i por\u0119czny alkomat mo\u017cesz schowa\u0107 do kieszeni lub do schowka w samochodzie. Cz\u0119sto podr\u00f3\u017cujesz? Jeste\u015b kierowc\u0105 zawodowym? Nie wiesz, czy mo\u017cesz wsi\u0105\u015b\u0107 za k\u00f3\u0142ko i ruszy\u0107 dalej w tras\u0119, bo dzie\u0144 [&hellip;]<\/p>\n","protected":false},"featured_media":116448,"template":"","meta":[],"_links":{"self":[{"href":"https:\/\/profitstore.pl\/index.php\/wp-json\/wp\/v2\/product\/116447"}],"collection":[{"href":"https:\/\/profitstore.pl\/index.php\/wp-json\/wp\/v2\/product"}],"about":[{"href":"https:\/\/profitstore.pl\/index.php\/wp-json\/wp\/v2\/types\/product"}],"wp:featuredmedia":[{"embeddable":true,"href":"https:\/\/profitstore.pl\/index.php\/wp-json\/wp\/v2\/media\/116448"}],"wp:attachment":[{"href":"https:\/\/profitstore.pl\/index.php\/wp-json\/wp\/v2\/media?parent=116447"}],"curies":[{"name":"wp","href":"https:\/\/api.w.org\/{rel}","templated":true}]}}