{"id":116445,"date":"2024-10-14T18:17:50","date_gmt":"2024-10-14T18:17:50","guid":{"rendered":"https:\/\/profitstore.pl\/index.php\/produkt\/alkomat-alkosmart-beta-pro-x\/"},"modified":"2024-10-14T18:17:53","modified_gmt":"2024-10-14T18:17:53","slug":"alkomat-alkosmart-beta-pro-x","status":"publish","type":"product","link":"https:\/\/profitstore.pl\/index.php\/produkt\/alkomat-alkosmart-beta-pro-x\/","title":{"rendered":"Alkomat AlkoSmart Beta PRO X"},"content":{"rendered":"<p>Alkomat AlkoSmart Beta PRO X to alkomat elektrochemiczny, kt\u00f3ry cechuje si\u0119 wysok\u0105 dok\u0142adno\u015bci\u0105 pomiar\u00f3w i spe\u0142nia wszystkie wymagania nawet najbardziej wymagaj\u0105cych u\u017cytkownik\u00f3w. Konstrukcja urz\u0105dzenia nie jest skomplikowana, a elektroniczny wy\u015bwietlacz w b\u0142yskawicznym tempie pokazuje wynik przeprowadzonego badania stanu trze\u017awo\u015bci. Elegancki czarny wygl\u0105d, innowacyjne rozwi\u0105zania i sensor wykorzystuj\u0105cy technologi\u0119 policyjn\u0105 &#8211; takie po\u0142\u0105czenie gwarantuje komfort u\u017cytkowania alkomatu osobistego. Na dodatek sensor elektrochemiczny wbudowany w tym modelu charakteryzuje si\u0119 d\u0142ug\u0105 \u017cywotno\u015bci\u0105 przy odpowiednim serwisowaniu. Ca\u0142y zestaw jest spakowany w eleganckie etui do alkomatu osobistego. Znajduje si\u0119 w nim miejsce na alkomat AlkoSmart Beta PRO X oraz na kilka sztuk ustnik\u00f3w. Dzi\u0119ki temu masz mo\u017cliwo\u015b\u0107 zbadania swojego stanu trze\u017awo\u015bci w dowolnym momencie. Przy zakupie alkomatu elektrochemicznego otrzymasz r\u00f3wnie\u017c certyfikat przeprowadzonej kalibracji w dniu zakupu urz\u0105dzenia. Stawiamy na wysok\u0105 jako\u015b\u0107 naszych us\u0142ug i gwarantujemy satysfakcj\u0119 z zakup\u00f3w. Dane techniczne Zakres pomiarowy: \u00a0 \u00a0 \u00a0 * 0.00 ~ 4.00 \u2030 \u00a0 \u00a0 \u00a0 * 0.00 ~ 2.00 mg\/L Rozdzielczo\u015b\u0107 wskaza\u0144: 0,01\u2030 Dok\u0142adno\u015b\u0107: +\/- 5% Typ sensora: Elektrochemiczny Zasilanie: Alkaliczne baterie AA 2szt. Przygotowanie do pomiaru: oko\u0142o 5 sekund Wymiary: 115mm x 48mm x 19,7mm Waga: 130g (bez baterii) Zestaw zawiera Alkomaty AlkoSmart Beta PRO X Ustniki 5 szt. Twarde etui na alkomat Certyfikat kalibracji alkomatu w dniu sprzeda\u017cy Program darmowej kalibracji w okresie 1 roku. Na ka\u017cdy produkt 2 lata gwarancji. Alkomat bierze udzia\u0142 w promocji dotycz\u0105cej darmowych us\u0142ug kalibracji w okresie 1 roku (bez limitu ilo\u015bciowego) od daty zakupu. Wykonujemy j\u0105 w naszym laboratorium serwisowym. Standardowo ta us\u0142uga jest p\u0142atna. Ka\u017cdy alkomat jest skalibrowany przed wysy\u0142k\u0105 do klienta i gotowy do u\u017cycia. Us\u0142ug\u0119 po\u015bwiadczamy Certyfikatem kalibracji dodawanym do ka\u017cdego alkomatu.<\/p>\n","protected":false},"excerpt":{"rendered":"<p>Alkomat AlkoSmart Beta PRO X to alkomat elektrochemiczny, kt\u00f3ry cechuje si\u0119 wysok\u0105 dok\u0142adno\u015bci\u0105 pomiar\u00f3w i spe\u0142nia wszystkie wymagania nawet najbardziej wymagaj\u0105cych u\u017cytkownik\u00f3w. Konstrukcja urz\u0105dzenia nie jest skomplikowana, a elektroniczny wy\u015bwietlacz w b\u0142yskawicznym tempie pokazuje wynik przeprowadzonego badania stanu trze\u017awo\u015bci. Elegancki czarny wygl\u0105d, innowacyjne rozwi\u0105zania i sensor wykorzystuj\u0105cy technologi\u0119 policyjn\u0105 &#8211; takie po\u0142\u0105czenie gwarantuje komfort u\u017cytkowania [&hellip;]<\/p>\n","protected":false},"featured_media":116446,"template":"","meta":[],"_links":{"self":[{"href":"https:\/\/profitstore.pl\/index.php\/wp-json\/wp\/v2\/product\/116445"}],"collection":[{"href":"https:\/\/profitstore.pl\/index.php\/wp-json\/wp\/v2\/product"}],"about":[{"href":"https:\/\/profitstore.pl\/index.php\/wp-json\/wp\/v2\/types\/product"}],"wp:featuredmedia":[{"embeddable":true,"href":"https:\/\/profitstore.pl\/index.php\/wp-json\/wp\/v2\/media\/116446"}],"wp:attachment":[{"href":"https:\/\/profitstore.pl\/index.php\/wp-json\/wp\/v2\/media?parent=116445"}],"curies":[{"name":"wp","href":"https:\/\/api.w.org\/{rel}","templated":true}]}}