{"id":116437,"date":"2025-09-09T06:00:10","date_gmt":"2025-09-09T06:00:10","guid":{"rendered":"https:\/\/profitstore.pl\/index.php\/produkt\/drugwipe-6s\/"},"modified":"2025-09-09T06:00:11","modified_gmt":"2025-09-09T06:00:11","slug":"drugwipe-6s","status":"publish","type":"product","link":"https:\/\/profitstore.pl\/index.php\/produkt\/drugwipe-6s\/","title":{"rendered":"DrugWipe 6S"},"content":{"rendered":"<p>DRUGWIPE 6 S Testy sprzedajemy tylko\u00a0 firmom i klientom instytucjonalnym na faktur\u0119 VAT. Brak mo\u017cliwo\u015bci zakupu detalicznego. Zam\u00f3wienia prosz\u0119 przesy\u0142a\u0107 e-mailem: biuro@alkomaty-sklep.eu Nie ma mo\u017cliwo\u015bci dodania tego produktu do koszyka ze wzgl\u0119du na procedury sprzeda\u017cy. DRUGWIPE 6S to test kt\u00f3ry najch\u0119tniej u\u017cywaj\u0105 policjanci ,kuratorzy s\u0105dowi, zak\u0142ady pracy i inne s\u0142u\u017cby mundurowe, poniewa\u017c ma wszystko w sobie co mo\u017cliwe, \u0142atwy w u\u017cyciu w warunkach &#8222;polowych&#8221; intuicyjny, dzia\u0142a z ma\u0142\u0105 ilo\u015bci\u0105 \u015bliny!\u00a0Wystarczy dotkn\u0105\u0107 testem do \u015bliny nast\u0119pnie uruchomi\u0107 go i po kilku minutach otrzymujesz wynik.Dla profesjonalist\u00f3w jest urz\u0105dzenie kt\u00f3re odczytuje wynik testu i robi wydruk jako dow\u00f3d z badania. Ten test dosta\u0142 w 2011 r. zatwierdzenie przez (dopuszczenie do u\u017cytkowania przez s\u0142u\u017cby) Instytut Ekspertyz S\u0105dowych \u00a0w Krakowie, na podstawowe\u00a0grupy narkotyk\u00f3w\u00a0+\u00a0leki psychotropowe. W mi\u0119dzynarodowym te\u015bcie narkotest\u00f3w u\u017cywanych przez policje europejsk\u0105 DRUID (s\u0142u\u017cby mundurowe w tym projekcie bada\u0142y kierowc\u00f3w wst\u0119pnie narkotestami-r\u00f3\u017cnymi jakie s\u0105 na rynku a p\u00f3\u017aniej potwierdza\u0142y te wyniki badaniami laboratoryjnymi) ten test zaj\u0105\u0142 1 miejsce potwierdze\u0144. ZALETY TESTU: Precyzja:\u00a0jest testem screeningowym (jako\u015bciowym) o niezwykle wysokiej dok\u0142adno\u015bci i niezawodno\u015bci, kt\u00f3ry wykorzystuje najnowsze osi\u0105gni\u0119cia z dziedziny immunologii i chemii. Opiera si\u0119 na znakowanych z\u0142otem czujnikach biochemicznych (przeciwcia\u0142ach), co gwarantuje jako\u015b\u0107 czujnik\u00f3w. Czu\u0142o\u015b\u0107:\u00a0test wykrywa i identyfikuje narkotyki i substancje pochodne w ilo\u015bciach \u015bladowych (ca 10ng, tj.miliardowych cz\u0119\u015bci grama). Tester jest testem jednorazowym. Test wykrywa i identyfikuje narkotyki i substancje pochodne w ci\u0105gu 10-14 godzin od za\u017cycia, nast\u0119pn\u0105 metod\u0105 jest zastosowanie testu z moczu. Jeden test identyfikuje podczas badania podstawowe grupy narkotyk\u00f3w: Konopie ( Marihuana, Haszysz, THC) Amfetamina\/ Metaamfetamina Ecstasy Kokaina Crack Opiaty ( Morfina, Heroina) Benzodiazepiny Pr\u00f3g wykrywalno\u015bci (ng\/ml) konopie 10 Opiaty 10 Kokaina 10 Amfetamina, MDMA, XTC 50 Benzodiazepiny 20 Produkt zgodny z Rozporz\u0105dzeniem Ministra Zdrowia z dnia 16 lipca 2014 r. w sprawie wykazu \u015brodk\u00f3w dzia\u0142aj\u0105cych podobnie do alkoholu oraz warunk\u00f3w i sposobu przeprowadzania bada\u0144 na ich obecno\u015b\u0107 w organizmie. Zmiany w k.p. Test jest produktem medycznym podlegaj\u0105cym ustawie\u00a0\u00a0(Dz. U. z 2020 r. poz. 186 ze zm.) Instrukcja obs\u0142ugi:<\/p>\n","protected":false},"excerpt":{"rendered":"<p>DRUGWIPE 6 S Testy sprzedajemy tylko\u00a0 firmom i klientom instytucjonalnym na faktur\u0119 VAT. Brak mo\u017cliwo\u015bci zakupu detalicznego. Zam\u00f3wienia prosz\u0119 przesy\u0142a\u0107 e-mailem: biuro@alkomaty-sklep.eu Nie ma mo\u017cliwo\u015bci dodania tego produktu do koszyka ze wzgl\u0119du na procedury sprzeda\u017cy. DRUGWIPE 6S to test kt\u00f3ry najch\u0119tniej u\u017cywaj\u0105 policjanci ,kuratorzy s\u0105dowi, zak\u0142ady pracy i inne s\u0142u\u017cby mundurowe, poniewa\u017c ma wszystko w [&hellip;]<\/p>\n","protected":false},"featured_media":116438,"template":"","meta":[],"_links":{"self":[{"href":"https:\/\/profitstore.pl\/index.php\/wp-json\/wp\/v2\/product\/116437"}],"collection":[{"href":"https:\/\/profitstore.pl\/index.php\/wp-json\/wp\/v2\/product"}],"about":[{"href":"https:\/\/profitstore.pl\/index.php\/wp-json\/wp\/v2\/types\/product"}],"wp:featuredmedia":[{"embeddable":true,"href":"https:\/\/profitstore.pl\/index.php\/wp-json\/wp\/v2\/media\/116438"}],"wp:attachment":[{"href":"https:\/\/profitstore.pl\/index.php\/wp-json\/wp\/v2\/media?parent=116437"}],"curies":[{"name":"wp","href":"https:\/\/api.w.org\/{rel}","templated":true}]}}