{"id":116429,"date":"2025-02-07T07:00:12","date_gmt":"2025-02-07T07:00:12","guid":{"rendered":"https:\/\/profitstore.pl\/index.php\/produkt\/alkomat-alcovisor-mark-x-plus\/"},"modified":"2025-02-07T07:00:13","modified_gmt":"2025-02-07T07:00:13","slug":"alkomat-alcovisor-mark-x-plus","status":"publish","type":"product","link":"https:\/\/profitstore.pl\/index.php\/produkt\/alkomat-alcovisor-mark-x-plus\/","title":{"rendered":"Alkomat Alcovisor MARK X Plus"},"content":{"rendered":"<p>Alkomat Alcovisor\u00ae Mark X Plus Charakteryzuje si\u0119 najwy\u017cszym w\u015br\u00f3d alkomat\u00f3w podr\u0119cznych zakresem pomiarowym (do 6,300 ?) oraz rozdzielczo\u015bci\u0105 wskaza\u0144 do trzech miejsc po przecinku. W urz\u0105dzeniu jako kom\u00f3rka pomiarowa zastosowany zosta\u0142 elektrochemiczny sensor (taki sam, jaki u\u017cywany jest w policyjnych analizatorach), kt\u00f3ry reaguje tylko i wy\u0142\u0105cznie na moleku\u0142y alkoholu, dzi\u0119ki czemu nie ma mo\u017cliwo\u015bci zafa\u0142szowania wyniku pomiaru przez inne czynniki lub substancje. Wyniki pomiar\u00f3w s\u0105 por\u00f3wnywalne z wynikami uzyskiwanymi na dowodowych analizatorach wydechu. Badanie mo\u017ce by\u0107 wykonane w jednym z dw\u00f3ch tryb\u00f3w pomiarowych: pe\u0142nym (dok\u0142adnym) oraz skr\u00f3conym (szybkim). Tryb pomiarowy skr\u00f3cony wykorzystywany jest w sytuacjach, gdy nie jest wymagana dok\u0142adna znajomo\u015b\u0107 st\u0119\u017cenia alkoholu, ale jedynie informacja o tym czy badana osoba znajduje si\u0119 pod jego wp\u0142ywem oraz gdy du\u017c\u0105 ilo\u015b\u0107 pomiar\u00f3w nale\u017cy przeprowadzi\u0107 w kr\u00f3tkim okresie czasu ( np. przy ,,masowej&#8221; kontroli pracownik\u00f3w, uczestnik\u00f3w imprez sportowych, na dyskotekach, w szko\u0142ach, zak\u0142adach karnych, jednostkach wojskowych itp.) W trybie tym zamiast tradycyjnego ustnika u\u017cywana jest specjalna nasadka lejkowa. W trakcie kontroli nie ma kontaktu ust badanej osoby z nasadk\u0105, dlatego mo\u017ce by\u0107 ona wykorzystywana wielokrotnie. Dzi\u0119ki takiemu rozwi\u0105zaniu mo\u017cna nie tyko skr\u00f3ci\u0107 czas badania, ale r\u00f3wnie\u017c ograniczy\u0107 koszty zwi\u0105zane ze stosowaniem jednorazowych ustnik\u00f3w. Alkomat Alcovisor(R) Mark X Plus posiada system zabezpieczaj\u0105cy kom\u00f3rk\u0119 pomiarow\u0105 przed uszkodzeniem w wyniku niew\u0142a\u015bciwie przeprowadzonej pr\u00f3by, uk\u0142ad kontroli prawid\u0142owego dzia\u0142ania analizatora przed i po ka\u017cdym pomiarze, wbudowany zegar czasu rzeczywistego oraz pami\u0119\u0107 pomiar\u00f3w &#8211; rozwi\u0105zania stosowane w dowodowych analizatorach wydechu. W pami\u0119ci testera mo\u017cna zapisa\u0107 maksymalnie 10.000 wynik\u00f3w pomiar\u00f3w z dat\u0105, godzin\u0105 ich wykonania oraz wybranym trybem pomiarowym. Informacje te mog\u0105 by\u0107 wy\u015bwietlane na ekranie testera lub wydrukowane, gdy do urz\u0105dzenia pod\u0142\u0105czona jest drukarka. Dodatkow\u0105 zalet\u0105 urz\u0105dzenia jest mo\u017cliwo\u015b\u0107 zdefiniowania ustawie\u0144 analizatora (m.in. jednostek pomiarowych, si\u0142y i czasu wydechu, informacji znajduj\u0105cych si\u0119 na wydruku, ilo\u015bci drukowanych kopii itp.) zgodnie z wymaganiami u\u017cytkownika. Urz\u0105dzenie mo\u017ce by\u0107 zasilane z 4 baterii alkalicznych 1,5V typ AAA, z gniazda zapalniczki samochodowej lub za po\u015brednictwem zasilacza sieciowego. Posiada sygnalizacj\u0119 roz\u0142adowania baterii oraz funkcj\u0119 automatycznego odci\u0119cia zasilania. Czas odci\u0119cia regulowany jest w zakresie 1 do 10 min. Alcovisor (R) Mark X Plus polecany do intensywnej kontroli trze\u017awo\u015bci pracownik\u00f3w oraz dla u\u017cytkownik\u00f3w indywidualnych ceni\u0105cych precyzj\u0119 pomiaru (np. kierowc\u00f3w) Zalety: Pod\u015bwietlany ekran TFT 2.4&#8243; (65.000 kolor\u00f3w) Elektrochemiczny platynowy sensor renomowanej brytyjskiej firmy Rozdzielczo\u015b\u0107 wskaza\u0144 do trzech miejsc po przecinku Szeroki zakres pomiarowy do 6,300 ? Wysoka dok\u0142adno\u015b\u0107 i powtarzalno\u015b\u0107 pomiar\u00f3w R\u00f3\u017cne tryby pomiarowe Kr\u00f3tki czas przygotowania do pracy oraz pomi\u0119dzy kolejnymi pomiarami Wynik wy\u015bwietlany ju\u017c po 2 sek. Pami\u0119\u0107 10.000 pomiar\u00f3w Zapis odmowy wykonania pomiaru Mo\u017cliwo\u015b\u0107 zdefiniowania zgodnie z wymaganiami u\u017cytkownika: jednostek pomiarowych , ilo\u015b\u0107 drukowanych kopii, czasu i si\u0142y pr\u00f3bki, czasu wy\u0142\u0105czenia Mo\u017cliwo\u015b\u0107 wsp\u00f3\u0142pracy z drukark\u0105 Funkcja automatycznego odci\u0119cia zasilania Port USB do pod\u0142\u0105czenia zasilania zewn\u0119trznego Wbudowany zegar czasu rzeczywistego Nowoczesny wygl\u0105d oraz \u0142atwy spos\u00f3b obs\u0142ugi Ergonomiczna obudowa Unikalny numer seryjny Przeznaczenie dla u\u017cytkownik\u00f3w indywidualnych (np. kierowc\u00f3w) do badania trze\u017awo\u015bci pracownik\u00f3w w zak\u0142adach pracy do kontroli trze\u017awo\u015bci uczestnik\u00f3w imprez sportowych do kontroli trze\u017awo\u015bci w szko\u0142ach, zak\u0142adach karnych, jednostkach wojskowych, szpitalach Specyfikacja techniczna: Sensor platynowa, elektrochemiczna kom\u00f3rka pomiarowa Zakres pomiaru 0.000 &#8211; 6.300? Jednostki pomiarowe** ? promile, mg\/L, % BAC, mg\/100ml, mg\/ml, g\/100mL,ug\/100mL, g\/L Rozdzielczo\u015b\u0107 wskaza\u0144 0.001? Dok\u0142adno\u015b\u0107 wskaza\u0144*** +- 5% Czas wydechu ok. 5 sek (mo\u017cliwo\u015b\u0107 zdefiniowania d\u0142u\u017cszego lub kr\u00f3tszego czasu wydechu) Czas przygotowania do pracy Czas pomi\u0119dzy kolejnymi pomiarami Tryby pomiarowe zwyk\u0142y &#8211; z u\u017cyciem ustnika szybki &#8211; z u\u017cyciem nasadki lejkowej Tryby pr\u00f3bkowania automatyczny lub manualny Pami\u0119\u0107 10.000 rekord\u00f3w pomiarowych Ustniki higieniczne, indywidualnie pakowane, nasadka lejkowa Najwa\u017cniejsze parametry Producent:\u00a0Alcovisor Rodzaj:\u00a0ustnikowy Czujnik:\u00a0elektrochemiczny Stacjonarny\/przenosny:\u00a0przeno\u015bny Zakres pomiaru:\u00a00,00 do 6,30 Dok\u0142adno\u015b\u0107 pomiaru:\u00a0Do tysi\u0119cznych cz\u0119\u015bci promila Wymiary:\u00a0255 Waga:\u00a0150x70x35 Zasilanie:\u00a04 baterie AAA 1.5 V Czas przygotowania do pracy:\u00a02 sekundy Alkomat bierze udzia\u0142 w promocji dotycz\u0105cej darmowych us\u0142ug kalibracji w okresie 1 roku (bez limitu ilo\u015bciowego) od daty zakupu. Standardowo ta us\u0142uga jest p\u0142atna. W tym przypadku jest ona wykonywana bezp\u0142atnie w naszym laboratorium serwisowym. Ka\u017cdy alkomat jest skalib<\/p>\n","protected":false},"excerpt":{"rendered":"<p>Alkomat Alcovisor\u00ae Mark X Plus Charakteryzuje si\u0119 najwy\u017cszym w\u015br\u00f3d alkomat\u00f3w podr\u0119cznych zakresem pomiarowym (do 6,300 ?) oraz rozdzielczo\u015bci\u0105 wskaza\u0144 do trzech miejsc po przecinku. W urz\u0105dzeniu jako kom\u00f3rka pomiarowa zastosowany zosta\u0142 elektrochemiczny sensor (taki sam, jaki u\u017cywany jest w policyjnych analizatorach), kt\u00f3ry reaguje tylko i wy\u0142\u0105cznie na moleku\u0142y alkoholu, dzi\u0119ki czemu nie ma mo\u017cliwo\u015bci zafa\u0142szowania [&hellip;]<\/p>\n","protected":false},"featured_media":116430,"template":"","meta":[],"_links":{"self":[{"href":"https:\/\/profitstore.pl\/index.php\/wp-json\/wp\/v2\/product\/116429"}],"collection":[{"href":"https:\/\/profitstore.pl\/index.php\/wp-json\/wp\/v2\/product"}],"about":[{"href":"https:\/\/profitstore.pl\/index.php\/wp-json\/wp\/v2\/types\/product"}],"wp:featuredmedia":[{"embeddable":true,"href":"https:\/\/profitstore.pl\/index.php\/wp-json\/wp\/v2\/media\/116430"}],"wp:attachment":[{"href":"https:\/\/profitstore.pl\/index.php\/wp-json\/wp\/v2\/media?parent=116429"}],"curies":[{"name":"wp","href":"https:\/\/api.w.org\/{rel}","templated":true}]}}