{"id":116421,"date":"2024-10-14T18:17:29","date_gmt":"2024-10-14T18:17:29","guid":{"rendered":"https:\/\/profitstore.pl\/index.php\/produkt\/alkomat-mars-elite-alcovisor-brak\/"},"modified":"2024-10-14T18:17:36","modified_gmt":"2024-10-14T18:17:36","slug":"alkomat-mars-elite-alcovisor-brak","status":"publish","type":"product","link":"https:\/\/profitstore.pl\/index.php\/produkt\/alkomat-mars-elite-alcovisor-brak\/","title":{"rendered":"Alkomat Mars ELITE Alcovisor Brak"},"content":{"rendered":"<p>Alkomat Mars Elite Alkomat Mars ELITE to tester trze\u017awo\u015bci wysokiej klasy. Alkomat posiada czujnik elektrochemiczny. Charakteryzuje si\u0119 zakresem pomiarowym mieszcz\u0105cym si\u0119 w przedziale od 0,00 do 4,00 promili. Dzi\u0119ki jego niskiej wadze i niewielkim wymiarom jest \u0142atwy do przechowywania. Alkomat zawiera sygnalizacj\u0119 roz\u0142adowania baterii oraz funkcj\u0119 automatycznego odci\u0119cia zasilania po 1 min bezczynno\u015bci. Nowoczesne technologie sprawiaj\u0105, \u017ce alkomat Mars Elite zapewni Ci precyzyjny wynik, a tak\u017ce szybki pomiar \u2014 ju\u017c w ci\u0105gu kr\u00f3tkiej chwili od rozpocz\u0119cia badania. Poza tym stosowanie tego urz\u0105dzenia jest niezwykle przyjemne, gdy\u017c zosta\u0142 zaopatrzony w wy\u015bwietlacz LCD, wbudowany akumulator i funkcj\u0119 zegarka. Przekonaj si\u0119, jak wygodne mo\u017ce by\u0107 korzystanie z tego alkomatu. Co wyr\u00f3\u017cnia alkomat Mars Elite? \u0141atwo\u015b\u0107 u\u017cytkowania Alkomat Mars Elite jest nie tylko por\u0119czny, ale te\u017c prosty w obs\u0142udze. Zawdzi\u0119cza to menu w j\u0119zyku polskim, a tak\u017ce sygnalizacji d\u017awi\u0119kowej i wizualnej, dzi\u0119ki kt\u00f3rej wiesz, czy w wydychanym powietrzu wykryto alkohol. \u0141\u0105czno\u015b\u0107 Bluetooth Stawiaj\u0105c na alkomat Mars Elite, w ka\u017cdej chwili mo\u017cesz po\u0142\u0105czy\u0107 si\u0119 z dowolnym urz\u0105dzeniem. Wystarczy, \u017ce w\u0142\u0105czysz opcj\u0119 Bluetooth, a ju\u017c po chwili prze\u015blesz wyniki badania. Wiarygodny wynik Platynowy czujnik elektrochemiczny sprawia, \u017ce otrzymasz wiarygodny i niezwykle precyzyjny wynik. Poza tym alkomat Mars Elite dzia\u0142a bardzo szybko, wi\u0119c ju\u017c po chwili dowiesz si\u0119, jaki jest rezultat badania. Wsparcie techniczne Zapewniamy pomoc ekspert\u00f3w, a tak\u017ce kalibracj\u0119 w naszym laboratorium, by zadba\u0107 o maksymalnie wiarygodny wynik i Twoj\u0105 wygod\u0119. Alkomat Mars Elite \u2014 opinie \u201eDosta\u0142em alkomat Mars Elite na urodziny i doskonale sprawdza si\u0119 do mojego u\u017cytku. Jest \u0142atwy w obs\u0142udze, praktyczny, a przy tym daje wiarygodne wyniki\u201d. Arek \u201eStosuje alkomat Mars Elite w mojej firmie i dzia\u0142a bardzo dobrze. Szczeg\u00f3lnie ceni\u0119 go za precyzj\u0119 oraz mo\u017cliwo\u015b\u0107 \u0142\u0105czenia z Bluetooth \u2014 dzi\u0119ki temu mam dokumentacj\u0119 z ka\u017cdego badania\u201d. Krystyna Dane techniczne: Rodzaj czujnika: elektrochemiczny Zakres wskaza\u0144: 0,00 do 4,00 promili Temperatura pracy: 0\u00b0C ~ 40\u00b0C Czas uzyskania wyniku z badanej pr\u00f3bki powietrza: do 5 sekund Wymiary: 105 mm x 53,00 mm x 17 mm Waga: 96 g Wy\u015bwietlacz: LCD Bluetooth &#8211; do \u0142\u0105czenia si\u0119 ze smatfonem lub drukark\u0105 Elementy wchodz\u0105ce w sk\u0142ad zestawu: Tester trze\u017awo\u015bci Mars\u00a0Elite 5 szt. Ustnik\u00f3w \u0141adowarka z wej\u015bciem micro USB Akumulator 3,7V Instrukcja obs\u0142ugi i karta gwarancyjna Zalety produktu: \u0141atwo\u015b\u0107 obs\u0142ugi Wbudowany akumulator (\u0142adowanie przez kabel USB) Funkcja zegarka Wbudowany termometr Kolorowy wy\u015bwietlacz\u00a0LCD \u0141\u0105czno\u015b\u0107 Bluetooth (aplikacja na Android&#8217;a i iOS) &#8211; aplikacja pozwala dokumentowa\u0107 wykonane badania (zdj\u0119cie, opis &#8211; szczeg\u00f3lnie u\u017cyteczne dla s\u0142u\u017cb BHP) Szybka analiza wprowadzonej pr\u00f3bki powietrza Brak reakcji na substancje inne ni\u017c alkohol (brak przek\u0142ama\u0144 w wynikach) Dok\u0142adne i powtarzalne wyniki D\u017awi\u0119kowe i wizualne alarmy ostrzegawcze Inteligentny platynowy czujnik elektrochemiczny IV generacji pro Instrukcja obs\u0142ugi w j\u0119zyku polskim. Tester trze\u017awo\u015bci Mars sprzedawany jest\u00a0 z 5-letni\u0105 gwarancj\u0105* i kalibracjami gratis przez okres 12 miesi\u0119cy. *Dla zachowania gwarancji alkomat powinien przechodzi\u0107 kalibracj\u0119 przynajmniej raz na 12 miesi\u0119cy. Ka\u017cdy alkomat jest skalibrowany przed wysy\u0142k\u0105 do klienta i gotowy do u\u017cycia. Us\u0142ug\u0119 po\u015bwiadczamy Certyfikatem kalibracji dodawanym do ka\u017cdego alkomatu:<\/p>\n","protected":false},"excerpt":{"rendered":"<p>Alkomat Mars Elite Alkomat Mars ELITE to tester trze\u017awo\u015bci wysokiej klasy. Alkomat posiada czujnik elektrochemiczny. Charakteryzuje si\u0119 zakresem pomiarowym mieszcz\u0105cym si\u0119 w przedziale od 0,00 do 4,00 promili. Dzi\u0119ki jego niskiej wadze i niewielkim wymiarom jest \u0142atwy do przechowywania. Alkomat zawiera sygnalizacj\u0119 roz\u0142adowania baterii oraz funkcj\u0119 automatycznego odci\u0119cia zasilania po 1 min bezczynno\u015bci. Nowoczesne technologie [&hellip;]<\/p>\n","protected":false},"featured_media":116422,"template":"","meta":[],"_links":{"self":[{"href":"https:\/\/profitstore.pl\/index.php\/wp-json\/wp\/v2\/product\/116421"}],"collection":[{"href":"https:\/\/profitstore.pl\/index.php\/wp-json\/wp\/v2\/product"}],"about":[{"href":"https:\/\/profitstore.pl\/index.php\/wp-json\/wp\/v2\/types\/product"}],"wp:featuredmedia":[{"embeddable":true,"href":"https:\/\/profitstore.pl\/index.php\/wp-json\/wp\/v2\/media\/116422"}],"wp:attachment":[{"href":"https:\/\/profitstore.pl\/index.php\/wp-json\/wp\/v2\/media?parent=116421"}],"curies":[{"name":"wp","href":"https:\/\/api.w.org\/{rel}","templated":true}]}}