{"id":116413,"date":"2024-10-14T18:17:29","date_gmt":"2024-10-14T18:17:29","guid":{"rendered":"https:\/\/profitstore.pl\/index.php\/produkt\/alkomat-stacjonarny-alcodigital-303-mg-na-monety\/"},"modified":"2024-10-14T18:17:31","modified_gmt":"2024-10-14T18:17:31","slug":"alkomat-stacjonarny-alcodigital-303-mg-na-monety","status":"publish","type":"product","link":"https:\/\/profitstore.pl\/index.php\/produkt\/alkomat-stacjonarny-alcodigital-303-mg-na-monety\/","title":{"rendered":"Alkomat stacjonarny AlcoDigital 303-MG na monety"},"content":{"rendered":"<p>Alkomat stacjonarny AlcoDigital 303-MG na przycisk Stacjonarny alkomat AlcoDigital 303-MG na przycisk sprawdzi si\u0119 w biurze, zak\u0142adzie pracy, restauracji czy klubie. W ko\u0144cu dzi\u0119ki zastosowani sensora elektrochemicznego urz\u0105dzenie zapewni Ci precyzyjny wynik w ci\u0105gu dos\u0142ownie chwili. Poza tym korzystanie z tego alkomatu jest jeszcze \u0142atwiejsze, poniewa\u017c zosta\u0142 zaopatrzony w przycisk w\u0142\u0105czaj\u0105cy. Dlaczego warto postawi\u0107 na alkomat AlcoDigital 303-MG na przycisk? Ekonomiczny model Alkomat AlcoDigital 303-MG na przycisk to odpowiedni model do cel\u00f3w zarobkowych. Dzi\u0119ki niemu zarobisz pieni\u0105dze, a jego wytrzyma\u0142a obudowa sprawia, \u017ce b\u0119dzie Ci s\u0142u\u017cy\u0142 przez d\u0142ugi czas. Dodatkowy wy\u015bwietlacz TFT Model AlcoDigital 303-MG na przycisk zosta\u0142 zaopatrzony w wygodny dotykowy wy\u015bwietlacz TFT. Przy jego pomocy z \u0142atwo\u015bci\u0105 dostrze\u017cesz wynik badania, ale te\u017c zapoznasz si\u0119 z polskim menu. Zapewniona kalibracja Korzystaj\u0105c z produkt\u00f3w z naszego sklepu, zyskujesz pomoc wyspecjalizowanych pracownik\u00f3w, a tak\u017ce kalibracj\u0119 w naszym laboratorium. Sprawia to, \u017ce alkomat AlcoDigital 303-MG na przycisk b\u0119dzie dzia\u0142a\u0142 jeszcze sprawniej. Alkomat stacjonarny AlcoDigital 303-MG na przycisk \u2014 opinie \u201eAlkomat AlcoDigital 303-MG dzia\u0142a sprawnie, jest wytrzyma\u0142y i \u0142atwy w obs\u0142udze, dlatego mog\u0119 go szczerze poleci\u0107\u201d. Kinga \u201eKorzystam z AlcoDigital 303-MG w firmie od kilku miesi\u0119cy. Do tej pory nie by\u0142o problem\u00f3w z nim \u2014 szybko wy\u015bwietla wyniki, jest prosty w obs\u0142udze, a obudowa jest naprawd\u0119 wytrzyma\u0142a\u201d. Krystian Specyfikacja techniczna Sensor: Czujnik Elektrochemiczny nowej generacji Zakres pomiarowy:\u00a00,00-4,00\u2030 Rozdzielczo\u015b\u0107 wskaza\u0144: 0,01 Mo\u017cliwo\u015b\u0107 wyboru jednostki pomiarowej Czas poboru pr\u00f3bki: oko\u0142o 4 sekund Temperatura pracy: 0\u00b0C to +50\u00b0C Czujnik informuj\u0105cy o przerwach w poborze pr\u00f3bki Zasilanie 220-240V poprzez zasilacz sieciowy 12V DC 3,5A Drukarka bezprzewodowa bluetooth (opcja) Wy\u015bwietlacz dotykowy TFT 3,4&#8243;\u00a0 Pami\u0119\u0107\u00a0100 test\u00f3w Wymiary: \u00a0360x280x100mm Waga: 5kg Gwarancja 24 miesi\u0105ce Zestaw zawiera Alkomat\u00a0AlcoDigital\u00a0303-MG Zasilacz 12V \u015aruby mocuj\u0105ce wraz z ko\u0142kami Kluczyki\u00a0 Karta Gwarancyjna Certyfikat wykonanej kalibracji w dniu sprzeda\u017cy Bezp\u0142atna us\u0142uga kalibracji oraz serwis Alkomat bierze udzia\u0142 w promocji dotycz\u0105cej darmowych us\u0142ug kalibracji w okresie 1 roku (bez limitu ilo\u015bciowego) od daty zakupu. Normalnie ta us\u0142uga jest p\u0142atna. W tym przypadku jest ona wykonywana bezp\u0142atnie w profesjonalnym autoryzowanym przez producenta laboratorium serwisowym. Alkomat bierze udzia\u0142 w promocji dotycz\u0105cej darmowych us\u0142ug kalibracji w okresie 1 roku (bez limitu ilo\u015bciowego) od daty zakupu. Ka\u017cdy alkomat jest skalibrowany przed wysy\u0142k\u0105 do klienta i gotowy do u\u017cycia. Us\u0142ug\u0119 po\u015bwiadczamy Certyfikatem kalibracji dodawanym do ka\u017cdego alkomatu:<\/p>\n","protected":false},"excerpt":{"rendered":"<p>Alkomat stacjonarny AlcoDigital 303-MG na przycisk Stacjonarny alkomat AlcoDigital 303-MG na przycisk sprawdzi si\u0119 w biurze, zak\u0142adzie pracy, restauracji czy klubie. W ko\u0144cu dzi\u0119ki zastosowani sensora elektrochemicznego urz\u0105dzenie zapewni Ci precyzyjny wynik w ci\u0105gu dos\u0142ownie chwili. Poza tym korzystanie z tego alkomatu jest jeszcze \u0142atwiejsze, poniewa\u017c zosta\u0142 zaopatrzony w przycisk w\u0142\u0105czaj\u0105cy. Dlaczego warto postawi\u0107 na [&hellip;]<\/p>\n","protected":false},"featured_media":116414,"template":"","meta":[],"_links":{"self":[{"href":"https:\/\/profitstore.pl\/index.php\/wp-json\/wp\/v2\/product\/116413"}],"collection":[{"href":"https:\/\/profitstore.pl\/index.php\/wp-json\/wp\/v2\/product"}],"about":[{"href":"https:\/\/profitstore.pl\/index.php\/wp-json\/wp\/v2\/types\/product"}],"wp:featuredmedia":[{"embeddable":true,"href":"https:\/\/profitstore.pl\/index.php\/wp-json\/wp\/v2\/media\/116414"}],"wp:attachment":[{"href":"https:\/\/profitstore.pl\/index.php\/wp-json\/wp\/v2\/media?parent=116413"}],"curies":[{"name":"wp","href":"https:\/\/api.w.org\/{rel}","templated":true}]}}