{"id":116411,"date":"2024-11-28T07:01:11","date_gmt":"2024-11-28T07:01:11","guid":{"rendered":"https:\/\/profitstore.pl\/index.php\/produkt\/alkomat-bezustnikowy-alkotop-plus-z-certyfikatem-kalibracji-kalibracje-gratis\/"},"modified":"2024-11-28T07:01:11","modified_gmt":"2024-11-28T07:01:11","slug":"alkomat-bezustnikowy-alkotop-plus-z-certyfikatem-kalibracji-kalibracje-gratis","status":"publish","type":"product","link":"https:\/\/profitstore.pl\/index.php\/produkt\/alkomat-bezustnikowy-alkotop-plus-z-certyfikatem-kalibracji-kalibracje-gratis\/","title":{"rendered":"Alkomat bezustnikowy ALKOTOP PLUS z Certyfikatem Kalibracji + Kalibracje Gratis"},"content":{"rendered":"<p>Alkomat AlkotopPlus Innowacyjna technologia, ergonomiczny kszta\u0142t oraz funkcjonalne rozwi\u0105zania \u2014 to wszystko sprawia, \u017ce alkomat AlkotopPlus Ci\u0119 zachwyci. Przy jego pomocy bardzo szybko przebadasz dowoln\u0105 grup\u0119 os\u00f3b, a otrzymany wynik b\u0119dzie precyzyjny, dlatego ten sprz\u0119t jest idealny nie tylko dla indywidualnych klient\u00f3w, ale r\u00f3wnie\u017c dla firm i instytucji publicznych. Analizator mo\u017ce pracowa\u0107 w 2 trybach roboczych: 1. Tryb przesiewowy bezustnikowy, aktywny i pasywny Ten tryb wykorzystujemy do szybkich bada\u0144 w kr\u00f3tkim czasie. Wynik na ekranie mo\u017cna uzyska\u0107 zar\u00f3wno w postaci cyfrowej 0,00 oraz w postaci (wynik pozytywny\/wynik negatywny). Prze\u0142\u0105czanie ustawie\u0144 jest dost\u0119pne dla u\u017cytkownika w menu. 2. Tryb ustnikowy Po za\u0142o\u017ceniu odpowiedniego ustnika dostarczonego w zestawie mo\u017cemy przeprowadzi\u0107 test ustnikowy. Alkomat dzia\u0142a wtedy identycznie jak policyjne alkomaty ustnikowe i podaje wynik na wy\u015bwietlaczu w postaci cyfrowej. Mo\u017cliwo\u015b\u0107 zmiany j\u0119zyka: J\u0119zyki do wyboru: Angielski, Niemiecki, Francuski, W\u0142oski, Portugalski, Hiszpa\u0144ski, Polski Dodawanie danych osoby badanej Jest mo\u017cliwo\u015b\u0107 dodania danych osoby badanej oraz wielu innych parametr\u00f3w\u00a0 Drukowanie wyniku (opcja) Po wpisaniu danych osoby badanej i ich zatwierdzeniu jest mo\u017cliwo\u015b\u0107 wydrukowania wyniku wraz z danymi na drukarce (dotyczy tester\u00f3w wyposa\u017conych w drukark\u0119) Kamera Podczas wykonywania pomiaru w trybie aktywnym jest mo\u017cliwo\u015b\u0107 nagrania osoby badanej (dotyczy tester\u00f3w wyposa\u017conych w kamer\u0119) Pami\u0119\u0107 pomiar\u00f3w Alkomat jest wyposa\u017cony w pami\u0119\u0107 28000 wykonanych pomiar\u00f3w. Zapisane dane mo\u017cna zgra\u0107 do pliku lub wydrukowa\u0107 na drukarce (dotyczy tester\u00f3w wyposa\u017conych w drukark\u0119) Jakie zalety ma alkomat AlkotopPlus? Dost\u0119pne 3 tryby pomiarowe Stawiaj\u0105c na alkomat AlkotopPlus, masz do wyboru 3 tryby pomiarowe, czyli: Przesiewowy \u2014 w tym przypadku ustnik nie jest potrzebny, takie badanie mo\u017cesz bardzo szybko wykona\u0107, a wynik b\u0119dzie widoczny w dowolnej formie. Aktywny \u2014 w tym przypadku na\u0142\u00f3\u017c ustnik przed badaniem. Wynik zobaczysz w postaci cyfrowej. Pasywny \u2014 wykonasz badanie nawet u osoby, kt\u00f3ra nie chce wsp\u00f3\u0142pracowa\u0107 lub jest nieprzytomna. Funkcjonalne dodatki Alkomat AlkotopPlus jest wygodny i \u0142atwy w obs\u0142udze, co jest zwi\u0105zane z obecno\u015bci\u0105 wielu dodatk\u00f3w np. latarki, magnesu. Poza tym mo\u017cesz do niego pod\u0142\u0105czy\u0107 kamer\u0119 lub drukark\u0119. Fachowy serwis Korzystaj\u0105c z naszych us\u0142ug, otrzymasz nie tylko wysokiej klasy sprz\u0119t, ale te\u017c pomoc specjalist\u00f3w. Zapewnimy Ci r\u00f3wnie\u017c kalibracj\u0119 w naszym laboratorium. Alkomat AlkotopPlus \u2014 opinie \u201eSzuka\u0142em profesjonalnego alkomatu, wi\u0119c model AlcoDigital idealnie si\u0119 sprawdza. Podoba mi si\u0119 jego precyzja, dodatkowe funkcje oraz nowoczesne technologie, dlatego mog\u0119 go poleci\u0107\u201d. Marek \u201eW firmie stosujemy alkomat AlkotopPlus od niedawna, ale jak na razie bardzo dobrze si\u0119 sprawdza. Dzia\u0142a szybko, jest \u0142atwy w obs\u0142udze, a przy tym daje dok\u0142adne wyniki\u201d. Justyna G\u0142\u00f3wne cechy Sensor elektrochemiczny specjalnie przystosowany do szybkich bada\u0144 przesiewowych wyprodukowany w Wielkiej Brytanii Prosta obs\u0142uga\u00a0 Wiele przydatnych funkcji Du\u017cy kolorowy wy\u015bwietlacz LCD Trzy tryby wy\u015bwietlania wyniku\u00a0 Policyjna lampa alarmowa Magnes do przyczepienia alkomatu Kompaktowy kszta\u0142t Por\u0119czna walizka do przenoszenia alkomatu Kalibracja co 12 miesi\u0119cy Specyfikacja techniczna Sensor: Czujnik Elektrochemiczny UK Zakres pomiarowy: 0,000mg\/L &#8211; 4,500mg\/L Rozdzielczo\u015b\u0107 wskaza\u0144: 0,001mg\/L Czas poboru pr\u00f3bki: 2-3 sekundy (w trybie bezustnikowym) Wyb\u00f3r trybu pomiarowego z menu Wyb\u00f3r jednostki pomiarowej Temperatura pracy: -10\u00b0C to +50\u00b0C Czujnik informuj\u0105cy o przerwach w poborze pr\u00f3bki Zasilanie: 4szt AA baterie alkaliczne. Drukarka bezprzewodowa bluetooth (opcja) Wy\u015bwietlacz TFT 2,4&#8243; QVGA kolorowy Pami\u0119\u0107 do 28000 test\u00f3w Wymiary: \u00a0280x50x41mm Waga: 280g Gwarancja 24 miesi\u0105ce Zestaw zawiera Alkomat\u00a0ALKOTOP PLUS Baterie alkaliczne\u00a0AA 4 sztuki Nak\u0142adki na alkomat 4 sztuki Ustniki do alkomatu 5 sztuk Aluminiowa walizka na alkomat Instrukcja do alkomatu po polsku Karta Gwarancyjna Certyfikat wykonanej kalibracji w dniu sprzeda\u017cy Bezp\u0142atna us\u0142uga kalibracji oraz serwis Alkomat bierze udzia\u0142 w promocji dotycz\u0105cej darmowych us\u0142ug kalibracji w okresie 1 roku (bez limitu ilo\u015bciowego) od daty zakupu. Normalnie ta us\u0142uga jest p\u0142atna. W tym przypadku jest ona wykonywana bezp\u0142atnie w profesjonalnym autoryzowanym przez producenta laboratorium serwisowym. Alkomat bierze udzia\u0142 w promocji dotycz\u0105cej darmowych us\u0142ug kalibracji w okresie 1 roku (bez limitu ilo\u015bciowego) od daty zakupu. Ka\u017cdy alkomat jest skalibrowany przed wysy\u0142k\u0105 do klienta i gotowy do u\u017cycia. Us\u0142ug\u0119 po\u015bwiadczamy Certyfikatem kalibracji dodawanym do ka\u017cdego alkomatu:<\/p>\n","protected":false},"excerpt":{"rendered":"<p>Alkomat AlkotopPlus Innowacyjna technologia, ergonomiczny kszta\u0142t oraz funkcjonalne rozwi\u0105zania \u2014 to wszystko sprawia, \u017ce alkomat AlkotopPlus Ci\u0119 zachwyci. Przy jego pomocy bardzo szybko przebadasz dowoln\u0105 grup\u0119 os\u00f3b, a otrzymany wynik b\u0119dzie precyzyjny, dlatego ten sprz\u0119t jest idealny nie tylko dla indywidualnych klient\u00f3w, ale r\u00f3wnie\u017c dla firm i instytucji publicznych. Analizator mo\u017ce pracowa\u0107 w 2 trybach [&hellip;]<\/p>\n","protected":false},"featured_media":116412,"template":"","meta":[],"_links":{"self":[{"href":"https:\/\/profitstore.pl\/index.php\/wp-json\/wp\/v2\/product\/116411"}],"collection":[{"href":"https:\/\/profitstore.pl\/index.php\/wp-json\/wp\/v2\/product"}],"about":[{"href":"https:\/\/profitstore.pl\/index.php\/wp-json\/wp\/v2\/types\/product"}],"wp:featuredmedia":[{"embeddable":true,"href":"https:\/\/profitstore.pl\/index.php\/wp-json\/wp\/v2\/media\/116412"}],"wp:attachment":[{"href":"https:\/\/profitstore.pl\/index.php\/wp-json\/wp\/v2\/media?parent=116411"}],"curies":[{"name":"wp","href":"https:\/\/api.w.org\/{rel}","templated":true}]}}