{"id":116404,"date":"2024-10-14T18:17:16","date_gmt":"2024-10-14T18:17:16","guid":{"rendered":"https:\/\/profitstore.pl\/index.php\/produkt\/alcofind-polaris-alkomat-policyjny-rok-kalibracji-kalibracja-12-miesiecy-bez-limitu-brak\/"},"modified":"2024-10-14T18:17:27","modified_gmt":"2024-10-14T18:17:27","slug":"alcofind-polaris-alkomat-policyjny-rok-kalibracji-kalibracja-12-miesiecy-bez-limitu-brak","status":"publish","type":"product","link":"https:\/\/profitstore.pl\/index.php\/produkt\/alcofind-polaris-alkomat-policyjny-rok-kalibracji-kalibracja-12-miesiecy-bez-limitu-brak\/","title":{"rendered":"Alcofind Polaris Alkomat Policyjny -ROK KALIBRACJI Kalibracja 12 miesi\u0119cy bez limitu Brak"},"content":{"rendered":"<p>Alkomat AlcoFind Polaris to jeden z najdok\u0142adniejszych i najbardziej zaawansowanych alkomat\u00f3w, jakie aktualnie znajduj\u0105 si\u0119 na rynku. Odczytasz dzi\u0119ki niemu dok\u0142adn\u0105 ilo\u015b\u0107 alkoholu w wydychanym powietrzu do 5,000\u2030. Urz\u0105dzenie zapisuje w pami\u0119ci a\u017c 100 ostatnich pomiar\u00f3w z dat\u0105 i godzin\u0105. Stabilne pomiary Ju\u017c teraz mo\u017cesz zakupi\u0107 najbardziej precyzyjny alkomat na rynku. Dzi\u0119ki niemu uzyskasz pomiar z dok\u0142adno\u015bci\u0105 do 3 miejsc po przecinku. Sensor alkomatu AlcoFind Polaris jest stabilny i niezwykle precyzyjny. Dost\u0119pne s\u0105 dwa liczniki \u2014 licz\u0105cy ilo\u015b\u0107 wykonanych test\u00f3w oraz licznik dni wskazuj\u0105cy, kiedy konieczna b\u0119dzie kolejna kalibracja. Przeznaczony jest do u\u017cytku przez osoby prywatne oraz pracownik\u00f3w ma\u0142ych, \u015brednich, a nawet du\u017cych firm. Zwi\u0119kszona wytrzyma\u0142o\u015b\u0107 Innowacyjny alkomat posiada platynowy, elektrochemiczny sensor. Urz\u0105dzenie dost\u0119pne w przeno\u015bnej formie. Obudowa zosta\u0142a wykonana z trwa\u0142ego materia\u0142u ABS i wyposa\u017cona w antypo\u015blizgowe elementy. Producent do\u0142\u0105czy\u0142 tak\u017ce certyfikat jako\u015bci. \u00a0 Kalibracja alkomatu Zaraz po dokonaniu przez Ciebie zakupu wykonujemy darmow\u0105 kalibracj\u0119 w naszym laboratorium. Nast\u0119pnie wypisujemy certyfikat kalibracji. 10 lat gwarancji na podzespo\u0142y i 3 lata na sensor s\u0105 oferowane tym u\u017cytkownikom, kt\u00f3rzy wykonuj\u0105 regularnie kalibracj\u0119 alkomatu. \u00a0 Program darmowej kalibracji w okresie 1 roku Alkomat bierze udzia\u0142 w promocji dotycz\u0105cej darmowych us\u0142ug kalibracji w okresie 1 roku (bez limitu ilo\u015bciowego) od daty zakupu. Wykonujemy j\u0105 w naszym laboratorium serwisowym. Standardowo ta us\u0142uga jest p\u0142atna. \u00a0 Opinie u\u017cytkownik\u00f3w \u201eDzia\u0142anie alkomatu jest proste i sprawne. Nawet ca\u0142kowity laik sobie z nim poradzi.\u201d Dorota \u201eMoim zdaniem posiadanie alkomatu\u00a0 to obowi\u0105zek. Kupi\u0142em model Polaris, bo zale\u017ca\u0142o mi na precyzji i polskim menu \u2014 i to w\u0142a\u015bnie dosta\u0142em. Dzi\u0119ki!\u201d Kamil \u00a0 W zestawie: Alkomat: AlcoFind Polaris Baterie: typu LR6 (AA) Dodatkowo: etui do przechowywania alkomatu Instrukcja obs\u0142ugi (w j\u0119zyku polskim) Karta gwarancyjn\u0105 (24 miesi\u0105ce) + certyfikat kalibracji Specyfikacja techniczna: Model: ALCOFIND DA-8700S Kolor: czarny Rodzaj: elektrochemiczny Wy\u015bwietlacz: 4-cyfrowy, w technologii OLED ( jasny i czytelny) Komunikacja: Sygnalizacja d\u017awi\u0119kowa (pocz\u0105tku i ko\u0144ca pomiaru, roz\u0142adowania baterii, uszkodzenia sensora) Sensor: Platynowy sensor elektrochemiczny du\u017cych rozmiar\u00f3w Cechy dodatkowe: licznik pomiar\u00f3w; licznik dni pozosta\u0142ych do nast\u0119pnej kalibracji Zakres pomiaru: 0,000-5,000\u2030 Dok\u0142adno\u015b\u0107 (dane producenta): +\/- 0.050\u2030 w 1,0\u2030 w 25\u00b0C Pami\u0119\u0107: 100 ostatnich pomiar\u00f3w z dat\u0105 i godzin\u0105 Rozdzielczo\u015b\u0107 wskaza\u0144: do 3 miejsc po przecinku Gotowo\u015b\u0107 do pracy: ok. 10 sekund Czas poboru pr\u00f3bki: ok. 2-3 sekundy Zasilanie: 2szt. baterii alkalicznych typu LR6 (AA); automatyczne wy\u0142\u0105czanie zasilania po 30 sekundach bezczynno\u015bci Wymiary: 50 x 128 x 24 mm Waga: Waga 130g Obudowa: wykonana z wytrzyma\u0142ego i antypo\u015blizgowego tworzywa sztucznego ABS Menu u\u017cytkownika: w j\u0119z. polskim<\/p>\n","protected":false},"excerpt":{"rendered":"<p>Alkomat AlcoFind Polaris to jeden z najdok\u0142adniejszych i najbardziej zaawansowanych alkomat\u00f3w, jakie aktualnie znajduj\u0105 si\u0119 na rynku. Odczytasz dzi\u0119ki niemu dok\u0142adn\u0105 ilo\u015b\u0107 alkoholu w wydychanym powietrzu do 5,000\u2030. Urz\u0105dzenie zapisuje w pami\u0119ci a\u017c 100 ostatnich pomiar\u00f3w z dat\u0105 i godzin\u0105. Stabilne pomiary Ju\u017c teraz mo\u017cesz zakupi\u0107 najbardziej precyzyjny alkomat na rynku. Dzi\u0119ki niemu uzyskasz pomiar [&hellip;]<\/p>\n","protected":false},"featured_media":116405,"template":"","meta":[],"_links":{"self":[{"href":"https:\/\/profitstore.pl\/index.php\/wp-json\/wp\/v2\/product\/116404"}],"collection":[{"href":"https:\/\/profitstore.pl\/index.php\/wp-json\/wp\/v2\/product"}],"about":[{"href":"https:\/\/profitstore.pl\/index.php\/wp-json\/wp\/v2\/types\/product"}],"wp:featuredmedia":[{"embeddable":true,"href":"https:\/\/profitstore.pl\/index.php\/wp-json\/wp\/v2\/media\/116405"}],"wp:attachment":[{"href":"https:\/\/profitstore.pl\/index.php\/wp-json\/wp\/v2\/media?parent=116404"}],"curies":[{"name":"wp","href":"https:\/\/api.w.org\/{rel}","templated":true}]}}