{"id":116397,"date":"2024-10-14T18:17:16","date_gmt":"2024-10-14T18:17:16","guid":{"rendered":"https:\/\/profitstore.pl\/index.php\/produkt\/alkomat-alcofind-da-8100l-swiadectwo-kalibracji-kalibracje-gratis-kalibracja-24-miesiace-bez-limitu-brak\/"},"modified":"2024-10-14T18:17:23","modified_gmt":"2024-10-14T18:17:23","slug":"alkomat-alcofind-da-8100l-swiadectwo-kalibracji-kalibracje-gratis-kalibracja-24-miesiace-bez-limitu-brak","status":"publish","type":"product","link":"https:\/\/profitstore.pl\/index.php\/produkt\/alkomat-alcofind-da-8100l-swiadectwo-kalibracji-kalibracje-gratis-kalibracja-24-miesiace-bez-limitu-brak\/","title":{"rendered":"Alkomat AlcoFind DA-8100L + \u015awiadectwo Kalibracji + Kalibracje Gratis Kalibracja 24 miesi\u0105ce bez limitu Brak"},"content":{"rendered":"<p>Alkomat AlcoFind DA-8100L Zaawansowany mechanizm zawarty w tym alkomacie daje 100% dok\u0142adno\u015bci, dzi\u0119ki kt\u00f3remu zawsze wiesz, ile alkoholu znajduje si\u0119 w wydychanym powietrzu. Model DA-8100L wyr\u00f3\u017cnia si\u0119 nowoczesnym designem i wyj\u0105tkow\u0105 wytrzyma\u0142o\u015bci\u0105 zar\u00f3wno mechanizmu, jak i obudowy. Dzi\u0119ki kompaktowemu rozmiarowi jest przeno\u015bny i mo\u017cna go wykorzysta\u0107 w ka\u017cdej sytuacji, aby podnie\u015b\u0107 bezpiecze\u0144stwo na drodze. Powody, dla kt\u00f3rych warto kupi\u0107 alkomat DA-8100L Gwarancja a\u017c na 10 lat Nie ma sensu kupowa\u0107 kota w worku! Ju\u017c teraz mo\u017cesz naby\u0107 u nas alkomat, kt\u00f3ry wyposa\u017cony zosta\u0142 w gwarancj\u0119 na 10 lat w przypadku podzespo\u0142\u00f3w, a sensor na 3 lata. W zestawie otrzymasz tak\u017ce certyfikat, potwierdzaj\u0105cy jako\u015b\u0107 produktu i certyfikat kalibracji. Specjalnie dla naszych klient\u00f3w wykonujemy kalibracj\u0119 indywidualnie w laboratorium przed wys\u0142aniem zakupionego alkomatu. Wymagana dok\u0142adno\u015b\u0107 Alkomat AlcoFind DA-8100L zawiera wysokiej klasy sensor elektrochemiczny zaprojektowany na podstawie policyjnych alkotest\u00f3w. Jest w stanie wykona\u0107 pomiar w przedziale 0,00-5,00\u2030. Wytrzyma\u0142a konstrukcja sprawia, \u017ce nadaje si\u0119 do indywidualnego u\u017cytku, jak i do wykorzystywania go w firmach, szko\u0142ach czy w instytucjach publicznych. Alkomat AlcoFind DA-8100L opinie: \u201eJa akurat kupi\u0142am ten alkomat dla pracownik\u00f3w. U\u017cywany jest sporadycznie, ale w pe\u0142ni spe\u0142nia moje oczekiwania. Polecam!\u201d Hanna \u201eWybra\u0142em Alkomat DA-8100L, bo czyta\u0142em naprawd\u0119 wiele pozytywnych opinii na jego temat. Dobrze, \u017ce dzia\u0142a tak szybko i jest naprawd\u0119 prosty w obs\u0142udze\u201d. Stefan G\u0142\u00f3wne cechy\/zalety Zaawansowany czujnik elektrochemiczny Nowoczesny i przyjazny u\u017cytkownikowi wygl\u0105d Ergonomiczna obudowa Prosta obs\u0142uga jednym przyciskiem\u00a0 Tryb diagnostyki sensora\/czujnika przez urz\u0105dzenie Mo\u017cliwo\u015b\u0107 wymiany jednostki pomiarowej\u00a0 4-cyfrowy pod\u015bwietlany wy\u015bwietlacz\u00a0LCD Ostrze\u017cenie o niskim poziomie\u00a0baterii Automatyczne wy\u0142\u0105czanie zasilania w przypadku braku akcji Wy\u015bwietlanie ilo\u015bci\u00a0wykonanych\u00a0pomiar\u00f3w Szybki i sprawny monta\u017c ustnika wielorazowego u\u017cytku Obudowa wykonana z wytrzyma\u0142ego tworzywa sztucznego ABS GWARANCJA 3 lata na sensor 10 lat na podzespo\u0142y Specyfikacja techniczna: Sensor elektrochemiczny Zakres pomiarowy 0,00-5,00\u2030 Dok\u0142adno\u015b\u0107 pomiaru +\/- 0.005%BAC w 0.1%BAC Rozdzielczo\u015b\u0107 wskaza\u0144 do 2 miejsc po przecinku Alkomat posiada licznik pomiar\u00f3w Mo\u017cliwo\u015b\u0107 zmiany jednostki pomiarowej na % lub mg\/l Sygnalizacja d\u017awi\u0119kowa pocz\u0105tku pomiaru Sygnalizacja d\u017awi\u0119kowa ko\u0144ca pomiaru Sygnalizacja kontroli roz\u0142adowania baterii Sygnalizacja uszkodzenia sensora Automatyczne wy\u0142\u0105czanie zasilania po 15 sekundach bezczynno\u015bci Przygotowanie do pomiaru ok. 15 sekund Alkomat dzia\u0142a w trybie automatycznym Czas poboru pr\u00f3bki ok. 3 sekundy Zasilanie poprzez 2 baterie alkaliczne typu AA Certyfikat CE dopuszczaj\u0105cy do sprzeda\u017cy na terenie EU Wymiary 52x123x29mm Waga 122g bez baterii Certyfikat kalibracji: Ka\u017cdy alkomat jest skalibrowany i gotowy do u\u017cycia. Co po\u015bwiadczamy Certyfikatem kalibracji dodawanym do ka\u017cdego alkomatu: Gwarancja 24 miesi\u0105ce Zestaw zawiera: Alkomat model AlcoFind DA-8100L Futera\u0142 na alkomat Baterie alkaliczne typu AA 2szt. Ustniki wielorazowe 6szt. Instrukcja obs\u0142ugi w j. polskim Karta gwarancyjna Kalibracja Gratis:\u00a0 Alkomat bierze udzia\u0142 w promocji dotycz\u0105cej darmowej us\u0142ugi kolejnej kalibracji w okresie gwarancyjnym 12 miesi\u0119cznym. W tym przypadku jest ona wykonywana bezp\u0142atnie w profesjonalnym laboratorium serwisowym w okresie gwarancyjnym alkomatu. Ka\u017cdy alkomat jest skalibrowany przed wysy\u0142k\u0105 do klienta i gotowy do u\u017cycia. Us\u0142ug\u0119 po\u015bwiadczamy Certyfikatem kalibracji dodawanym do ka\u017cdego alkomatu:<\/p>\n","protected":false},"excerpt":{"rendered":"<p>Alkomat AlcoFind DA-8100L Zaawansowany mechanizm zawarty w tym alkomacie daje 100% dok\u0142adno\u015bci, dzi\u0119ki kt\u00f3remu zawsze wiesz, ile alkoholu znajduje si\u0119 w wydychanym powietrzu. Model DA-8100L wyr\u00f3\u017cnia si\u0119 nowoczesnym designem i wyj\u0105tkow\u0105 wytrzyma\u0142o\u015bci\u0105 zar\u00f3wno mechanizmu, jak i obudowy. Dzi\u0119ki kompaktowemu rozmiarowi jest przeno\u015bny i mo\u017cna go wykorzysta\u0107 w ka\u017cdej sytuacji, aby podnie\u015b\u0107 bezpiecze\u0144stwo na drodze. Powody, [&hellip;]<\/p>\n","protected":false},"featured_media":116394,"template":"","meta":[],"_links":{"self":[{"href":"https:\/\/profitstore.pl\/index.php\/wp-json\/wp\/v2\/product\/116397"}],"collection":[{"href":"https:\/\/profitstore.pl\/index.php\/wp-json\/wp\/v2\/product"}],"about":[{"href":"https:\/\/profitstore.pl\/index.php\/wp-json\/wp\/v2\/types\/product"}],"wp:featuredmedia":[{"embeddable":true,"href":"https:\/\/profitstore.pl\/index.php\/wp-json\/wp\/v2\/media\/116394"}],"wp:attachment":[{"href":"https:\/\/profitstore.pl\/index.php\/wp-json\/wp\/v2\/media?parent=116397"}],"curies":[{"name":"wp","href":"https:\/\/api.w.org\/{rel}","templated":true}]}}