{"id":116388,"date":"2024-10-14T18:17:16","date_gmt":"2024-10-14T18:17:16","guid":{"rendered":"https:\/\/profitstore.pl\/index.php\/produkt\/alkomat-alcofind-da-8100-swiadectwo-kalibracji-kalibracje-gratis-kalibracja-12-miesiecy-bez-limitu-10-ustnikow\/"},"modified":"2024-10-14T18:17:19","modified_gmt":"2024-10-14T18:17:19","slug":"alkomat-alcofind-da-8100-swiadectwo-kalibracji-kalibracje-gratis-kalibracja-12-miesiecy-bez-limitu-10-ustnikow","status":"publish","type":"product","link":"https:\/\/profitstore.pl\/index.php\/produkt\/alkomat-alcofind-da-8100-swiadectwo-kalibracji-kalibracje-gratis-kalibracja-12-miesiecy-bez-limitu-10-ustnikow\/","title":{"rendered":"Alkomat AlcoFind DA-8100 + \u015awiadectwo Kalibracji + Kalibracje Gratis Kalibracja 12 miesi\u0119cy bez limitu 10 ustnik\u00f3w"},"content":{"rendered":"<p>Alkomat zosta\u0142 wyprodukowany przez cenion\u0105 na rynku korea\u0144sk\u0105 firm\u0119 DaTech. Zas\u0142yn\u0105\u0142 swoj\u0105 niezawodno\u015bci\u0105, dok\u0142adno\u015bci\u0105 oraz korzystn\u0105 cen\u0105. Je\u015bli szukasz renomowanego modelu, to AlcoFind DA-8100 jest w tym przypadku faworytem, kt\u00f3rego zdecydowanie warto poleci\u0107.Alkomat AlcoFind DA-8100 Co wyr\u00f3\u017cnia alkomat AlcoFind DA-8100? Precyzja, jak\u0105 dysponuje policja Alkomat AlcoFind DA-8100 zawiera profesjonalny sensor elektrochemiczny \u201eFuel Cell\u201d, kt\u00f3ry jest w stanie dokona\u0107 dok\u0142adnego pomiaru do 5.00\u2030 alkoholu w wydychanym powietrzu. Jednostka pomiarowa jest bardzo czu\u0142a i pokazuje rezultat w\u0142a\u015bciwie b\u0142yskawicznie. Dlatego mo\u017cna por\u00f3wna\u0107 ten model do urz\u0105dze\u0144 wykorzystywanych przez policj\u0119. Sprawdzona, wysoka jako\u015b\u0107 Tu\u017c przed wysy\u0142k\u0105 wykonujemy darmow\u0105 kalibracj\u0119 w naszym laboratorium. Dzi\u0119ki temu, kiedy produkt dotrze do Ciebie, b\u0119dzie w pe\u0142ni gotowy do u\u017cytku. W pakiecie znajdziesz tak\u017ce certyfikat jako\u015bci oraz kalibracji. Gwarancja na 10 lat Model DA-8100 zosta\u0142 obj\u0119ty 10-letni\u0105 gwarancj\u0105 na podzespo\u0142y. Je\u015bli chodzi o sensor, to producent zapewni\u0142 3 lata gwarancji. Wybierz jeden z najbardziej solidnych alkomat\u00f3w na rynku i wykorzystuj go w trakcie uroczysto\u015bci rodzinnych, imprez czy do kontroli pracownik\u00f3w. Alkomat AlcoFind DA-8100 opinie \u201ePotrzebowa\u0142em taniego, ale dok\u0142adnego alkomatu i w\u0142a\u015bnie taki otrzyma\u0142em. Polecam!\u201d Damian \u201eOferta wygl\u0105da\u0142a a\u017c zbyt dobrze. Niska cena, a do tego widzia\u0142em same pozytywne opinie o modelu DA-8100, wi\u0119c zdecydowa\u0142em si\u0119 na zakup. Naprawd\u0119 by\u0142o warto!\u201d Filip G\u0141\u00d3WNE CECHY MODELU DA-8100: Profesjonalny sensor elektrochemiczny &#8222;Fuel Cell&#8221; 4-cyfrowy wyswietlacz LCD Regulacje ustawie\u0144 u\u017cytkownika: zmiana jednostki pomiarowej czas wdechu pr\u00f3bki poziomu sygna\u0142u alarmu o wysokiej zawarto\u015bci alkoholu ostrze\u017cenie o niskim poziomie baterii automatyczne wy\u0142\u0105czanie przy braku r\u0119cznego wy\u0142\u0105czenia testera wy\u015bwietlanie ilo\u015bci przeprowadzonych test\u00f3w\u00a0 GWARANCJA\u00a0 3 lata na sensor 10 lat na podzespo\u0142y SPECYFIKACJA:\u00a0 Zakres pomiarowy 0.000 ~ 0.500%BAC 0.00 ~ 5.00 \u2030 0.00 ~ 2.50mg\/l Dok\u0142adno\u015b\u0107 +\/- 0.005%BAC at 0.1%BAC +\/- 0.05\u2030 at 1.0\u2030 +\/- 0.025mg\/L at 0.5mg\/L Przygotowanie do pomiaru Oko\u0142o 18 sekund Pobieranie pr\u00f3bki Oko\u0142o 10 sekund Sensor\/Czujnik Elektrochemiczny &#8222;Fuel cell&#8221; Zasilanie 2szt. baterii alkalicznych typu AA Wytrzyma\u0142o\u015b\u0107 baterii Oko\u0142o 1500 test\u00f3w Wymiary 52mm x 123mm x 29.5mm Waga 122g bez baterii Kalibracja co oko\u0142o 6~12 months (w zale\u017cno\u015bci od ilo\u015bci test\u00f3w) ZESTAW ZAWIERA: Alkomat ALCOFIND (ALCOSCENT) DA-8100 2szt. alkalicze baterie typu AA 6szt. ustink\u00f3w Saszetka do alkomatu Pasek na r\u0119k\u0119 Instrukcja po polsku do alkomatu CERTYFIKATY: Alkomat ALCOFIND DA-8100 posiada wiele koniecznych centyfikat\u00f3w w tym: Europejski\u00a0CE,\u00a0Ameryka\u0144skiego Transportu Drogowego\u00a0D.O.T., Certyfikat jako\u015bci\u00a0ISO 9001:2000\u00a0i wiele innych.\u00a0 Kalibracja Gratis:\u00a0 Alkomat bierze udzia\u0142 w promocji dotycz\u0105cej darmowej us\u0142ugi kolejnej kalibracji w okresie gwarancyjnym\u00a012\u00a0miesi\u0119cznym. W tym przypadku jest ona wykonywana bezp\u0142atnie w profesjonalnym laboratorium serwisowym w okresie gwarancyjnym alkomatu. Ka\u017cdy alkomat jest skalibrowany przed wysy\u0142k\u0105 do klienta i gotowy do u\u017cycia. Us\u0142ug\u0119 po\u015bwiadczamy Certyfikatem kalibracji dodawanym do ka\u017cdego alkomatu:<\/p>\n","protected":false},"excerpt":{"rendered":"<p>Alkomat zosta\u0142 wyprodukowany przez cenion\u0105 na rynku korea\u0144sk\u0105 firm\u0119 DaTech. Zas\u0142yn\u0105\u0142 swoj\u0105 niezawodno\u015bci\u0105, dok\u0142adno\u015bci\u0105 oraz korzystn\u0105 cen\u0105. Je\u015bli szukasz renomowanego modelu, to AlcoFind DA-8100 jest w tym przypadku faworytem, kt\u00f3rego zdecydowanie warto poleci\u0107.Alkomat AlcoFind DA-8100 Co wyr\u00f3\u017cnia alkomat AlcoFind DA-8100? Precyzja, jak\u0105 dysponuje policja Alkomat AlcoFind DA-8100 zawiera profesjonalny sensor elektrochemiczny \u201eFuel Cell\u201d, kt\u00f3ry jest [&hellip;]<\/p>\n","protected":false},"featured_media":116387,"template":"","meta":[],"_links":{"self":[{"href":"https:\/\/profitstore.pl\/index.php\/wp-json\/wp\/v2\/product\/116388"}],"collection":[{"href":"https:\/\/profitstore.pl\/index.php\/wp-json\/wp\/v2\/product"}],"about":[{"href":"https:\/\/profitstore.pl\/index.php\/wp-json\/wp\/v2\/types\/product"}],"wp:featuredmedia":[{"embeddable":true,"href":"https:\/\/profitstore.pl\/index.php\/wp-json\/wp\/v2\/media\/116387"}],"wp:attachment":[{"href":"https:\/\/profitstore.pl\/index.php\/wp-json\/wp\/v2\/media?parent=116388"}],"curies":[{"name":"wp","href":"https:\/\/api.w.org\/{rel}","templated":true}]}}