{"id":116357,"date":"2025-06-19T06:01:07","date_gmt":"2025-06-19T06:01:07","guid":{"rendered":"https:\/\/profitstore.pl\/index.php\/produkt\/alkomat-przesiewowy-alcodigital-one-2-0-kalibracje-gratis\/"},"modified":"2025-06-19T06:01:08","modified_gmt":"2025-06-19T06:01:08","slug":"alkomat-przesiewowy-alcodigital-one-2-0-kalibracje-gratis","status":"publish","type":"product","link":"https:\/\/profitstore.pl\/index.php\/produkt\/alkomat-przesiewowy-alcodigital-one-2-0-kalibracje-gratis\/","title":{"rendered":"Alkomat przesiewowy AlcoDigital ONE 2.0 + Kalibracje Gratis"},"content":{"rendered":"<p>Alkomat przesiewowy AlcoDigital One Ver. 2.0 Ergonomiczny kszta\u0142t i \u0142atwa obs\u0142uga alkomatu przesiewowego AlcoDigital One sprawia, \u017ce jest to niezwykle precyzyjne urz\u0105dzenie. Dzi\u0119ki niemu ju\u017c po chwili otrzymasz wynik badania. Dlatego jest to idealna opcja do masowego wykorzystywania w pracy, szko\u0142ach, jednostkach wojskowych, zak\u0142adach karnych, poprawczych czy w trakcie imprez masowych. Co wyr\u00f3\u017cnia alkomat przesiewowy AlcoDigital One? R\u00f3\u017cne tryby Alkomat AlcoDigital One zapewnia dwa tryby dzia\u0142ania: szybkim i cyfrowym. Dzi\u0119ki temu zobaczysz wyniki w dogodnej dla siebie formie. Wygodny wy\u015bwietlacz Dla Twojego komfortu alkomat AlcoDigital One zosta\u0142 zaopatrzony w kolorowy i czytelny wy\u015bwietlacz LCD, na kt\u00f3rym widoczne s\u0105 wyniki badania. Szybkie dzia\u0142anie Alkomat przesiewowy AlcoDigital One potrzebuje tylko 1 sekund\u0119 na pobranie pr\u00f3bki i maksymalnie 2 sekundy na wy\u015bwietlenie wyniku. Dzi\u0119ki temu w ci\u0105gu chwili mo\u017cesz przebada\u0107 nawet wi\u0119ksz\u0105 grup\u0119 os\u00f3b. Pomoc specjalist\u00f3w Stawiaj\u0105c na Alkomaty Sklep, zyskujesz pomoc profesjonalist\u00f3w, poniewa\u017c samodzielnie zajmujemy si\u0119 kalibracj\u0105. Zapewniamy te\u017c wsparcie serwisowe. Alkomat przesiewowy AlcoDigital One \u2014 opinie \u201eOrganizuje imprezy masowe i zawsze korzystam wtedy z alkomatu AlcoDigital One. Sprawdza si\u0119 bez zarzutu, dzia\u0142a szybko, a przy tym jest wytrzyma\u0142y, dlatego polecam\u201d. Justyna \u201eProwadz\u0119 firm\u0119 transportow\u0105 i przed rozpocz\u0119ciem trasy badam pracownik\u00f3w alkomatem AlcoDigital One. Do tej pory sprawdza\u0142 si\u0119 bez zarzutu, a szybko\u015b\u0107 pomiaru jest godna podziwu\u201d. Stanis\u0142aw G\u0142\u00f3wne cechy Sensor elektrochemiczny specjalnie przystosowany do szybkich bada\u0144 przesiewowych Prosta obs\u0142uga jednym przyciskiem Nowe menu w j\u0119zyku polskim VER. 2.0 Kolorowy wy\u015bwietlacz LCD Dwa tryby wy\u015bwietlania wyniku (szybki i cyfrowy) Lampa alarmowa Kompaktowy kszta\u0142t Por\u0119czna walizka do przenoszenia alkomatu Specyfikacja techniczna Sensor: Czujnik Elektrochemiczny Czas poboru pr\u00f3bki: 0,5 sekundy Wyb\u00f3r trybu: pasywny lub aktywny Wskazania na wy\u015bwietlaczu: Szybki odczyt: NISKI POZIOM, WYSOKI POZIOM Cyfrowy odczyt: 0.00 do 4.00\u2030 Temperatura pracy: -20\u00b0C to +55\u00b0C Temperatura przechowywania: -5\u00b0C to +60\u00b0C Czujnik informuj\u0105cy o przerwach w poborze pr\u00f3bki Zasilanie: 3szt AAA baterie alkaliczne. Wy\u015bwietlacz: LCD kolorowy Automatyczne wy\u0142\u0105cznie: po 5 minutach Pami\u0119\u0107 do 50 test\u00f3w Gwarancja 24 miesi\u0105ce Zestaw zawiera Alkomat AlcoDigital ONE Baterie zasilaj\u0105ce AA 3szt. Nak\u0142adki na alkomat 2szt. Etui na alkomat Instrukcja do alkomatu po polsku Karta Gwarancyjna Certyfikat wykonanej kalibracji w dniu sprzeda\u017cy Alkomat bierze udzia\u0142 w promocji dotycz\u0105cej darmowych us\u0142ug kalibracji w okresie 1 roku (bez limitu ilo\u015bciowego) od daty zakupu. Standardowo ta us\u0142uga jest p\u0142atna. W tym przypadku jest ona wykonywana bezp\u0142atnie w naszym laboratorium serwisowym. Ka\u017cdy alkomat jest skalibrowany przed wysy\u0142k\u0105 do klienta i gotowy do u\u017cycia. Us\u0142ug\u0119 po\u015bwiadczamy Certyfikatem kalibracji dodawanym do ka\u017cdego alkomatu:<\/p>\n","protected":false},"excerpt":{"rendered":"<p>Alkomat przesiewowy AlcoDigital One Ver. 2.0 Ergonomiczny kszta\u0142t i \u0142atwa obs\u0142uga alkomatu przesiewowego AlcoDigital One sprawia, \u017ce jest to niezwykle precyzyjne urz\u0105dzenie. Dzi\u0119ki niemu ju\u017c po chwili otrzymasz wynik badania. Dlatego jest to idealna opcja do masowego wykorzystywania w pracy, szko\u0142ach, jednostkach wojskowych, zak\u0142adach karnych, poprawczych czy w trakcie imprez masowych. Co wyr\u00f3\u017cnia alkomat przesiewowy [&hellip;]<\/p>\n","protected":false},"featured_media":116358,"template":"","meta":[],"_links":{"self":[{"href":"https:\/\/profitstore.pl\/index.php\/wp-json\/wp\/v2\/product\/116357"}],"collection":[{"href":"https:\/\/profitstore.pl\/index.php\/wp-json\/wp\/v2\/product"}],"about":[{"href":"https:\/\/profitstore.pl\/index.php\/wp-json\/wp\/v2\/types\/product"}],"wp:featuredmedia":[{"embeddable":true,"href":"https:\/\/profitstore.pl\/index.php\/wp-json\/wp\/v2\/media\/116358"}],"wp:attachment":[{"href":"https:\/\/profitstore.pl\/index.php\/wp-json\/wp\/v2\/media?parent=116357"}],"curies":[{"name":"wp","href":"https:\/\/api.w.org\/{rel}","templated":true}]}}