{"id":116341,"date":"2024-10-14T18:16:37","date_gmt":"2024-10-14T18:16:37","guid":{"rendered":"https:\/\/profitstore.pl\/index.php\/produkt\/alkomat-alcofind-da-9000-swiadectwo-kalibracji-kalibracje-gratis\/"},"modified":"2024-10-14T18:16:49","modified_gmt":"2024-10-14T18:16:49","slug":"alkomat-alcofind-da-9000-swiadectwo-kalibracji-kalibracje-gratis","status":"publish","type":"product","link":"https:\/\/profitstore.pl\/index.php\/produkt\/alkomat-alcofind-da-9000-swiadectwo-kalibracji-kalibracje-gratis\/","title":{"rendered":"Alkomat AlcoFind DA-9000 + \u015awiadectwo Kalibracji + Kalibracje Gratis"},"content":{"rendered":"<p>Alkomat AlcoFind DA-9000 Ten profesjonalny alkomat uchodzi za jeden z najbardziej zaawansowanych na rynku. Posiada nowoczesny elektrochemiczny sensor klasy Premium. U\u017cytkownik mo\u017ce dostosowa\u0107 ustawienia zgodnie z w\u0142asnymi preferencjami, a nawet zarz\u0105dza\u0107 danymi przy pomocy komputera. Zalety alkomatu DA-9000 Wbudowana pami\u0119\u0107 Alkomat posiada pami\u0119\u0107, dzi\u0119ki kt\u00f3rej mo\u017cliwe jest odczytanie a\u017c 250 ostatnich pomiar\u00f3w. Wyniki mo\u017cna te\u017c wydrukowa\u0107 bezprzewodowo na drukarce przy pomocy wbudowanej podczerwieni. Alkomat daje r\u00f3wnie\u017c mo\u017cliwo\u015b\u0107 zabezpieczenia danych pinem czy okre\u015blenia sposobu poboru pr\u00f3bki. Precyzja jak w policyjnych alkotestach Model AlcoFind DA-9000 wykorzystywany jest w zak\u0142adach pracy, szpitalach czy innych instytucjach publicznych. Z powodzeniem sprawdza si\u0119 tak\u017ce u szczeg\u00f3lnie wymagaj\u0105cych os\u00f3b prywatnych. Wysokiej jako\u015bci sensor z niezwyk\u0142\u0105 dok\u0142adno\u015bci\u0105 precyzyjnie okre\u015bla poziom alkoholu w wydychanym powietrzu do 5.00\u2030. Kalibracja gratis! Zawsze przed wysy\u0142k\u0105 zam\u00f3wionego alkomatu wykonujemy darmow\u0105 kalibracj\u0119, aby sprz\u0119t by\u0142 od razu gotowy do u\u017cytku. Urz\u0105dzenie posiada licznik pomiar\u00f3w, kt\u00f3ry pokazuje, kiedy konieczne jest wykonanie kolejnej kalibracji. Przez pierwszy rok od zakupu ta us\u0142uga jest w tym przypadku darmowa. Alkomat AlcoFind DA 9000 \u2014 opinie: \u201eJako\u015b\u0107 pomiar\u00f3w jest naprawd\u0119 dok\u0142adna, ale warto doda\u0107, jak rozbudowan\u0105 pami\u0119\u0107 ma to urz\u0105dzenie. Znakomity w tym przedziale cenowym!\u201d Karol \u201eIdealnie sprawdza si\u0119 w mojej firmie logistycznej. Trwa\u0142y i nowoczesny \u2014 polecam!\u201d Dominika G\u0141\u00d3WNE CECHY MODELU DA-9000: Profesjonalny sensor elektrochemiczny PREMIUM Pami\u0119\u0107 250 test\u00f3w Zarz\u0105dzanie danymi za pomoc\u0105 komputera PC\/Laptopa Bezprzewodowy interfejs drukowania (mo\u017cliwo\u015b\u0107 pod\u0142\u0105czenia drukarki) Zaawansowane menu u\u017cytkownika, mo\u017cliwo\u015bc regulacji wielu ustawie\u0144 Przeno\u015bno\u015b\u0107, komplet w walizce Wysokiej rozdzielczo\u015bci wy\u015bwietlacz graficzny LCD 4-cyfrowy wyswietlacz LCD Mozliwo\u015b\u0107 regulacji ustawie\u0144 przez u\u017cytkownika (czas pobory pr\u00f3bki\/wyb\u00f3r jednostki pomiarowej\/ustawienie alarmu\/si\u0142a poboru pr\u00f3bki) Ostrze\u017cenie o niskim poziomie baterii Automatyczne wy\u0142\u0105czanie zasilania Licznik przeprowadzonych test\u00f3w SPECYFIKACJA: Zakres pomiarowy 0.000 ~ 0.500%BAC 0.00 ~ 5.00 \u2030 0.00 ~ 2.50mg\/l Dok\u0142adno\u015b\u0107 +\/- 0.005%BAC w 0.1%BAC +\/- 0.05\u2030 w 1.0\u2030 +\/- 0.025mg\/L w 0.5mg\/L\u00a0*dane podane za producentem alkomat\u00f3w Przygotowanie do testu oko\u0142o 12 sekund Response time oko\u0142o 5 sekund Sensor\/Czujnik Elektrochemiczny PREMIUM Zasilanie 2szt. alkoalicznych baterii typu AA Wytrzyma\u0142o\u015b\u0107 baterii Oko\u0142o 350 test\u00f3w Wymiary 58mm x 125mm x 26mm Waga 154g bez baterii Kalibracja Co 6~12 months (w zale\u017cno\u015bci od ilo\u015bci test\u00f3w) ZESTAW ZAWIERA: Alkomat ALCOFIND\u00a0DA-9000 2szt.\u00a0baterii typu AA 10szt. ustnik\u00f3w Walizka\u00a0na komplet Pasek na r\u0119k\u0119 Kabel USB Drukarka (opcjonalnie) Instrukcja obs\u0142ugi GWARANCJA: 24 miesi\u0105ce CERTYFIKATY: Alkomat ALCOSCENT DA-9000 posiada wiele koniecznych centyfikat\u00f3w w tym: Europejski CE, Ameryka\u0144skiego Transportu Drogowego D.O.T., Certyfikat jako\u015bci ISO 9001:2000 i wiele innych. Alkomat bierze udzia\u0142 w promocji dotycz\u0105cej darmowych us\u0142ug kalibracji w okresie 1 roku (bez limitu ilo\u015bciowego) od daty zakupu. Standardowo ta us\u0142uga jest p\u0142atna. W tym przypadku jest ona wykonywana bezp\u0142atnie w naszym laboratorium serwisowym. Ka\u017cdy alkomat jest skalibrowany przed wysy\u0142k\u0105 do klienta i gotowy do u\u017cycia. Us\u0142ug\u0119 po\u015bwiadczamy Certyfikatem kalibracji dodawanym do ka\u017cdego alkomatu:<\/p>\n","protected":false},"excerpt":{"rendered":"<p>Alkomat AlcoFind DA-9000 Ten profesjonalny alkomat uchodzi za jeden z najbardziej zaawansowanych na rynku. Posiada nowoczesny elektrochemiczny sensor klasy Premium. U\u017cytkownik mo\u017ce dostosowa\u0107 ustawienia zgodnie z w\u0142asnymi preferencjami, a nawet zarz\u0105dza\u0107 danymi przy pomocy komputera. Zalety alkomatu DA-9000 Wbudowana pami\u0119\u0107 Alkomat posiada pami\u0119\u0107, dzi\u0119ki kt\u00f3rej mo\u017cliwe jest odczytanie a\u017c 250 ostatnich pomiar\u00f3w. Wyniki mo\u017cna te\u017c [&hellip;]<\/p>\n","protected":false},"featured_media":116342,"template":"","meta":[],"_links":{"self":[{"href":"https:\/\/profitstore.pl\/index.php\/wp-json\/wp\/v2\/product\/116341"}],"collection":[{"href":"https:\/\/profitstore.pl\/index.php\/wp-json\/wp\/v2\/product"}],"about":[{"href":"https:\/\/profitstore.pl\/index.php\/wp-json\/wp\/v2\/types\/product"}],"wp:featuredmedia":[{"embeddable":true,"href":"https:\/\/profitstore.pl\/index.php\/wp-json\/wp\/v2\/media\/116342"}],"wp:attachment":[{"href":"https:\/\/profitstore.pl\/index.php\/wp-json\/wp\/v2\/media?parent=116341"}],"curies":[{"name":"wp","href":"https:\/\/api.w.org\/{rel}","templated":true}]}}