{"id":116331,"date":"2024-10-14T18:16:37","date_gmt":"2024-10-14T18:16:37","guid":{"rendered":"https:\/\/profitstore.pl\/index.php\/produkt\/alkomat-promiler-al-4000-plastikowa-obudowa-swiadectwo-kalibracji\/"},"modified":"2024-10-14T18:16:45","modified_gmt":"2024-10-14T18:16:45","slug":"alkomat-promiler-al-4000-plastikowa-obudowa-swiadectwo-kalibracji","status":"publish","type":"product","link":"https:\/\/profitstore.pl\/index.php\/produkt\/alkomat-promiler-al-4000-plastikowa-obudowa-swiadectwo-kalibracji\/","title":{"rendered":"Alkomat Promiler AL 4000 Plastikowa obudowa + \u015awiadectwo Kalibracji"},"content":{"rendered":"<p>Alkomat Promiler AL 4000 Nowoczesny, wytrzyma\u0142y i skuteczny \u2014 w\u0142a\u015bnie taki jest Alkomat Promiler AL 4000. Postaw na wersj\u0119 z metalow\u0105 b\u0105d\u017a plastikow\u0105 obudow\u0105, by cieszy\u0107 si\u0119 precyzyjnym wynikiem. Przy pomocy tego urz\u0105dzenia skutecznie zadbasz te\u017c o bezpiecze\u0144stwo na drogach. Dlaczego warto postawi\u0107 na Alkomat Promiler AL 4000? Metalowa obudowa alkomatu AL 4000 to gwarancja wytrzyma\u0142o\u015bci i jeszcze wy\u017cszej jako\u015bci pomiaru. Dlatego stawiaj\u0105c na to urz\u0105dzenie, masz pewno\u015b\u0107, \u017ce otrzymasz wiarygodny wynik, a to nie s\u0105 jedyne zalety tego alkomatu. Dostosowany do miejsc publicznych Alkomat Promiler AL 4000 sprawdzi si\u0119 w punktach gastronomicznych, hotelach, stacjach benzynowych b\u0105d\u017a innych miejscach publicznych. Sam mo\u017cesz zdecydowa\u0107 o tym, jak alkomat b\u0119dzie aktywowany \u2014 mo\u017ce to by\u0107 przycisk lub wrzucenie monety. Precyzyjny pomiar W alkomacie AL 4000 zastosowano \u201epolicyjn\u0105 technologi\u0119\u201d, kt\u00f3ra gwarantuje precyzyjny wynik. Dla komfortu w trakcie u\u017cytkowania wszystkie kroki s\u0105 widoczne na wy\u015bwietlaczu LCD, dzi\u0119ki czemu badania przebiega sprawnie i szybko. Skuteczna kalibracja Jeste\u015bmy profesjonalistami i sami wykonujemy kalibracj\u0119. Dodatkowo zapewniamy w\u0142asny serwis oraz pomoc specjalist\u00f3w, by korzystanie z Alkomatu Promiler AL 4000 by\u0142o dla Ciebie jeszcze wygodniejsze. Alkomat Promiler AL 4000 \u2014 opinie \u201eAlkomat AL 4000 doskonale sprawdzi\u0142 si\u0119 w mojej restauracji. Klienci ch\u0119tnie korzystaj\u0105 z niego po zako\u0144czeniu przyj\u0119cia. Postawi\u0142am na aktywacj\u0119 monet\u0105, wi\u0119c alkomat sam zarabia na siebie\u201d. Joanna \u201eW moim klubie korzystam z Alkomatu AL 4000 ju\u017c od 2 lat, ca\u0142y czas dzia\u0142a bez zarzutu, a jego obudowa wygl\u0105da jak nowa\u201d. Krzysztof Zawarto\u015b\u0107 zestawu: Ka\u017cdy alkomat jest skalibrowany przed wysy\u0142k\u0105 do klienta i gotowy do u\u017cycia. Us\u0142ug\u0119 po\u015bwiadczamy Certyfikatem kalibracji dodawanym do ka\u017cdego alkomatu:<\/p>\n","protected":false},"excerpt":{"rendered":"<p>Alkomat Promiler AL 4000 Nowoczesny, wytrzyma\u0142y i skuteczny \u2014 w\u0142a\u015bnie taki jest Alkomat Promiler AL 4000. Postaw na wersj\u0119 z metalow\u0105 b\u0105d\u017a plastikow\u0105 obudow\u0105, by cieszy\u0107 si\u0119 precyzyjnym wynikiem. Przy pomocy tego urz\u0105dzenia skutecznie zadbasz te\u017c o bezpiecze\u0144stwo na drogach. Dlaczego warto postawi\u0107 na Alkomat Promiler AL 4000? Metalowa obudowa alkomatu AL 4000 to gwarancja [&hellip;]<\/p>\n","protected":false},"featured_media":116332,"template":"","meta":[],"_links":{"self":[{"href":"https:\/\/profitstore.pl\/index.php\/wp-json\/wp\/v2\/product\/116331"}],"collection":[{"href":"https:\/\/profitstore.pl\/index.php\/wp-json\/wp\/v2\/product"}],"about":[{"href":"https:\/\/profitstore.pl\/index.php\/wp-json\/wp\/v2\/types\/product"}],"wp:featuredmedia":[{"embeddable":true,"href":"https:\/\/profitstore.pl\/index.php\/wp-json\/wp\/v2\/media\/116332"}],"wp:attachment":[{"href":"https:\/\/profitstore.pl\/index.php\/wp-json\/wp\/v2\/media?parent=116331"}],"curies":[{"name":"wp","href":"https:\/\/api.w.org\/{rel}","templated":true}]}}