{"id":116001,"date":"2024-09-23T09:41:43","date_gmt":"2024-09-23T09:41:43","guid":{"rendered":"https:\/\/profitstore.pl\/index.php\/produkt\/agronas-lubin-waskolistny-regent-sonet-heros1kg\/"},"modified":"2024-09-23T09:41:58","modified_gmt":"2024-09-23T09:41:58","slug":"agronas-lubin-waskolistny-regent-sonet-heros1kg","status":"publish","type":"product","link":"https:\/\/profitstore.pl\/index.php\/produkt\/agronas-lubin-waskolistny-regent-sonet-heros1kg\/","title":{"rendered":"Agronas- \u0141ubin w\u0105skolistny Regent, Sonet, Heros1kg"},"content":{"rendered":"<p>Poni\u017cej przedstawiamy sprzedawany produkt:<\/p>\n<p><img src=\"https:\/\/noweogrody.pl\/40417-large_default\/agronas-lubin-waskolistny-regent-sonet-heros1kg.jpg\" alt=\"Agronas- \u0141ubin w\u0105skolistny Regent, Sonet, Heros1kg\" \/><\/p>\n","protected":false},"excerpt":{"rendered":"<p>Poni\u017cej przedstawiamy sprzedawany produkt:<\/p>\n","protected":false},"featured_media":116002,"template":"","meta":[],"_links":{"self":[{"href":"https:\/\/profitstore.pl\/index.php\/wp-json\/wp\/v2\/product\/116001"}],"collection":[{"href":"https:\/\/profitstore.pl\/index.php\/wp-json\/wp\/v2\/product"}],"about":[{"href":"https:\/\/profitstore.pl\/index.php\/wp-json\/wp\/v2\/types\/product"}],"wp:featuredmedia":[{"embeddable":true,"href":"https:\/\/profitstore.pl\/index.php\/wp-json\/wp\/v2\/media\/116002"}],"wp:attachment":[{"href":"https:\/\/profitstore.pl\/index.php\/wp-json\/wp\/v2\/media?parent=116001"}],"curies":[{"name":"wp","href":"https:\/\/api.w.org\/{rel}","templated":true}]}}