{"id":115997,"date":"2024-09-23T09:41:43","date_gmt":"2024-09-23T09:41:43","guid":{"rendered":"https:\/\/profitstore.pl\/index.php\/produkt\/agronas-koniczyna-lakowa-rozeta-viola-05kg\/"},"modified":"2024-09-23T09:41:51","modified_gmt":"2024-09-23T09:41:51","slug":"agronas-koniczyna-lakowa-rozeta-viola-05kg","status":"publish","type":"product","link":"https:\/\/profitstore.pl\/index.php\/produkt\/agronas-koniczyna-lakowa-rozeta-viola-05kg\/","title":{"rendered":"Agronas- Koniczyna \u0142\u0105kowa Rozeta, Viola 0,5kg"},"content":{"rendered":"<p>Poni\u017cej przedstawiamy sprzedawany produkt:<\/p>\n<p><img src=\"https:\/\/noweogrody.pl\/40461-large_default\/agronas-koniczyna-lakowa-rozeta-viola-05kg.jpg\" alt=\"Agronas- Koniczyna \u0142\u0105kowa Rozeta, Viola 0,5kg\" \/><\/p>\n","protected":false},"excerpt":{"rendered":"<p>Poni\u017cej przedstawiamy sprzedawany produkt:<\/p>\n","protected":false},"featured_media":115998,"template":"","meta":[],"_links":{"self":[{"href":"https:\/\/profitstore.pl\/index.php\/wp-json\/wp\/v2\/product\/115997"}],"collection":[{"href":"https:\/\/profitstore.pl\/index.php\/wp-json\/wp\/v2\/product"}],"about":[{"href":"https:\/\/profitstore.pl\/index.php\/wp-json\/wp\/v2\/types\/product"}],"wp:featuredmedia":[{"embeddable":true,"href":"https:\/\/profitstore.pl\/index.php\/wp-json\/wp\/v2\/media\/115998"}],"wp:attachment":[{"href":"https:\/\/profitstore.pl\/index.php\/wp-json\/wp\/v2\/media?parent=115997"}],"curies":[{"name":"wp","href":"https:\/\/api.w.org\/{rel}","templated":true}]}}