{"id":115016,"date":"2024-09-23T06:28:45","date_gmt":"2024-09-23T06:28:45","guid":{"rendered":"https:\/\/profitstore.pl\/index.php\/produkt\/marolex-waz-z-nakretkami-170-cm-r011d-3\/"},"modified":"2024-09-23T06:28:46","modified_gmt":"2024-09-23T06:28:46","slug":"marolex-waz-z-nakretkami-170-cm-r011d-3","status":"publish","type":"product","link":"https:\/\/profitstore.pl\/index.php\/produkt\/marolex-waz-z-nakretkami-170-cm-r011d-3\/","title":{"rendered":"Marolex- W\u0105\u017c z nakr\u0119tkami 170 cm R011d"},"content":{"rendered":"<p>Wzmacniany oplotem w\u0105\u017c przed\u0142u\u017caj\u0105cy (zast\u0119puje 170cm standardowy w\u0105\u017c) W\u0105\u017c pasuje do modeli opryskiwaczy kompresyjnych 5, 7, 9, 12 l Marolex: &#8211; MX20 opryskiwacz w\u00f3zkowy &#8211; Profession, &#8211; Profession PLUS &#8211; Auto-Myjka, &#8211; Hobby,<\/p>\n<p>Poni\u017cej przedstawiamy sprzedawany produkt:<\/p>\n<p><img src=\"https:\/\/noweogrody.pl\/40371-large_default\/marolex-waz-z-nakretkami-170-cm-r011d.jpg\" alt=\"Marolex- W\u0105\u017c z nakr\u0119tkami 170 cm R011d\" \/><\/p>\n","protected":false},"excerpt":{"rendered":"<p>Wzmacniany oplotem w\u0105\u017c przed\u0142u\u017caj\u0105cy (zast\u0119puje 170cm standardowy w\u0105\u017c) W\u0105\u017c pasuje do modeli opryskiwaczy kompresyjnych 5, 7, 9, 12 l Marolex: &#8211; MX20 opryskiwacz w\u00f3zkowy &#8211; Profession, &#8211; Profession PLUS &#8211; Auto-Myjka, &#8211; Hobby,<\/p>\n","protected":false},"featured_media":115017,"template":"","meta":[],"_links":{"self":[{"href":"https:\/\/profitstore.pl\/index.php\/wp-json\/wp\/v2\/product\/115016"}],"collection":[{"href":"https:\/\/profitstore.pl\/index.php\/wp-json\/wp\/v2\/product"}],"about":[{"href":"https:\/\/profitstore.pl\/index.php\/wp-json\/wp\/v2\/types\/product"}],"wp:featuredmedia":[{"embeddable":true,"href":"https:\/\/profitstore.pl\/index.php\/wp-json\/wp\/v2\/media\/115017"}],"wp:attachment":[{"href":"https:\/\/profitstore.pl\/index.php\/wp-json\/wp\/v2\/media?parent=115016"}],"curies":[{"name":"wp","href":"https:\/\/api.w.org\/{rel}","templated":true}]}}