{"id":114635,"date":"2024-09-23T06:11:00","date_gmt":"2024-09-23T06:11:00","guid":{"rendered":"https:\/\/profitstore.pl\/index.php\/produkt\/marolex-dysza-kompletna-okragla-mr1-5-90-2\/"},"modified":"2024-09-23T06:11:20","modified_gmt":"2024-09-23T06:11:20","slug":"marolex-dysza-kompletna-okragla-mr1-5-90-2","status":"publish","type":"product","link":"https:\/\/profitstore.pl\/index.php\/produkt\/marolex-dysza-kompletna-okragla-mr1-5-90-2\/","title":{"rendered":"Marolex- Dysza kompletna okr\u0105g\u0142a MR1.5-90"},"content":{"rendered":"<p>Dysza posiadaj\u0105 mo\u017cliwo\u015b\u0107 regulacji k\u0105ta rozpylenia cieczy. Z12\/15 &#8211; \u015brednica 1,5mm &#8211; kolor \u017c\u00f3\u0142ty<\/p>\n<p>Poni\u017cej przedstawiamy sprzedawany produkt:<\/p>\n<p><img src=\"https:\/\/noweogrody.pl\/40472-large_default\/marolex-dysza-kompletna-okragla-mr15-90.jpg\" alt=\"Marolex- Dysza kompletna okr\u0105g\u0142a MR1.5-90\" \/><\/p>\n","protected":false},"excerpt":{"rendered":"<p>Dysza posiadaj\u0105 mo\u017cliwo\u015b\u0107 regulacji k\u0105ta rozpylenia cieczy. Z12\/15 &#8211; \u015brednica 1,5mm &#8211; kolor \u017c\u00f3\u0142ty<\/p>\n","protected":false},"featured_media":114636,"template":"","meta":[],"_links":{"self":[{"href":"https:\/\/profitstore.pl\/index.php\/wp-json\/wp\/v2\/product\/114635"}],"collection":[{"href":"https:\/\/profitstore.pl\/index.php\/wp-json\/wp\/v2\/product"}],"about":[{"href":"https:\/\/profitstore.pl\/index.php\/wp-json\/wp\/v2\/types\/product"}],"wp:featuredmedia":[{"embeddable":true,"href":"https:\/\/profitstore.pl\/index.php\/wp-json\/wp\/v2\/media\/114636"}],"wp:attachment":[{"href":"https:\/\/profitstore.pl\/index.php\/wp-json\/wp\/v2\/media?parent=114635"}],"curies":[{"name":"wp","href":"https:\/\/api.w.org\/{rel}","templated":true}]}}