{"id":1134,"date":"2021-03-19T07:33:09","date_gmt":"2021-03-19T07:33:09","guid":{"rendered":"https:\/\/profitstore.pl\/index.php\/produkt\/import-placeholder-for-1397\/"},"modified":"2021-03-19T07:33:20","modified_gmt":"2021-03-19T07:33:20","slug":"fotel-wypoczynkowy-rozkladany-liberty","status":"publish","type":"product","link":"https:\/\/profitstore.pl\/index.php\/produkt\/fotel-wypoczynkowy-rozkladany-liberty\/","title":{"rendered":"Fotel wypoczynkowy rozk\u0142adany LIBERTY"},"content":{"rendered":"<p><strong>LIBERTY\u00a0<\/strong>komfortowy fotel rozk\u0142adany podn\u00f3\u017cek<\/p>\n<p><span id=\"ctl00_ContentPlaceHolder1_Label4_\" class=\"tile-s-tekst-opis\" style=\"padding-right: 5px; font-variant-numeric: normal; font-variant-east-asian: normal; font-stretch: normal; font-size: 17.3333px; line-height: normal; font-family: 'Segoe UI';\">Opis produktu:<\/span><br style=\"color: #be0024; font-family: 'Segoe UI'; font-size: 17.3333px;\" \/><span id=\"ctl00_ContentPlaceHolder1_txtOpis\" style=\"color: #be0024; font-family: 'Segoe UI'; font-size: 11pt;\">wymiary: 81\/79\/105 cm,<\/span><\/p>\n<p><span id=\"ctl00_ContentPlaceHolder1_txtOpis\" style=\"color: #be0024; font-family: 'Segoe UI'; font-size: 11pt;\"> materia\u0142: eco sk\u00f3ra, <\/span><\/p>\n<p><span id=\"ctl00_ContentPlaceHolder1_txtOpis\" style=\"color: #be0024; font-family: 'Segoe UI'; font-size: 11pt;\">kolor: jasny br\u0105z<\/span><\/p>\n<p><img src=\"https:\/\/zamowienia.halmar.pl\/Upload\/d41d8cd98f00b204e9800998ecf8427e\/1e6661971324c59c37f391f2cd1db274.jpeg?131839272578071538\" alt=\"\" \/><\/p>\n","protected":false},"excerpt":{"rendered":"<p>LIBERTY\u00a0komfortowy fotel rozk\u0142adany podn\u00f3\u017cek Opis produktu:wymiary: 81\/79\/105 cm, materia\u0142: eco sk\u00f3ra, kolor: jasny br\u0105z<\/p>\n","protected":false},"featured_media":0,"template":"","meta":[],"_links":{"self":[{"href":"https:\/\/profitstore.pl\/index.php\/wp-json\/wp\/v2\/product\/1134"}],"collection":[{"href":"https:\/\/profitstore.pl\/index.php\/wp-json\/wp\/v2\/product"}],"about":[{"href":"https:\/\/profitstore.pl\/index.php\/wp-json\/wp\/v2\/types\/product"}],"wp:attachment":[{"href":"https:\/\/profitstore.pl\/index.php\/wp-json\/wp\/v2\/media?parent=1134"}],"curies":[{"name":"wp","href":"https:\/\/api.w.org\/{rel}","templated":true}]}}