{"id":11272,"date":"2019-08-01T08:31:38","date_gmt":"2019-08-01T08:31:38","guid":{"rendered":"https:\/\/profitstore.pl\/?post_type=product&#038;p=11272"},"modified":"2020-05-20T15:01:05","modified_gmt":"2020-05-20T15:01:05","slug":"parloy-tropocolagene","status":"publish","type":"product","link":"https:\/\/profitstore.pl\/index.php\/produkt\/parloy-tropocolagene\/","title":{"rendered":"Parloy Tropocolagene"},"content":{"rendered":"<h4>Zaczerpnij ze \u017ar\u00f3d\u0142a m\u0142odo\u015bci dla sk\u00f3ry<\/h4>\n<p>Parloy Tropocolagene\u2122 to spa dla sk\u00f3ry. Krem dzia\u0142a jak specjalistyczne produkty stosowane w profesjonalnych gabinetach, op\u00f3\u017aniaj\u0105c wewn\u0105trzkom\u00f3rkowe procesy starzenia. Z ka\u017cd\u0105 aplikacj\u0105 sk\u00f3ra zostaje pobudzona do wytwarzania naturalnego kolagenu. Taka stymulacja Aktywnym Kolagenem Morskim to nieinwazyjny zastrzyk witalno\u015bci, kt\u00f3rego dzia\u0142anie wida\u0107 ju\u017c po pierwszym u\u017cyciu.<\/p>\n<h4>Shot z kolagenu dla g\u0119sto\u015bci sk\u00f3ry<\/h4>\n<p>Preparat o zaawansowanej formule, pozwalaj\u0105cy zachowa\u0107 m\u0142odo\u015b\u0107 sk\u00f3ry na d\u0142u\u017cej. Zawarto\u015b\u0107 cz\u0105steczek tropolagenu wyzwala naturalne procesy odnowy kom\u00f3rek. Biologicznie czynny kolagen morski spowalnia starzenie, a bogata formu\u0142a kremu od\u017cywia, nawil\u017ca i uj\u0119drnia sk\u00f3r\u0119. Efekty staj\u0105 si\u0119 widoczne go\u0142ym okiem ju\u017c po pierwszej aplikacji serum. Stop grawitacji! Sk\u00f3ra zachowuje spr\u0119\u017cysto\u015b\u0107 i elastyczno\u015b\u0107.<\/p>\n<p>To nie walka z czasem. To wsp\u00f3\u0142praca z natur\u0105.<\/p>\n<h4>Spos\u00f3b u\u017cycia:<\/h4>\n<p>Niewielk\u0105 ilo\u015b\u0107 serum nanie\u015b\u0107 opuszkami palc\u00f3w na oczyszczon\u0105, wilgotn\u0105 sk\u00f3r\u0119 i delikatnie wklepa\u0107, a\u017c do ca\u0142kowitego wch\u0142oni\u0119cia. Produkt wykazuje pe\u0142ni\u0119 swoich mo\u017cliwo\u015bci w nocy, regeneruj\u0105c sk\u00f3r\u0119 i wspieraj\u0105c jej odnow\u0119 podczas snu. Dzi\u0119ki temu rano jest nawil\u017cona, elastyczna, j\u0119drna.<\/p>\n<h4>Przechowywanie:<\/h4>\n<p>Ze wzgl\u0119du na zawarto\u015b\u0107 delikatnego Aktywnego Kolagenu Morskiego, kosmetyk nale\u017cy trzyma\u0107 szczelnie zamkni\u0119ty, z dala od \u015bwiat\u0142a i w temperaturze do 25\u00b0C. Tylko wtedy zachowuje swoje w\u0142a\u015bciwo\u015bci.<\/p>\n<h4>Ostrze\u017cenia:<\/h4>\n<p>Produkt do stosowania zewn\u0119trznego. Nie nale\u017cy u\u017cywa\u0107 w przypadku uczulenia na kt\u00f3rykolwiek ze sk\u0142adnik\u00f3w. \u0141\u0105czenie w tym samym czasie krem\u00f3w i innych produkt\u00f3w o podobnym sk\u0142adzie, mo\u017ce zablokowa\u0107 lub os\u0142abia\u0107 ich dzia\u0142anie. Termin wa\u017cno\u015bci dotyczy tylko produktu przechowywanego we w\u0142a\u015bciwy spos\u00f3b. Nie stosowa\u0107, je\u017celi opakowanie jest uszkodzone lub up\u0142yn\u0119\u0142a data wa\u017cno\u015bci. Nie po\u0142yka\u0107. Nie nak\u0142ada\u0107 na rany. Produkt niedost\u0119pny dla dzieci.<\/p>\n<p><img loading=\"lazy\" class=\"wp-image-22984 alignright\" src=\"https:\/\/profitstore.pl\/wp-content\/uploads\/2019\/08\/fulminan-2336697_640-300x212.jpg\" alt=\"parloy\" width=\"200\" height=\"141\" srcset=\"https:\/\/profitstore.pl\/wp-content\/uploads\/2019\/08\/fulminan-2336697_640-300x212.jpg 300w, https:\/\/profitstore.pl\/wp-content\/uploads\/2019\/08\/fulminan-2336697_640-416x294.jpg 416w, https:\/\/profitstore.pl\/wp-content\/uploads\/2019\/08\/fulminan-2336697_640.jpg 640w\" sizes=\"(max-width: 200px) 100vw, 200px\" \/>Kolagen zawarty w <strong>parloy <\/strong>wzmacnia nasz organizm na r\u00f3\u017cnych poziomach. Sprawia, \u017ce nasza sk\u00f3ra, w\u0142osy, a tak\u017ce ca\u0142y organizm s\u0105 w lepszym stanie. Z wiekiem nasza sk\u00f3ra staje si\u0119 bardziej wiotka, mniej elastyczna. Pojawiaj\u0105 si\u0119 zmarszczki. Wed\u0142ug bada\u0144 pierwsze zmiany mo\u017cemy zauwa\u017cy\u0107 oko\u0142o 26 roku \u017cycia. Zwi\u0119kszenie ilo\u015bci kolagenu jakie zapewnia <strong>parloy <\/strong>mo\u017ce pom\u00f3c naszej sk\u00f3rze wygl\u0105da\u0107 j\u0119drniej, poprawi\u0107 jej elastyczno\u015b\u0107 oraz poziom jej nawil\u017cenia. W\u0142a\u015bciwo\u015bci kolagenu zawartego w <strong>parloy <\/strong>sprawiaj\u0105, \u017ce jest on jednym z najbardziej skutecznych, naturalnych sk\u0142adnik\u00f3w do piel\u0119gnacji twarzy. Dodatkowo kolagen redukuje cellulit oraz rozst\u0119py. <strong>Parloy <\/strong>nadaj si\u0119 do u\u017cywania na sk\u00f3rze wra\u017cliwej, atopowej, a tak\u017ce naczyniowej. Przez wzgl\u0105d na zdolno\u015b\u0107 do reagowania sk\u00f3ry, kolagen sprawi si\u0119 tak\u017ce w piel\u0119gnacji sk\u00f3ry tr\u0105dzikowej. Pomaga w wyr\u00f3wnaniu ilo\u015bci wydzielanego \u0142oju, nawil\u017ca sk\u00f3r\u0119, wyr\u00f3wnuje jej koloryt, a tak\u017ce wyg\u0142adza blizny tr\u0105dzikowe.<\/p>\n","protected":false},"excerpt":{"rendered":"<p>Zaczerpnij ze \u017ar\u00f3d\u0142a m\u0142odo\u015bci dla sk\u00f3ry Parloy Tropocolagene\u2122 to spa dla sk\u00f3ry. Krem dzia\u0142a jak specjalistyczne produkty stosowane w profesjonalnych gabinetach, op\u00f3\u017aniaj\u0105c wewn\u0105trzkom\u00f3rkowe procesy starzenia. Z ka\u017cd\u0105 aplikacj\u0105 sk\u00f3ra zostaje pobudzona do wytwarzania naturalnego kolagenu. Taka stymulacja Aktywnym Kolagenem Morskim to nieinwazyjny zastrzyk witalno\u015bci, kt\u00f3rego dzia\u0142anie wida\u0107 ju\u017c po pierwszym u\u017cyciu. Shot z kolagenu dla [&hellip;]<\/p>\n","protected":false},"featured_media":0,"template":"","meta":[],"_links":{"self":[{"href":"https:\/\/profitstore.pl\/index.php\/wp-json\/wp\/v2\/product\/11272"}],"collection":[{"href":"https:\/\/profitstore.pl\/index.php\/wp-json\/wp\/v2\/product"}],"about":[{"href":"https:\/\/profitstore.pl\/index.php\/wp-json\/wp\/v2\/types\/product"}],"wp:attachment":[{"href":"https:\/\/profitstore.pl\/index.php\/wp-json\/wp\/v2\/media?parent=11272"}],"curies":[{"name":"wp","href":"https:\/\/api.w.org\/{rel}","templated":true}]}}