{"id":111851,"date":"2026-04-06T16:00:29","date_gmt":"2026-04-06T16:00:29","guid":{"rendered":"https:\/\/profitstore.pl\/index.php\/produkt\/lawka-na-wanne-z-regulowana-szerokoscia\/"},"modified":"2026-04-06T16:00:29","modified_gmt":"2026-04-06T16:00:29","slug":"lawka-na-wanne-z-regulowana-szerokoscia","status":"publish","type":"product","link":"https:\/\/profitstore.pl\/index.php\/produkt\/lawka-na-wanne-z-regulowana-szerokoscia\/","title":{"rendered":"\u0141awka na wann\u0119 z regulowan\u0105 szeroko\u015bci\u0105"},"content":{"rendered":"","protected":false},"excerpt":{"rendered":"<p>Osobom, kt\u00f3re borykaj\u0105 si\u0119 z codzienn\u0105 toalet\u0105 , oferujemy prost\u0105 i wygodn\u0105 \u0142awk\u0119 wannow\u0105 z regulowan\u0105 szeroko\u015bci\u0105 . \u0141awka na\u00a0 wann\u0119 umo\u017cliwia sprawne umycie ca\u0142ego cia\u0142a i skorzystanie z natrysku w wannie nawet osobom z ograniczon\u0105 sprawno\u015bci\u0105,<\/p>\n","protected":false},"featured_media":111852,"template":"","meta":[],"_links":{"self":[{"href":"https:\/\/profitstore.pl\/index.php\/wp-json\/wp\/v2\/product\/111851"}],"collection":[{"href":"https:\/\/profitstore.pl\/index.php\/wp-json\/wp\/v2\/product"}],"about":[{"href":"https:\/\/profitstore.pl\/index.php\/wp-json\/wp\/v2\/types\/product"}],"wp:featuredmedia":[{"embeddable":true,"href":"https:\/\/profitstore.pl\/index.php\/wp-json\/wp\/v2\/media\/111852"}],"wp:attachment":[{"href":"https:\/\/profitstore.pl\/index.php\/wp-json\/wp\/v2\/media?parent=111851"}],"curies":[{"name":"wp","href":"https:\/\/api.w.org\/{rel}","templated":true}]}}