{"id":110498,"date":"2026-04-13T16:01:50","date_gmt":"2026-04-13T16:01:50","guid":{"rendered":"https:\/\/profitstore.pl\/index.php\/produkt\/ruchoma-podstawa-do-czajnika\/"},"modified":"2026-04-13T16:01:51","modified_gmt":"2026-04-13T16:01:51","slug":"ruchoma-podstawa-do-czajnika","status":"publish","type":"product","link":"https:\/\/profitstore.pl\/index.php\/produkt\/ruchoma-podstawa-do-czajnika\/","title":{"rendered":"Ruchoma podstawa do czajnika"},"content":{"rendered":"","protected":false},"excerpt":{"rendered":"<p>Ruchoma podstawka do czajnika to niezast\u0105piona pomoc kuchenna dla os\u00f3b z ograniczon\u0105 sprawno\u015bci\u0105 fizyczn\u0105. Dzi\u0119ki niej podczas korzystania z czajnika znacznie zmniejsza\u00a0 si\u0119 obci\u0105\u017cenie nadgarstka i zapewnia bezpieczne i wygodne nalewania p\u0142ynu.<\/p>\n","protected":false},"featured_media":112055,"template":"","meta":[],"_links":{"self":[{"href":"https:\/\/profitstore.pl\/index.php\/wp-json\/wp\/v2\/product\/110498"}],"collection":[{"href":"https:\/\/profitstore.pl\/index.php\/wp-json\/wp\/v2\/product"}],"about":[{"href":"https:\/\/profitstore.pl\/index.php\/wp-json\/wp\/v2\/types\/product"}],"wp:featuredmedia":[{"embeddable":true,"href":"https:\/\/profitstore.pl\/index.php\/wp-json\/wp\/v2\/media\/112055"}],"wp:attachment":[{"href":"https:\/\/profitstore.pl\/index.php\/wp-json\/wp\/v2\/media?parent=110498"}],"curies":[{"name":"wp","href":"https:\/\/api.w.org\/{rel}","templated":true}]}}