{"id":110485,"date":"2026-04-06T16:00:48","date_gmt":"2026-04-06T16:00:48","guid":{"rendered":"https:\/\/profitstore.pl\/index.php\/produkt\/wodoodporny-pokrowiec-na-materac\/"},"modified":"2026-04-06T16:00:49","modified_gmt":"2026-04-06T16:00:49","slug":"wodoodporny-pokrowiec-na-materac","status":"publish","type":"product","link":"https:\/\/profitstore.pl\/index.php\/produkt\/wodoodporny-pokrowiec-na-materac\/","title":{"rendered":"Wodoodporny pokrowiec na materac"},"content":{"rendered":"","protected":false},"excerpt":{"rendered":"<p>Doskona\u0142ej jako\u015bci, a przy tym trwa\u0142y pokrowiec na materac do \u0142\u00f3\u017cka. \u0141atwy w utrzymaniu w czysto\u015bci, mo\u017cliwo\u015b\u0107 prania.<\/p>\n","protected":false},"featured_media":112034,"template":"","meta":[],"_links":{"self":[{"href":"https:\/\/profitstore.pl\/index.php\/wp-json\/wp\/v2\/product\/110485"}],"collection":[{"href":"https:\/\/profitstore.pl\/index.php\/wp-json\/wp\/v2\/product"}],"about":[{"href":"https:\/\/profitstore.pl\/index.php\/wp-json\/wp\/v2\/types\/product"}],"wp:featuredmedia":[{"embeddable":true,"href":"https:\/\/profitstore.pl\/index.php\/wp-json\/wp\/v2\/media\/112034"}],"wp:attachment":[{"href":"https:\/\/profitstore.pl\/index.php\/wp-json\/wp\/v2\/media?parent=110485"}],"curies":[{"name":"wp","href":"https:\/\/api.w.org\/{rel}","templated":true}]}}