{"id":110475,"date":"2026-04-13T16:01:42","date_gmt":"2026-04-13T16:01:42","guid":{"rendered":"https:\/\/profitstore.pl\/index.php\/produkt\/przyrzad-do-zakladania-skarpet-terry-2\/"},"modified":"2026-04-13T16:01:43","modified_gmt":"2026-04-13T16:01:43","slug":"przyrzad-do-zakladania-skarpet-terry-2","status":"publish","type":"product","link":"https:\/\/profitstore.pl\/index.php\/produkt\/przyrzad-do-zakladania-skarpet-terry-2\/","title":{"rendered":"Przyrz\u0105d do zak\u0142adania skarpet Terry"},"content":{"rendered":"","protected":false},"excerpt":{"rendered":"<p>Za pomoc\u0105 przyrz\u0105du do zak\u0142adania skarpetek\/po\u0144czoch osoby z ograniczon\u0105 sprawno\u015bci\u0105 ruchow\u0105 s\u0105 w stanie samodzielnie za\u0142o\u017cy\u0107 skarpety. Unikaj\u0105 niepotrzebnego pochylania si\u0119 i zginania nogi. Terry szczeg\u00f3lnie polecany jest osobom z b\u00f3lem kr\u0119gos\u0142upa, maj\u0105cym problemy ze stawem biodrowym, maj\u0105cym nadwag\u0119. Umo\u017cliwia nak\u0142adanie skarpet osobom z jedn\u0105 tylko sprawn\u0105 r\u0119k\u0105.<\/p>\n","protected":false},"featured_media":112021,"template":"","meta":[],"_links":{"self":[{"href":"https:\/\/profitstore.pl\/index.php\/wp-json\/wp\/v2\/product\/110475"}],"collection":[{"href":"https:\/\/profitstore.pl\/index.php\/wp-json\/wp\/v2\/product"}],"about":[{"href":"https:\/\/profitstore.pl\/index.php\/wp-json\/wp\/v2\/types\/product"}],"wp:featuredmedia":[{"embeddable":true,"href":"https:\/\/profitstore.pl\/index.php\/wp-json\/wp\/v2\/media\/112021"}],"wp:attachment":[{"href":"https:\/\/profitstore.pl\/index.php\/wp-json\/wp\/v2\/media?parent=110475"}],"curies":[{"name":"wp","href":"https:\/\/api.w.org\/{rel}","templated":true}]}}