{"id":110460,"date":"2025-05-05T16:00:50","date_gmt":"2025-05-05T16:00:50","guid":{"rendered":"https:\/\/profitstore.pl\/index.php\/produkt\/przyrzad-do-wyjmowania-tabletek-b-2\/"},"modified":"2025-05-05T16:00:50","modified_gmt":"2025-05-05T16:00:50","slug":"przyrzad-do-wyjmowania-tabletek-b-2","status":"publish","type":"product","link":"https:\/\/profitstore.pl\/index.php\/produkt\/przyrzad-do-wyjmowania-tabletek-b-2\/","title":{"rendered":"Przyrz\u0105d do wyjmowania tabletek B"},"content":{"rendered":"","protected":false},"excerpt":{"rendered":"<p>Przyrz\u0105d do wyjmowania lek\u00f3w u\u0142atwia otwieranie szczelnie zapiecz\u0119towanych \u201elistk\u00f3w\u201d z tabletkami.<\/p>\n","protected":false},"featured_media":111998,"template":"","meta":[],"_links":{"self":[{"href":"https:\/\/profitstore.pl\/index.php\/wp-json\/wp\/v2\/product\/110460"}],"collection":[{"href":"https:\/\/profitstore.pl\/index.php\/wp-json\/wp\/v2\/product"}],"about":[{"href":"https:\/\/profitstore.pl\/index.php\/wp-json\/wp\/v2\/types\/product"}],"wp:featuredmedia":[{"embeddable":true,"href":"https:\/\/profitstore.pl\/index.php\/wp-json\/wp\/v2\/media\/111998"}],"wp:attachment":[{"href":"https:\/\/profitstore.pl\/index.php\/wp-json\/wp\/v2\/media?parent=110460"}],"curies":[{"name":"wp","href":"https:\/\/api.w.org\/{rel}","templated":true}]}}