{"id":110442,"date":"2026-04-06T16:00:43","date_gmt":"2026-04-06T16:00:43","guid":{"rendered":"https:\/\/profitstore.pl\/index.php\/produkt\/pieluchomajtki-molicare-premium-slip-6-kropli\/"},"modified":"2026-04-06T16:00:43","modified_gmt":"2026-04-06T16:00:43","slug":"pieluchomajtki-molicare-premium-slip-6-kropli","status":"publish","type":"product","link":"https:\/\/profitstore.pl\/index.php\/produkt\/pieluchomajtki-molicare-premium-slip-6-kropli\/","title":{"rendered":"Pieluchomajtki MoliCare Premium Slip (6 kropli)"},"content":{"rendered":"","protected":false},"excerpt":{"rendered":"<p>Pieluchomajtki dla os\u00f3b nietrzymaj\u0105cych moczu z ultra ch\u0142onnym wk\u0142adem, o anatomicznym kszta\u0142cie, wykonane z w\u0142\u00f3kniny Air Active przepuszczaj\u0105cej powietrze i par\u0119 wodn\u0105.<br \/>\nDost\u0119pne w 5 rozmiarach. W opakowaniu znajduje si\u0119 30 sztuk pieluch (XL &#8211; 14 szt.)<\/p>\n","protected":false},"featured_media":111952,"template":"","meta":[],"_links":{"self":[{"href":"https:\/\/profitstore.pl\/index.php\/wp-json\/wp\/v2\/product\/110442"}],"collection":[{"href":"https:\/\/profitstore.pl\/index.php\/wp-json\/wp\/v2\/product"}],"about":[{"href":"https:\/\/profitstore.pl\/index.php\/wp-json\/wp\/v2\/types\/product"}],"wp:featuredmedia":[{"embeddable":true,"href":"https:\/\/profitstore.pl\/index.php\/wp-json\/wp\/v2\/media\/111952"}],"wp:attachment":[{"href":"https:\/\/profitstore.pl\/index.php\/wp-json\/wp\/v2\/media?parent=110442"}],"curies":[{"name":"wp","href":"https:\/\/api.w.org\/{rel}","templated":true}]}}