{"id":110440,"date":"2026-04-06T16:00:42","date_gmt":"2026-04-06T16:00:42","guid":{"rendered":"https:\/\/profitstore.pl\/index.php\/produkt\/pieluchomajtki-molicare-premium-mobile-6-kropli\/"},"modified":"2026-04-06T16:00:42","modified_gmt":"2026-04-06T16:00:42","slug":"pieluchomajtki-molicare-premium-mobile-6-kropli","status":"publish","type":"product","link":"https:\/\/profitstore.pl\/index.php\/produkt\/pieluchomajtki-molicare-premium-mobile-6-kropli\/","title":{"rendered":"Pieluchomajtki MoliCare Premium Mobile (6 kropli)"},"content":{"rendered":"","protected":false},"excerpt":{"rendered":"<p>Poch\u0142aniaj\u0105 mocz zapewniaj\u0105c such\u0105 sk\u00f3r\u0119. Neutralizuj\u0105 nieprzyjemny zapach. Zapewniaj\u0105 oddychalno\u015b\u0107 na ca\u0142ej powierzchni. Pozwalaj\u0105 na samodzielne korzystanie z toalety.<\/p>\n","protected":false},"featured_media":111948,"template":"","meta":[],"_links":{"self":[{"href":"https:\/\/profitstore.pl\/index.php\/wp-json\/wp\/v2\/product\/110440"}],"collection":[{"href":"https:\/\/profitstore.pl\/index.php\/wp-json\/wp\/v2\/product"}],"about":[{"href":"https:\/\/profitstore.pl\/index.php\/wp-json\/wp\/v2\/types\/product"}],"wp:featuredmedia":[{"embeddable":true,"href":"https:\/\/profitstore.pl\/index.php\/wp-json\/wp\/v2\/media\/111948"}],"wp:attachment":[{"href":"https:\/\/profitstore.pl\/index.php\/wp-json\/wp\/v2\/media?parent=110440"}],"curies":[{"name":"wp","href":"https:\/\/api.w.org\/{rel}","templated":true}]}}