{"id":110425,"date":"2026-01-05T17:00:32","date_gmt":"2026-01-05T17:00:32","guid":{"rendered":"https:\/\/profitstore.pl\/index.php\/produkt\/przescieradlo-nieprzemakalne-z-gumkami-90-140x200-2\/"},"modified":"2026-01-05T17:00:32","modified_gmt":"2026-01-05T17:00:32","slug":"przescieradlo-nieprzemakalne-z-gumkami-90-140x200-2","status":"publish","type":"product","link":"https:\/\/profitstore.pl\/index.php\/produkt\/przescieradlo-nieprzemakalne-z-gumkami-90-140x200-2\/","title":{"rendered":"Prze\u015bcierad\u0142o nieprzemakalne z gumkami 90\/140&#215;200"},"content":{"rendered":"","protected":false},"excerpt":{"rendered":"<p>Prze\u015bcierad\u0142o nieprzemakalne 90\/140 x 200 cm z gumkami <\/p>\n<p>Dzianina poliestrowo-poliuretanowa. Odporna na wielokrotne zginanie. Zawiera \u015brodek bakteriostatyczny. Materia\u0142 nienasi\u0105kliwy o ograniczonej paroprzepuszczalno\u015bci.<\/p>\n","protected":false},"featured_media":111929,"template":"","meta":[],"_links":{"self":[{"href":"https:\/\/profitstore.pl\/index.php\/wp-json\/wp\/v2\/product\/110425"}],"collection":[{"href":"https:\/\/profitstore.pl\/index.php\/wp-json\/wp\/v2\/product"}],"about":[{"href":"https:\/\/profitstore.pl\/index.php\/wp-json\/wp\/v2\/types\/product"}],"wp:featuredmedia":[{"embeddable":true,"href":"https:\/\/profitstore.pl\/index.php\/wp-json\/wp\/v2\/media\/111929"}],"wp:attachment":[{"href":"https:\/\/profitstore.pl\/index.php\/wp-json\/wp\/v2\/media?parent=110425"}],"curies":[{"name":"wp","href":"https:\/\/api.w.org\/{rel}","templated":true}]}}