{"id":110409,"date":"2026-04-06T16:00:37","date_gmt":"2026-04-06T16:00:37","guid":{"rendered":"https:\/\/profitstore.pl\/index.php\/produkt\/laweczka-na-wanne-plus-2\/"},"modified":"2026-04-06T16:00:37","modified_gmt":"2026-04-06T16:00:37","slug":"laweczka-na-wanne-plus-2","status":"publish","type":"product","link":"https:\/\/profitstore.pl\/index.php\/produkt\/laweczka-na-wanne-plus-2\/","title":{"rendered":"\u0141aweczka na wann\u0119 Plus"},"content":{"rendered":"","protected":false},"excerpt":{"rendered":"<p>\u0141aweczka wannowa model \u201ePlus\u201d, z niebieskim uchwytem.\u00a0 \u0141aweczka \u201ePlus\u201d wykonana jest z bia\u0142ego, estetycznego i trwa\u0142ego tworzywa.<\/p>\n","protected":false},"featured_media":111906,"template":"","meta":[],"_links":{"self":[{"href":"https:\/\/profitstore.pl\/index.php\/wp-json\/wp\/v2\/product\/110409"}],"collection":[{"href":"https:\/\/profitstore.pl\/index.php\/wp-json\/wp\/v2\/product"}],"about":[{"href":"https:\/\/profitstore.pl\/index.php\/wp-json\/wp\/v2\/types\/product"}],"wp:featuredmedia":[{"embeddable":true,"href":"https:\/\/profitstore.pl\/index.php\/wp-json\/wp\/v2\/media\/111906"}],"wp:attachment":[{"href":"https:\/\/profitstore.pl\/index.php\/wp-json\/wp\/v2\/media?parent=110409"}],"curies":[{"name":"wp","href":"https:\/\/api.w.org\/{rel}","templated":true}]}}