{"id":110369,"date":"2025-12-08T17:00:59","date_gmt":"2025-12-08T17:00:59","guid":{"rendered":"https:\/\/profitstore.pl\/index.php\/produkt\/wozek-prysznicowo-toaletowy-aluminiowy-2\/"},"modified":"2025-12-08T17:00:59","modified_gmt":"2025-12-08T17:00:59","slug":"wozek-prysznicowo-toaletowy-aluminiowy-2","status":"publish","type":"product","link":"https:\/\/profitstore.pl\/index.php\/produkt\/wozek-prysznicowo-toaletowy-aluminiowy-2\/","title":{"rendered":"W\u00f3zek prysznicowo-toaletowy aluminiowy"},"content":{"rendered":"","protected":false},"excerpt":{"rendered":"<p>W\u00f3zek prysznicowo-toaletowy aluminiowy z wy\u015bcie\u0142anym oparciem i siedziskiem. Wyposa\u017cony w pod\u0142okietniki oraz podn\u00f3\u017cki odchylane, u\u0142atwiaj\u0105ce wsiadanie do w\u00f3zka.<\/p>\n","protected":false},"featured_media":111843,"template":"","meta":[],"_links":{"self":[{"href":"https:\/\/profitstore.pl\/index.php\/wp-json\/wp\/v2\/product\/110369"}],"collection":[{"href":"https:\/\/profitstore.pl\/index.php\/wp-json\/wp\/v2\/product"}],"about":[{"href":"https:\/\/profitstore.pl\/index.php\/wp-json\/wp\/v2\/types\/product"}],"wp:featuredmedia":[{"embeddable":true,"href":"https:\/\/profitstore.pl\/index.php\/wp-json\/wp\/v2\/media\/111843"}],"wp:attachment":[{"href":"https:\/\/profitstore.pl\/index.php\/wp-json\/wp\/v2\/media?parent=110369"}],"curies":[{"name":"wp","href":"https:\/\/api.w.org\/{rel}","templated":true}]}}