{"id":110345,"date":"2025-11-24T17:00:34","date_gmt":"2025-11-24T17:00:34","guid":{"rendered":"https:\/\/profitstore.pl\/index.php\/produkt\/taboret-do-wanny-2\/"},"modified":"2025-11-24T17:00:34","modified_gmt":"2025-11-24T17:00:34","slug":"taboret-do-wanny-2","status":"publish","type":"product","link":"https:\/\/profitstore.pl\/index.php\/produkt\/taboret-do-wanny-2\/","title":{"rendered":"Taboret do wanny"},"content":{"rendered":"","protected":false},"excerpt":{"rendered":"<p>Taboret mo\u017ce by\u0107 stosowany tak\u017ce jako stopie\u0144 u\u0142atwiaj\u0105cy wyj\u015bcie z wanny. Posiada regulowan\u0105 wysoko\u015b\u0107 od 26 do 31cm.<\/p>\n","protected":false},"featured_media":111813,"template":"","meta":[],"_links":{"self":[{"href":"https:\/\/profitstore.pl\/index.php\/wp-json\/wp\/v2\/product\/110345"}],"collection":[{"href":"https:\/\/profitstore.pl\/index.php\/wp-json\/wp\/v2\/product"}],"about":[{"href":"https:\/\/profitstore.pl\/index.php\/wp-json\/wp\/v2\/types\/product"}],"wp:featuredmedia":[{"embeddable":true,"href":"https:\/\/profitstore.pl\/index.php\/wp-json\/wp\/v2\/media\/111813"}],"wp:attachment":[{"href":"https:\/\/profitstore.pl\/index.php\/wp-json\/wp\/v2\/media?parent=110345"}],"curies":[{"name":"wp","href":"https:\/\/api.w.org\/{rel}","templated":true}]}}