{"id":110332,"date":"2026-03-30T16:00:38","date_gmt":"2026-03-30T16:00:38","guid":{"rendered":"https:\/\/profitstore.pl\/index.php\/produkt\/krzeselko-prysznicowe-skladane-blue-2\/"},"modified":"2026-03-30T16:00:38","modified_gmt":"2026-03-30T16:00:38","slug":"krzeselko-prysznicowe-skladane-blue-2","status":"publish","type":"product","link":"https:\/\/profitstore.pl\/index.php\/produkt\/krzeselko-prysznicowe-skladane-blue-2\/","title":{"rendered":"Krzese\u0142ko prysznicowe sk\u0142adane BLUE"},"content":{"rendered":"","protected":false},"excerpt":{"rendered":"<p>Krzese\u0142ko prysznicowe sk\u0142adane z oparciem i z regulacj\u0105 wysoko\u015bci od 42 do 46cm. Krzese\u0142ko wyposa\u017cone jest w otwory odprowadzaj\u0105ce wod\u0119 oraz mi\u0119kk\u0105 nak\u0142adk\u0119 piankow\u0105 antypo\u015blizgow\u0105, zapewniaj\u0105c\u0105 wysoki komfort. Wykonane z aluminium oraz tworzywa jest w pe\u0142ni odporne na korozj\u0119.<\/p>\n","protected":false},"featured_media":111797,"template":"","meta":[],"_links":{"self":[{"href":"https:\/\/profitstore.pl\/index.php\/wp-json\/wp\/v2\/product\/110332"}],"collection":[{"href":"https:\/\/profitstore.pl\/index.php\/wp-json\/wp\/v2\/product"}],"about":[{"href":"https:\/\/profitstore.pl\/index.php\/wp-json\/wp\/v2\/types\/product"}],"wp:featuredmedia":[{"embeddable":true,"href":"https:\/\/profitstore.pl\/index.php\/wp-json\/wp\/v2\/media\/111797"}],"wp:attachment":[{"href":"https:\/\/profitstore.pl\/index.php\/wp-json\/wp\/v2\/media?parent=110332"}],"curies":[{"name":"wp","href":"https:\/\/api.w.org\/{rel}","templated":true}]}}