{"id":110311,"date":"2025-11-24T17:00:23","date_gmt":"2025-11-24T17:00:23","guid":{"rendered":"https:\/\/profitstore.pl\/index.php\/produkt\/zgniatacz-do-tabletek-kruszarka-3\/"},"modified":"2025-11-24T17:00:23","modified_gmt":"2025-11-24T17:00:23","slug":"zgniatacz-do-tabletek-kruszarka-3","status":"publish","type":"product","link":"https:\/\/profitstore.pl\/index.php\/produkt\/zgniatacz-do-tabletek-kruszarka-3\/","title":{"rendered":"Zgniatacz do tabletek- kruszarka"},"content":{"rendered":"","protected":false},"excerpt":{"rendered":"<p>Zgniatacz do tabletek to idealne rozwi\u0105zanie dla os\u00f3b o ograniczonej sprawno\u015bci i sile w d\u0142oniach. Ergonomiczna, wyprofilowana obudowa zapewnia pewny, silny chwyt obu cz\u0119\u015bci urz\u0105dzenia. Przezroczyste dno pozwala sprawdzi\u0107 czy lek jest ju\u017c odpowiednio przygotowany do podania choremu.W obudow\u0119 wbudowany jest zamykany pojemnik na leki.\u00a0<\/p>\n","protected":false},"featured_media":111764,"template":"","meta":[],"_links":{"self":[{"href":"https:\/\/profitstore.pl\/index.php\/wp-json\/wp\/v2\/product\/110311"}],"collection":[{"href":"https:\/\/profitstore.pl\/index.php\/wp-json\/wp\/v2\/product"}],"about":[{"href":"https:\/\/profitstore.pl\/index.php\/wp-json\/wp\/v2\/types\/product"}],"wp:featuredmedia":[{"embeddable":true,"href":"https:\/\/profitstore.pl\/index.php\/wp-json\/wp\/v2\/media\/111764"}],"wp:attachment":[{"href":"https:\/\/profitstore.pl\/index.php\/wp-json\/wp\/v2\/media?parent=110311"}],"curies":[{"name":"wp","href":"https:\/\/api.w.org\/{rel}","templated":true}]}}