{"id":110309,"date":"2026-02-09T17:01:19","date_gmt":"2026-02-09T17:01:19","guid":{"rendered":"https:\/\/profitstore.pl\/index.php\/produkt\/nakladka-z-otworem-na-siedzisko-do-wozka-clean-2\/"},"modified":"2026-02-09T17:01:20","modified_gmt":"2026-02-09T17:01:20","slug":"nakladka-z-otworem-na-siedzisko-do-wozka-clean-2","status":"publish","type":"product","link":"https:\/\/profitstore.pl\/index.php\/produkt\/nakladka-z-otworem-na-siedzisko-do-wozka-clean-2\/","title":{"rendered":"Nak\u0142adka z otworem na siedzisko do w\u00f3zka CLEAN"},"content":{"rendered":"","protected":false},"excerpt":{"rendered":"<p>Mi\u0119kka nak\u0142adka z otworem do w\u00f3zka toaletowo- prysznicowego CLEAN znacznie wp\u0142ywa na podniesienie komfortu korzystania z produktu.<\/p>\n","protected":false},"featured_media":111761,"template":"","meta":[],"_links":{"self":[{"href":"https:\/\/profitstore.pl\/index.php\/wp-json\/wp\/v2\/product\/110309"}],"collection":[{"href":"https:\/\/profitstore.pl\/index.php\/wp-json\/wp\/v2\/product"}],"about":[{"href":"https:\/\/profitstore.pl\/index.php\/wp-json\/wp\/v2\/types\/product"}],"wp:featuredmedia":[{"embeddable":true,"href":"https:\/\/profitstore.pl\/index.php\/wp-json\/wp\/v2\/media\/111761"}],"wp:attachment":[{"href":"https:\/\/profitstore.pl\/index.php\/wp-json\/wp\/v2\/media?parent=110309"}],"curies":[{"name":"wp","href":"https:\/\/api.w.org\/{rel}","templated":true}]}}